{"id":31819,"date":"2005-12-05T00:00:00","date_gmt":"2005-12-04T23:00:00","guid":{"rendered":"http:\/\/www.grappa.no\/no\/albums\/ukategorisert\/marte-og-mormor-og-mormor-og-morten-4cd\/"},"modified":"2019-01-11T16:18:28","modified_gmt":"2019-01-11T15:18:28","slug":"marte-og-mormor-og-mormor-og-morten-4cd","status":"publish","type":"product","link":"https:\/\/grappa.no\/no\/albums\/barne\/marte-og-mormor-og-mormor-og-morten-4cd\/","title":{"rendered":"MARTE OG MORMOR OG MORMOR OG MORTEN [4CD]"},"content":{"rendered":"<p><\/p>\n<p>Marte og mormor og mormor og Morten<\/p>\n<p>Dette er tredje lydbok i serien om mormor og de \u00e5tte ungene. Den har 4 CD-er og leses av Anne-Cath. Vestly. <\/p>\n<p>Kjenner du huset i skogen og alle som bor der? N\u00e5 er det h\u00f8st, og Marte og mormor synes m\u00f8rket er veldig skummelt! Den store familien kan for f\u00f8rste gang feire jul og nytt\u00e5r i huset sitt. Nytt\u00e5rsaften spiser de gr\u00f8t, og oppi den gr\u00f8ten er det en eneste mandel. Den som f\u00e5r mandelen kan \u00f8nske seg noe. Hvem tror du f\u00e5r \u00f8nsket sitt oppfylt?<\/p>\n<p>P\u00e5skeferien n\u00e6rmer seg, og mormor begynner \u00e5 lengte etter \u00e5 komme seg p\u00e5 fjellet. Det smitter over p\u00e5 de andre ogs\u00e5, enda de nesten ikke vet hva fjellet er. Mormor ordner opp og det blir fjelltur p\u00e5 alle sammen.<\/p>\n<p><!--more--><\/p>\n<h4><\/h4>\n<\/p>\n<h4><\/h4>\n<p><h4><\/h4>\n<\/p>\n<p><\/p>","protected":false},"excerpt":{"rendered":"<p>Tredje lydbok i serien om mormor og de \u00e5tte ungene.<\/p>\n","protected":false},"featured_media":31844,"comment_status":"closed","ping_status":"open","template":"","meta":[],"product_brand":[],"product_cat":[15],"product_tag":[],"class_list":{"0":"post-31819","1":"product","2":"type-product","3":"status-publish","4":"has-post-thumbnail","6":"product_cat-barne","7":"product_shipping_class-cddvd-shipping","8":"uni_artist_tag-anne-cath-vestly","9":"uni_artist_tag-jo-vestly","10":"uni_artist_tag-lars-erik-gudim","11":"uni_artist_tag-steinar-larsen","12":"uni_main_artist_tag-anne-cath-vestly","13":"uni_artist_genre-audio-book","14":"uni_artist_genre-children","16":"first","17":"outofstock","18":"taxable","19":"shipping-taxable","20":"purchasable","21":"product-type-simple"},"_links":{"self":[{"href":"https:\/\/grappa.no\/no\/wp-json\/wp\/v2\/product\/31819","targetHints":{"allow":["GET"]}}],"collection":[{"href":"https:\/\/grappa.no\/no\/wp-json\/wp\/v2\/product"}],"about":[{"href":"https:\/\/grappa.no\/no\/wp-json\/wp\/v2\/types\/product"}],"replies":[{"embeddable":true,"href":"https:\/\/grappa.no\/no\/wp-json\/wp\/v2\/comments?post=31819"}],"wp:featuredmedia":[{"embeddable":true,"href":"https:\/\/grappa.no\/no\/wp-json\/wp\/v2\/media\/31844"}],"wp:attachment":[{"href":"https:\/\/grappa.no\/no\/wp-json\/wp\/v2\/media?parent=31819"}],"wp:term":[{"taxonomy":"product_brand","embeddable":true,"href":"https:\/\/grappa.no\/no\/wp-json\/wp\/v2\/product_brand?post=31819"},{"taxonomy":"product_cat","embeddable":true,"href":"https:\/\/grappa.no\/no\/wp-json\/wp\/v2\/product_cat?post=31819"},{"taxonomy":"product_tag","embeddable":true,"href":"https:\/\/grappa.no\/no\/wp-json\/wp\/v2\/product_tag?post=31819"}],"curies":[{"name":"wp","href":"https:\/\/api.w.org\/{rel}","templated":true}]}}