{"id":31816,"date":"2005-06-13T00:00:00","date_gmt":"2005-06-12T23:00:00","guid":{"rendered":"http:\/\/www.grappa.no\/no\/albums\/ukategorisert\/trofaste-knerten-4-cd-lydbok\/"},"modified":"2019-01-11T16:18:27","modified_gmt":"2019-01-11T15:18:27","slug":"trofaste-knerten-4-cd-lydbok","status":"publish","type":"product","link":"https:\/\/grappa.no\/no\/albums\/barne\/trofaste-knerten-4-cd-lydbok\/","title":{"rendered":"TROFASTE KNERTEN  [4 CD LYDBOK]"},"content":{"rendered":"<p><\/p>\n<p>Trofaste Knerten<\/p>\n<p>Dette er den andre lydboken i serien om Knerten, som Anne-Cath. Vestly leser selv. Lydboken har 4 CD-er. Den f\u00f8rste lydboken om Knerten het Lillebror og Knerten.<\/p>\n<p>I denne lydboken er Lillebror og Knerten med mor til butikken p\u00e5 Gampetreff. Hun jobber der, og Knerten og Lillebror forstyrrer henne nesten aldri n\u00e5r hun er butikkdame. Vi skal p\u00e5 bes\u00f8k til prinsessen, eller Vesla som hun heter til hverdags. Storebror Phillip strever med en stil han har p\u00e5 skolen. Lillebror pr\u00f8ver dessverre \u00e5 hjelpe ham litt, og da blir Phillip s\u00e5 morsk at det er like f\u00f8r Lillebror tror han m\u00e5 flytte hjemmefra.<\/p>\n<p><!--more--><\/p>\n<h4><\/h4>\n<\/p>\n<h4><\/h4>\n<p><h4><\/h4>\n<\/p>\n<p><\/p>","protected":false},"excerpt":{"rendered":"<p>Dette er den andre lydboken i serien om Knerten, som Anne-Cath. Vestly leser selv.<\/p>\n","protected":false},"featured_media":31841,"comment_status":"closed","ping_status":"open","template":"","meta":[],"product_brand":[],"product_cat":[15],"product_tag":[],"class_list":{"0":"post-31816","1":"product","2":"type-product","3":"status-publish","4":"has-post-thumbnail","6":"product_cat-barne","7":"product_shipping_class-cddvd-shipping","8":"uni_artist_tag-anne-cath-vestly","9":"uni_artist_tag-steinar-larsen","10":"uni_main_artist_tag-anne-cath-vestly","11":"uni_artist_genre-audio-book","12":"uni_artist_genre-children","14":"first","15":"outofstock","16":"taxable","17":"shipping-taxable","18":"purchasable","19":"product-type-simple"},"_links":{"self":[{"href":"https:\/\/grappa.no\/no\/wp-json\/wp\/v2\/product\/31816","targetHints":{"allow":["GET"]}}],"collection":[{"href":"https:\/\/grappa.no\/no\/wp-json\/wp\/v2\/product"}],"about":[{"href":"https:\/\/grappa.no\/no\/wp-json\/wp\/v2\/types\/product"}],"replies":[{"embeddable":true,"href":"https:\/\/grappa.no\/no\/wp-json\/wp\/v2\/comments?post=31816"}],"wp:featuredmedia":[{"embeddable":true,"href":"https:\/\/grappa.no\/no\/wp-json\/wp\/v2\/media\/31841"}],"wp:attachment":[{"href":"https:\/\/grappa.no\/no\/wp-json\/wp\/v2\/media?parent=31816"}],"wp:term":[{"taxonomy":"product_brand","embeddable":true,"href":"https:\/\/grappa.no\/no\/wp-json\/wp\/v2\/product_brand?post=31816"},{"taxonomy":"product_cat","embeddable":true,"href":"https:\/\/grappa.no\/no\/wp-json\/wp\/v2\/product_cat?post=31816"},{"taxonomy":"product_tag","embeddable":true,"href":"https:\/\/grappa.no\/no\/wp-json\/wp\/v2\/product_tag?post=31816"}],"curies":[{"name":"wp","href":"https:\/\/api.w.org\/{rel}","templated":true}]}}