{"id":31815,"date":"2005-06-13T00:00:00","date_gmt":"2005-06-12T23:00:00","guid":{"rendered":"http:\/\/www.grappa.no\/no\/albums\/ukategorisert\/mormor-og-de-atte-ungene-i-skogen-4-cd-lydbok\/"},"modified":"2019-01-11T16:18:26","modified_gmt":"2019-01-11T15:18:26","slug":"mormor-og-de-atte-ungene-i-skogen-4-cd-lydbok","status":"publish","type":"product","link":"https:\/\/grappa.no\/no\/albums\/barne\/mormor-og-de-atte-ungene-i-skogen-4-cd-lydbok\/","title":{"rendered":"MORMOR OG DE \u00c5TTE UNGENE I SKOGEN  [4 CD LYDBOK]"},"content":{"rendered":"<p><\/p>\n<p>Mormor og de \u00e5tte ungene i skogen<\/p>\n<p>Nr. 2 i serien om mormor og de \u00e5tte ungene, p\u00e5 ny lydbok med 4 CD-er. Anne-Cath. Vestly leser selv. Her f\u00e5r vi h\u00f8re at mormor har flyttet til huset i skogen sammen med familien. Den f\u00f8rste lydboken i serien, som het \u00c5tte sm\u00e5, to store og en lastebil, handlet om mor, far og de \u00e5tte ungene mens de bodde i byen. Og mormor kom overraskende p\u00e5 bes\u00f8k. N\u00e5 skal du f\u00e5 h\u00f8re at de \u00e5tte ungene, mor og far, Ovnsr\u00f8ret og mormor blir ordentlig kjent med huset i skogen. Den som blir aller f\u00f8rst kjent med det er lille Morten minstemann. De store ungene begynner p\u00e5 skolen, og der f\u00e5r Mads en ny kamerat. Kanskje \u2013 bare kanskje \u2013 har du h\u00f8rt om ham f\u00f8r.<\/p>\n<p><!--more--><\/p>\n<h4><\/h4>\n<\/p>\n<h4><\/h4>\n<p><h4><\/h4>\n<\/p>\n<p><\/p>","protected":false},"excerpt":{"rendered":"<p>Nr. 2 i serien om mormor og de \u00e5tte ungene, p\u00e5 ny lydbok med 4 CD-er.<\/p>\n","protected":false},"featured_media":31840,"comment_status":"closed","ping_status":"open","template":"","meta":[],"product_brand":[],"product_cat":[15],"product_tag":[],"class_list":{"0":"post-31815","1":"product","2":"type-product","3":"status-publish","4":"has-post-thumbnail","6":"product_cat-barne","7":"product_shipping_class-cddvd-shipping","8":"uni_artist_tag-anne-cath-vestly","9":"uni_artist_tag-jo-vestly","10":"uni_artist_tag-lars-erik-gudim","11":"uni_artist_tag-steinar-larsen","12":"uni_main_artist_tag-anne-cath-vestly","13":"uni_artist_genre-audio-book","14":"uni_artist_genre-children","16":"first","17":"outofstock","18":"taxable","19":"shipping-taxable","20":"purchasable","21":"product-type-simple"},"_links":{"self":[{"href":"https:\/\/grappa.no\/no\/wp-json\/wp\/v2\/product\/31815","targetHints":{"allow":["GET"]}}],"collection":[{"href":"https:\/\/grappa.no\/no\/wp-json\/wp\/v2\/product"}],"about":[{"href":"https:\/\/grappa.no\/no\/wp-json\/wp\/v2\/types\/product"}],"replies":[{"embeddable":true,"href":"https:\/\/grappa.no\/no\/wp-json\/wp\/v2\/comments?post=31815"}],"wp:featuredmedia":[{"embeddable":true,"href":"https:\/\/grappa.no\/no\/wp-json\/wp\/v2\/media\/31840"}],"wp:attachment":[{"href":"https:\/\/grappa.no\/no\/wp-json\/wp\/v2\/media?parent=31815"}],"wp:term":[{"taxonomy":"product_brand","embeddable":true,"href":"https:\/\/grappa.no\/no\/wp-json\/wp\/v2\/product_brand?post=31815"},{"taxonomy":"product_cat","embeddable":true,"href":"https:\/\/grappa.no\/no\/wp-json\/wp\/v2\/product_cat?post=31815"},{"taxonomy":"product_tag","embeddable":true,"href":"https:\/\/grappa.no\/no\/wp-json\/wp\/v2\/product_tag?post=31815"}],"curies":[{"name":"wp","href":"https:\/\/api.w.org\/{rel}","templated":true}]}}