{"id":31814,"date":"2005-03-07T00:00:00","date_gmt":"2005-03-06T23:00:00","guid":{"rendered":"http:\/\/www.grappa.no\/no\/albums\/ukategorisert\/atte-sma-to-store-og-en-lastebil-4-cd-lydbok\/"},"modified":"2016-10-18T14:03:07","modified_gmt":"2016-10-18T13:03:07","slug":"atte-sma-to-store-og-en-lastebil-4-cd-lydbok","status":"publish","type":"product","link":"https:\/\/grappa.no\/no\/albums\/barne\/atte-sma-to-store-og-en-lastebil-4-cd-lydbok\/","title":{"rendered":"\u00c5TTE SM\u00c5, TO STORE OG EN LASTEBIL  [4 CD LYDBOK]"},"content":{"rendered":"<p><\/p>\n<p>\u00c5tte sm\u00e5, to store og en lastebil<\/p>\n<p>Den f\u00f8rste lydboken i Mormor-serien handler om mor, far og de \u00e5tte ungene. Mormor bor p\u00e5 landet, men kommer overraskende p\u00e5 bes\u00f8k til den store byen, hvor hun bl.a. kj\u00f8rer trikk for f\u00f8rste gang. Familien blir kjent med hunden Ovnsr\u00f8ret og noen koselige mennesker, Morten minstemann forsvinner, og far gj\u00f8r en oppdagelse.<\/p>\n<p><!--more--><\/p>\n<h4><\/h4>\n<\/p>\n<h4><\/h4>\n<p><h4><\/h4>\n<\/p>\n<p><\/p>","protected":false},"excerpt":{"rendered":"<p>Den f\u00f8rste lydboken i Mormor-serien!<\/p>\n","protected":false},"featured_media":31839,"comment_status":"closed","ping_status":"open","template":"","meta":[],"product_brand":[],"product_cat":[15],"product_tag":[],"class_list":{"0":"post-31814","1":"product","2":"type-product","3":"status-publish","4":"has-post-thumbnail","6":"product_cat-barne","7":"product_shipping_class-none","8":"uni_artist_tag-anne-cath-vestly","9":"uni_artist_tag-jo-vestly","10":"uni_artist_tag-steinar-larsen","11":"uni_main_artist_tag-anne-cath-vestly","12":"uni_artist_genre-audio-book","13":"uni_artist_genre-children","15":"first","16":"outofstock","17":"taxable","18":"shipping-taxable","19":"product-type-simple"},"_links":{"self":[{"href":"https:\/\/grappa.no\/no\/wp-json\/wp\/v2\/product\/31814","targetHints":{"allow":["GET"]}}],"collection":[{"href":"https:\/\/grappa.no\/no\/wp-json\/wp\/v2\/product"}],"about":[{"href":"https:\/\/grappa.no\/no\/wp-json\/wp\/v2\/types\/product"}],"replies":[{"embeddable":true,"href":"https:\/\/grappa.no\/no\/wp-json\/wp\/v2\/comments?post=31814"}],"wp:featuredmedia":[{"embeddable":true,"href":"https:\/\/grappa.no\/no\/wp-json\/wp\/v2\/media\/31839"}],"wp:attachment":[{"href":"https:\/\/grappa.no\/no\/wp-json\/wp\/v2\/media?parent=31814"}],"wp:term":[{"taxonomy":"product_brand","embeddable":true,"href":"https:\/\/grappa.no\/no\/wp-json\/wp\/v2\/product_brand?post=31814"},{"taxonomy":"product_cat","embeddable":true,"href":"https:\/\/grappa.no\/no\/wp-json\/wp\/v2\/product_cat?post=31814"},{"taxonomy":"product_tag","embeddable":true,"href":"https:\/\/grappa.no\/no\/wp-json\/wp\/v2\/product_tag?post=31814"}],"curies":[{"name":"wp","href":"https:\/\/api.w.org\/{rel}","templated":true}]}}