{"id":31813,"date":"2005-03-07T00:00:00","date_gmt":"2005-03-06T23:00:00","guid":{"rendered":"http:\/\/www.grappa.no\/no\/albums\/ukategorisert\/lillebror-og-knerten-4-cd-lydbok\/"},"modified":"2016-10-18T15:02:02","modified_gmt":"2016-10-18T14:02:02","slug":"lillebror-og-knerten-4-cd-lydbok","status":"publish","type":"product","link":"https:\/\/grappa.no\/no\/albums\/barne\/lillebror-og-knerten-4-cd-lydbok\/","title":{"rendered":"LILLEBROR OG KNERTEN  [4 CD LYDBOK]"},"content":{"rendered":"<p><\/p>\n<p>Lillebror og Knerten<\/p>\n<p>I denne lydboken blir du kjent med en Lillebror f\u00f8rst, s\u00e5 \u00e9n til. Lillebror er en litt ensom gutt, og synes de voksne er s\u00e5 travle og kjedelige som ikke har tid til \u00e5 leke med han. Mor er butikkdame og storebror Phillip g\u00e5r p\u00e5 skolen. Akkurat n\u00e5r Lillebror er ferdig med \u00e5 snekre et spisst, lite, rart hus, ser han bort p\u00e5 noen grener. En av r\u00f8ttene ser ut som et lite menneske med b\u00e5de armer og ben og et lite hode. \u201dDet er nok deg som bor i dette huset, Knerten\u201d, sier Lillebror.<\/p>\n<p><!--more--><\/p>\n<h4><\/h4>\n<\/p>\n<h4><\/h4>\n<p><h4><\/h4>\n<\/p>\n<p><\/p>","protected":false},"excerpt":{"rendered":"<p>I denne lydboken blir du kjent med en Lillebror og Knerten.<\/p>\n","protected":false},"featured_media":31838,"comment_status":"closed","ping_status":"open","template":"","meta":[],"product_brand":[],"product_cat":[15],"product_tag":[],"class_list":{"0":"post-31813","1":"product","2":"type-product","3":"status-publish","4":"has-post-thumbnail","6":"product_cat-barne","7":"product_shipping_class-cddvd-shipping","8":"uni_artist_tag-anne-cath-vestly","9":"uni_artist_tag-jo-vestly","10":"uni_artist_tag-steinar-larsen","11":"uni_main_artist_tag-anne-cath-vestly","12":"uni_artist_genre-audio-book","13":"uni_artist_genre-children","15":"first","16":"outofstock","17":"taxable","18":"shipping-taxable","19":"product-type-simple"},"_links":{"self":[{"href":"https:\/\/grappa.no\/no\/wp-json\/wp\/v2\/product\/31813","targetHints":{"allow":["GET"]}}],"collection":[{"href":"https:\/\/grappa.no\/no\/wp-json\/wp\/v2\/product"}],"about":[{"href":"https:\/\/grappa.no\/no\/wp-json\/wp\/v2\/types\/product"}],"replies":[{"embeddable":true,"href":"https:\/\/grappa.no\/no\/wp-json\/wp\/v2\/comments?post=31813"}],"wp:featuredmedia":[{"embeddable":true,"href":"https:\/\/grappa.no\/no\/wp-json\/wp\/v2\/media\/31838"}],"wp:attachment":[{"href":"https:\/\/grappa.no\/no\/wp-json\/wp\/v2\/media?parent=31813"}],"wp:term":[{"taxonomy":"product_brand","embeddable":true,"href":"https:\/\/grappa.no\/no\/wp-json\/wp\/v2\/product_brand?post=31813"},{"taxonomy":"product_cat","embeddable":true,"href":"https:\/\/grappa.no\/no\/wp-json\/wp\/v2\/product_cat?post=31813"},{"taxonomy":"product_tag","embeddable":true,"href":"https:\/\/grappa.no\/no\/wp-json\/wp\/v2\/product_tag?post=31813"}],"curies":[{"name":"wp","href":"https:\/\/api.w.org\/{rel}","templated":true}]}}