{"id":31812,"date":"2005-03-07T00:00:00","date_gmt":"2005-03-06T23:00:00","guid":{"rendered":"http:\/\/www.grappa.no\/no\/albums\/ukategorisert\/ole-aleksander-filibom-bom-bom-3-cd-lydbok\/"},"modified":"2016-11-01T13:46:05","modified_gmt":"2016-11-01T12:46:05","slug":"ole-aleksander-filibom-bom-bom-3-cd-lydbok","status":"publish","type":"product","link":"https:\/\/grappa.no\/no\/albums\/barne\/ole-aleksander-filibom-bom-bom-3-cd-lydbok\/","title":{"rendered":"OLE ALEKSANDER FILIBOM- BOM-BOM  [3 CD LYDBOK]"},"content":{"rendered":"<p><\/p>\n<p>Ole Aleksander Filibom-bom-bom<\/p>\n<p>N\u00e5 skal du f\u00e5 h\u00f8re de f\u00f8rste fortellingene om Ole Aleksander, som bor i et h\u00f8yt hus sammen med mor og far og en stor puddelhund som heter Puffen. Kapitlene om Ole Aleksander Filibom bom bom handler om mye rart. Han g\u00e5r i parken, p\u00e5 sirkus, han steller hjemme, er ute alene for f\u00f8rste gang, f\u00e5r julepresanger, er p\u00e5 aketur, f\u00e5r en kamerat og leker indianer.<\/p>\n<p><!--more--><\/p>\n<h4><\/h4>\n<\/p>\n<h4><\/h4>\n<p><h4><\/h4>\n<\/p>\n<p><\/p>","protected":false},"excerpt":{"rendered":"<p>Den aller f\u00f8rste lydboken om Ole Aleksander p\u00e5 lydbok!<\/p>\n","protected":false},"featured_media":31837,"comment_status":"closed","ping_status":"open","template":"","meta":[],"product_brand":[],"product_cat":[15],"product_tag":[],"class_list":{"0":"post-31812","1":"product","2":"type-product","3":"status-publish","4":"has-post-thumbnail","6":"product_cat-barne","7":"product_shipping_class-cddvd-shipping","8":"uni_artist_tag-anne-cath-vestly","9":"uni_artist_tag-arild-stav","10":"uni_artist_tag-frode-berg","11":"uni_artist_tag-jens-wendelboe","12":"uni_artist_tag-rune-klakegg","13":"uni_artist_tag-tom-ottar-andreassen","14":"uni_main_artist_tag-anne-cath-vestly","15":"uni_artist_genre-audio-book","16":"uni_artist_genre-children","18":"first","19":"outofstock","20":"taxable","21":"shipping-taxable","22":"product-type-simple"},"_links":{"self":[{"href":"https:\/\/grappa.no\/no\/wp-json\/wp\/v2\/product\/31812","targetHints":{"allow":["GET"]}}],"collection":[{"href":"https:\/\/grappa.no\/no\/wp-json\/wp\/v2\/product"}],"about":[{"href":"https:\/\/grappa.no\/no\/wp-json\/wp\/v2\/types\/product"}],"replies":[{"embeddable":true,"href":"https:\/\/grappa.no\/no\/wp-json\/wp\/v2\/comments?post=31812"}],"wp:featuredmedia":[{"embeddable":true,"href":"https:\/\/grappa.no\/no\/wp-json\/wp\/v2\/media\/31837"}],"wp:attachment":[{"href":"https:\/\/grappa.no\/no\/wp-json\/wp\/v2\/media?parent=31812"}],"wp:term":[{"taxonomy":"product_brand","embeddable":true,"href":"https:\/\/grappa.no\/no\/wp-json\/wp\/v2\/product_brand?post=31812"},{"taxonomy":"product_cat","embeddable":true,"href":"https:\/\/grappa.no\/no\/wp-json\/wp\/v2\/product_cat?post=31812"},{"taxonomy":"product_tag","embeddable":true,"href":"https:\/\/grappa.no\/no\/wp-json\/wp\/v2\/product_tag?post=31812"}],"curies":[{"name":"wp","href":"https:\/\/api.w.org\/{rel}","templated":true}]}}