{"id":31810,"date":"2003-01-01T00:00:00","date_gmt":"2002-12-31T23:00:00","guid":{"rendered":"http:\/\/www.grappa.no\/no\/albums\/ukategorisert\/urban-generation\/"},"modified":"2016-10-18T14:02:56","modified_gmt":"2016-10-18T13:02:56","slug":"urban-generation","status":"publish","type":"product","link":"https:\/\/grappa.no\/no\/albums\/barne\/urban-generation\/","title":{"rendered":"URBAN GENERATION"},"content":{"rendered":"<p><\/p>\n<p>Miss3: Urban Generation<\/p>\n<p>Hva skjer n\u00e5r tre unge venninner bestemmer seg for at de skal bli popstjerner? Som regel bl\u00e5ser det over ganske fort, men s\u00e5 er ikke tilfelle med Natalie Gundersen (14), Eirin Bretun Tomassen (14) og Maria Sj\u00f8vold (14) fra Moss! F\u00f8rst sang jentene inn en kassett p\u00e5 pikerommet som de sendte til TV3 \u2013 Popstars. Der fikk de beskjed om at de til tross for \u00e5penbart talent, dessverre var for unge for \u00e5 delta i audition til programmet. Jentene fikk imidlertid kontakt med en produsent som tilb\u00f8d seg \u00e5 spille inn en demo CD med jentene.<\/p>\n<p>For \u00e5 gj\u00f8re en lang historie kort, du sitter n\u00e5 med 2 \u00e5rs dr\u00f8mmer, \u00f8nsker og mye hardt arbeid i h\u00e5nden, Miss3\u2019s debutalbum \u201dUrban Generation\u201d. <\/p>\n<p>Albumet inneholder 11 knallsterke popl\u00e5ter skrevet bl.a. av David Frank (Westlife, Christina Aguilera, Victoria Beckham og Rod Stewart), Harry Sommerdahl og Anoo Bhagavan (Sanne Salomonsen, Hanne Boel, Westlife og Maria Arredondo). Miss3 medlem Eirin Bretun Tomassen har ogs\u00e5 bidratt som l\u00e5tskriver. L\u00e5ten \u201dSo Cool\u201d ble skrevet i en alder av 12, og var en av l\u00e5tene p\u00e5 den opprinnelige demoen fra 2001.<\/p>\n<p><!--more--><\/p>\n<h4><\/h4>\n<\/p>\n<h4><\/h4>\n<p><h4><\/h4>\n<\/p>\n<p><\/p>","protected":false},"excerpt":{"rendered":"<p>2 \u00e5rs dr\u00f8mmer, \u00f8nsker og mye hardt arbeid: Miss3\u2019s debutalbum \u201dUrban Generation\u201d.<\/p>\n","protected":false},"featured_media":31835,"comment_status":"closed","ping_status":"open","template":"","meta":[],"product_brand":[],"product_cat":[15],"product_tag":[],"class_list":{"0":"post-31810","1":"product","2":"type-product","3":"status-publish","4":"has-post-thumbnail","6":"product_cat-barne","7":"product_shipping_class-none","8":"uni_artist_tag-anoo-bhagavan","9":"uni_artist_tag-kim-edvard-bergseth","10":"uni_artist_genre-children","11":"uni_artist_genre-pop","13":"first","14":"outofstock","15":"taxable","16":"shipping-taxable","17":"product-type-simple"},"_links":{"self":[{"href":"https:\/\/grappa.no\/no\/wp-json\/wp\/v2\/product\/31810","targetHints":{"allow":["GET"]}}],"collection":[{"href":"https:\/\/grappa.no\/no\/wp-json\/wp\/v2\/product"}],"about":[{"href":"https:\/\/grappa.no\/no\/wp-json\/wp\/v2\/types\/product"}],"replies":[{"embeddable":true,"href":"https:\/\/grappa.no\/no\/wp-json\/wp\/v2\/comments?post=31810"}],"wp:featuredmedia":[{"embeddable":true,"href":"https:\/\/grappa.no\/no\/wp-json\/wp\/v2\/media\/31835"}],"wp:attachment":[{"href":"https:\/\/grappa.no\/no\/wp-json\/wp\/v2\/media?parent=31810"}],"wp:term":[{"taxonomy":"product_brand","embeddable":true,"href":"https:\/\/grappa.no\/no\/wp-json\/wp\/v2\/product_brand?post=31810"},{"taxonomy":"product_cat","embeddable":true,"href":"https:\/\/grappa.no\/no\/wp-json\/wp\/v2\/product_cat?post=31810"},{"taxonomy":"product_tag","embeddable":true,"href":"https:\/\/grappa.no\/no\/wp-json\/wp\/v2\/product_tag?post=31810"}],"curies":[{"name":"wp","href":"https:\/\/api.w.org\/{rel}","templated":true}]}}