{"id":31809,"date":"2005-06-13T00:00:00","date_gmt":"2005-06-12T23:00:00","guid":{"rendered":"http:\/\/www.grappa.no\/no\/albums\/ukategorisert\/ole-aleksander-pa-farten-3-cd-lydbok\/"},"modified":"2016-11-01T10:02:19","modified_gmt":"2016-11-01T09:02:19","slug":"ole-aleksander-pa-farten-3-cd-lydbok","status":"publish","type":"product","link":"https:\/\/grappa.no\/no\/albums\/barne\/ole-aleksander-pa-farten-3-cd-lydbok\/","title":{"rendered":"OLE ALEKSANDER P\u00c5 FARTEN [3 CD Lydbok]"},"content":{"rendered":"<p><\/p>\n<p>Lydboken Ole Aleksander p\u00e5 farten<\/p>\n<p>N\u00e5 skal du f\u00e5 h\u00f8re om Ole Aleksander den f\u00f8rste dagen han har egen n\u00f8kkel. Og det er f\u00f8rste gang han m\u00f8ter Ida, som blir venninnen hans. En annen dag er Ole Aleksander i et stort, fint selskap. Da holder nemlig bestemor og bestefar gullbryllup. Og i det selskapet er det bare voksne mennesker. Det hender noe som gj\u00f8r at Ole Aleksander kryper under det store spisebordet der. Og s\u00e5 er det bare mor og far og Ole Aleksander som vet om en hemmelighet som heter Bitteliten. Ole Aleksander blir litt forskrekket n\u00e5r han f\u00e5r vite at mor m\u00e5 p\u00e5 sykehus \u2013 for hun er jo ikke syk. Her f\u00e5r du vite hvordan det g\u00e5r.<\/p>\n<p>Ole Aleksander p\u00e5 farten kom i 1954. Og senere kom Ole Aleksander f\u00e5r skjorte, Ole Aleksander og bestemor til v\u00e6rs og Ole Aleksander p\u00e5 flyttefot. Den aller f\u00f8rste boken om Ole Aleksander het Ole Aleksander Filibom-bom-bom. Den finnes ogs\u00e5 som lydbok.<\/p>\n<p><!--more--><\/p>\n<h4><\/h4>\n<\/p>\n<h4><\/h4>\n<p><h4><\/h4>\n<\/p>\n<p><\/p>","protected":false},"excerpt":{"rendered":"<p>Lydboken om den f\u00f8rste dagen Ole Aleksander f\u00e5r sin egen n\u00f8kkel.<\/p>\n","protected":false},"featured_media":31834,"comment_status":"closed","ping_status":"open","template":"","meta":[],"product_brand":[],"product_cat":[15],"product_tag":[],"class_list":{"0":"post-31809","1":"product","2":"type-product","3":"status-publish","4":"has-post-thumbnail","6":"product_cat-barne","7":"product_shipping_class-cddvd-shipping","8":"uni_artist_tag-anne-cath-vestly","9":"uni_artist_tag-arild-stav","10":"uni_artist_tag-frode-berg","11":"uni_artist_tag-jo-vestly","12":"uni_artist_tag-nils-einar-vinjor","13":"uni_artist_tag-rune-klakegg","14":"uni_artist_tag-tom-ottar-andreassen","15":"uni_main_artist_tag-anne-cath-vestly","16":"uni_artist_genre-audio-book","17":"uni_artist_genre-children","19":"first","20":"outofstock","21":"taxable","22":"shipping-taxable","23":"product-type-simple"},"_links":{"self":[{"href":"https:\/\/grappa.no\/no\/wp-json\/wp\/v2\/product\/31809","targetHints":{"allow":["GET"]}}],"collection":[{"href":"https:\/\/grappa.no\/no\/wp-json\/wp\/v2\/product"}],"about":[{"href":"https:\/\/grappa.no\/no\/wp-json\/wp\/v2\/types\/product"}],"replies":[{"embeddable":true,"href":"https:\/\/grappa.no\/no\/wp-json\/wp\/v2\/comments?post=31809"}],"wp:featuredmedia":[{"embeddable":true,"href":"https:\/\/grappa.no\/no\/wp-json\/wp\/v2\/media\/31834"}],"wp:attachment":[{"href":"https:\/\/grappa.no\/no\/wp-json\/wp\/v2\/media?parent=31809"}],"wp:term":[{"taxonomy":"product_brand","embeddable":true,"href":"https:\/\/grappa.no\/no\/wp-json\/wp\/v2\/product_brand?post=31809"},{"taxonomy":"product_cat","embeddable":true,"href":"https:\/\/grappa.no\/no\/wp-json\/wp\/v2\/product_cat?post=31809"},{"taxonomy":"product_tag","embeddable":true,"href":"https:\/\/grappa.no\/no\/wp-json\/wp\/v2\/product_tag?post=31809"}],"curies":[{"name":"wp","href":"https:\/\/api.w.org\/{rel}","templated":true}]}}