{"id":31792,"date":"2013-10-11T00:00:00","date_gmt":"2013-10-10T23:00:00","guid":{"rendered":"http:\/\/www.grappa.no\/no\/albums\/ukategorisert\/inertia\/"},"modified":"2016-10-13T13:02:07","modified_gmt":"2016-10-13T12:02:07","slug":"inertia","status":"publish","type":"product","link":"https:\/\/grappa.no\/no\/albums\/grappa\/inertia\/","title":{"rendered":"Inertia"},"content":{"rendered":"<p><\/p>\n<p>Vestlandets souldiva slipper sitt debutalbum<\/p>\n<p>Gina Aspenes debuterer med albumet \u00abInertia\u00bb p\u00e5 plateselskapet Grappa, et album produsert av Orbo. Her medvirker til og med selveste Bobby Keys, saksofonisten til The Rolling Stones m.fl. Gina er en kjent stemme fra Vestlandet, b\u00e5de gjennom Det Store Korslaget p\u00e5 TV2 og bluesbandet Nobody\u2019s Business. Albumet er sterkt preget av det Gina kanskje har aller mest av i stemmen sin \u2013 sjel. P\u00e5 dette albumet kan man vente seg meget solid og organisk musikk \u2013 fra soul til rocknroll.<\/p>\n<p><!--more--><\/p>\n<p>Gina Aspenes har en av vestlandets vakreste og mest sjelfulle stemmer. N\u00e5 slipper hun sitt debutalbum &quot;Intertia&quot; &#8211; en tittel som er inspirert av Newtons f\u00f8rste lov &#8211; loven som sier at ting er som de er i kraft av seg selv.<\/p>\n<h4>Sjel og hjerte<\/h4>\n<p>Gina har tidligere deltatt i Det Store Korslaget p\u00e5 TV2 og har en milelang CV med konsertopptredener fra d\u00e5p til begravelse, fra rockescene til bluesklubb. Det store spekteret forteller litt om hvor allsidig Gina er som vokalist. Gina er sjel. Hun synger med sjel og hjerte og hun er velsignet med en stemmeprakt. Hun har spilt i en rekke band, v\u00e6rt med p\u00e5 et knippe utgivelser, v\u00e6rt p\u00e5 tv, i kirke og p\u00e5 scene hele sitt liv. Men ikke f\u00f8r n\u00e5 har hun laget en helt egen plate.<\/p>\n<h4>Fra Hordaland til Nashville<\/h4>\n<p>Albumet &quot;Inertia&quot; er spilt inn i Hordaland Studio i Os og i Nashville, Tennessee. Det er produsert av ORBO (Ole Reinert Berg-Olsen) som ogs\u00e5 spiller bass og gitar p\u00e5 platen. P\u00e5 saksofon har Gina med seg ingen ringere enn Keith Richards&#8217; venn Bobby Keys &#8211; saksofonisten til The Rolling Stones. P\u00e5 kor, Angela Primm og Gayle Mayes. P\u00e5 trommer Erick Jaskowiak, tangenter Reidar Opdal, perkusjon Ine Tumyr og bl\u00e5sere Bendik Br\u00e6nne og Hans Friis. Gina selv har signert seks av l\u00e5tene.<\/p>\n<h4><\/h4>\n<\/p>\n<p><\/p>","protected":false},"excerpt":{"rendered":"<p>Gina Aspenes har en av vestlandets vakreste og mest sjelfulle stemmer. N\u00e5 slipper hun sitt debutalbum &quot;Intertia&quot; &#8211; en tittel som er inspirert av Newtons f\u00f8rste lov &#8211; loven som sier at ting er som de er i kraft av seg selv.<\/p>\n","protected":false},"featured_media":31793,"comment_status":"closed","ping_status":"open","template":"","meta":[],"product_brand":[],"product_cat":[6],"product_tag":[],"class_list":{"0":"post-31792","1":"product","2":"type-product","3":"status-publish","4":"has-post-thumbnail","6":"product_cat-grappa","7":"product_shipping_class-cddvd-shipping","8":"uni_artist_tag-amy-helm","9":"uni_artist_tag-angela-primm","10":"uni_artist_tag-anthony-leone","11":"uni_artist_tag-bendik-braenne","12":"uni_artist_tag-bob-dylan","13":"uni_artist_tag-bobby-keys","14":"uni_artist_tag-byron-isaacs","15":"uni_artist_tag-erick-jaskowiak","16":"uni_artist_tag-fiona-mcbain","17":"uni_artist_tag-gayle-mayes","18":"uni_artist_tag-gillian-welch","19":"uni_artist_tag-gina-aspenes","20":"uni_artist_tag-glenn-patscha","21":"uni_artist_tag-hans-friis","22":"uni_artist_tag-ine-tumyr","23":"uni_artist_tag-j-ripp","24":"uni_artist_tag-james-allen-ii-shamblin","25":"uni_artist_tag-james-daley","26":"uni_artist_tag-kevin-welch","27":"uni_artist_tag-lucinda-williams","28":"uni_artist_tag-mark-heard","29":"uni_artist_tag-mick-jagger","30":"uni_artist_tag-mike-reid","31":"uni_artist_tag-orbo-ole-reinert-berg-olsen","32":"uni_artist_tag-reidar-f-opdal","33":"uni_artist_tag-t-bone-burnett","34":"uni_main_artist_tag-gina-aspenes","35":"uni_artist_genre-pop","36":"uni_artist_genre-rhythm-and-blues","37":"uni_artist_genre-rock","38":"uni_artist_genre-soul","40":"first","41":"instock","42":"taxable","43":"shipping-taxable","44":"purchasable","45":"product-type-simple"},"_links":{"self":[{"href":"https:\/\/grappa.no\/no\/wp-json\/wp\/v2\/product\/31792","targetHints":{"allow":["GET"]}}],"collection":[{"href":"https:\/\/grappa.no\/no\/wp-json\/wp\/v2\/product"}],"about":[{"href":"https:\/\/grappa.no\/no\/wp-json\/wp\/v2\/types\/product"}],"replies":[{"embeddable":true,"href":"https:\/\/grappa.no\/no\/wp-json\/wp\/v2\/comments?post=31792"}],"wp:featuredmedia":[{"embeddable":true,"href":"https:\/\/grappa.no\/no\/wp-json\/wp\/v2\/media\/31793"}],"wp:attachment":[{"href":"https:\/\/grappa.no\/no\/wp-json\/wp\/v2\/media?parent=31792"}],"wp:term":[{"taxonomy":"product_brand","embeddable":true,"href":"https:\/\/grappa.no\/no\/wp-json\/wp\/v2\/product_brand?post=31792"},{"taxonomy":"product_cat","embeddable":true,"href":"https:\/\/grappa.no\/no\/wp-json\/wp\/v2\/product_cat?post=31792"},{"taxonomy":"product_tag","embeddable":true,"href":"https:\/\/grappa.no\/no\/wp-json\/wp\/v2\/product_tag?post=31792"}],"curies":[{"name":"wp","href":"https:\/\/api.w.org\/{rel}","templated":true}]}}