{"id":31790,"date":"2006-03-27T00:00:00","date_gmt":"2006-03-26T23:00:00","guid":{"rendered":"http:\/\/www.grappa.no\/no\/albums\/ukategorisert\/en-liten-takk-fra-anton-4cd\/"},"modified":"2019-01-11T16:18:30","modified_gmt":"2019-01-11T15:18:30","slug":"en-liten-takk-fra-anton-4cd","status":"publish","type":"product","link":"https:\/\/grappa.no\/no\/albums\/barne\/en-liten-takk-fra-anton-4cd\/","title":{"rendered":"EN LITEN TAKK FRA ANTON [4CD]"},"content":{"rendered":"<p><\/p>\n<p>En liten takk fra Anton<\/p>\n<p>Kjenner du huset i skogen og alle som bor der? Akkurat den kvelden mormor skal v\u00e6re barnevakt hender det noe mystisk. Det kommer et helt nytt vesen til den store familien. Du kan og h\u00f8re om da Morten skulle passe grisene, og da mormor og mor skulle v\u00e6re byggmestere og fikk musikk til arbeidet\u2026<\/p>\n<p><!--more--><\/p>\n<h4><\/h4>\n<\/p>\n<h4><\/h4>\n<p><h4><\/h4>\n<\/p>\n<p><\/p>","protected":false},"excerpt":{"rendered":"<p>En liten takk fra Anton er den fjerde boka i serien om mormor og de \u00e5tte ungene.<\/p>\n","protected":false},"featured_media":31791,"comment_status":"closed","ping_status":"open","template":"","meta":[],"product_brand":[],"product_cat":[15],"product_tag":[],"class_list":{"0":"post-31790","1":"product","2":"type-product","3":"status-publish","4":"has-post-thumbnail","6":"product_cat-barne","7":"product_shipping_class-cddvd-shipping","8":"uni_artist_tag-anne-cath-vestly","9":"uni_artist_tag-jo-vestly","10":"uni_artist_tag-lars-erik-gudim","11":"uni_artist_tag-steinar-larsen","12":"uni_main_artist_tag-anne-cath-vestly","13":"uni_artist_genre-audio-book","14":"uni_artist_genre-children","16":"first","17":"instock","18":"taxable","19":"shipping-taxable","20":"purchasable","21":"product-type-simple"},"_links":{"self":[{"href":"https:\/\/grappa.no\/no\/wp-json\/wp\/v2\/product\/31790","targetHints":{"allow":["GET"]}}],"collection":[{"href":"https:\/\/grappa.no\/no\/wp-json\/wp\/v2\/product"}],"about":[{"href":"https:\/\/grappa.no\/no\/wp-json\/wp\/v2\/types\/product"}],"replies":[{"embeddable":true,"href":"https:\/\/grappa.no\/no\/wp-json\/wp\/v2\/comments?post=31790"}],"wp:featuredmedia":[{"embeddable":true,"href":"https:\/\/grappa.no\/no\/wp-json\/wp\/v2\/media\/31791"}],"wp:attachment":[{"href":"https:\/\/grappa.no\/no\/wp-json\/wp\/v2\/media?parent=31790"}],"wp:term":[{"taxonomy":"product_brand","embeddable":true,"href":"https:\/\/grappa.no\/no\/wp-json\/wp\/v2\/product_brand?post=31790"},{"taxonomy":"product_cat","embeddable":true,"href":"https:\/\/grappa.no\/no\/wp-json\/wp\/v2\/product_cat?post=31790"},{"taxonomy":"product_tag","embeddable":true,"href":"https:\/\/grappa.no\/no\/wp-json\/wp\/v2\/product_tag?post=31790"}],"curies":[{"name":"wp","href":"https:\/\/api.w.org\/{rel}","templated":true}]}}