{"id":31732,"date":"2005-02-14T00:00:00","date_gmt":"2005-02-13T23:00:00","guid":{"rendered":"http:\/\/www.grappa.no\/no\/albums\/ukategorisert\/barnas-supershow-vol-2\/"},"modified":"2016-12-05T14:18:15","modified_gmt":"2016-12-05T13:18:15","slug":"barnas-supershow-vol-2","status":"publish","type":"product","link":"https:\/\/grappa.no\/no\/albums\/barne\/barnas-supershow-vol-2\/","title":{"rendered":"BARNAS SUPERSHOW  VOL.2"},"content":{"rendered":"<p><\/p>\n<p>Barnas supershow volum 2<\/p>\n<p>Her er&#8217;n! Oppf\u00f8lgeren til den store suksessen Barnas Supershow. Her er sangene fra sesong 2 og 3, inkludert hit-ene Maur i rumpa og Tid. Barn i de tusen hjem ligger i disse dager i hardtrening for \u00e5 l\u00e6re seg Maur i rumpa-dansen med twisting, risting og splitthopp \u2013 s\u00e5 dette er party-skiva for alle under 10 \u00e5r! Svenn Erik Kristoffersen er som vanlig med p\u00e5 hva ungene liker av musikk, og har laget en samling med utrolig fengende sanger som b\u00f8r g\u00e5 rett hjem i stua.<\/p>\n<p><!--more--><\/p>\n<h4><\/h4>\n<\/p>\n<h4><\/h4>\n<p><h4><\/h4>\n<\/p>\n<p><\/p>","protected":false},"excerpt":{"rendered":"<p>Oppf\u00f8lgeren til den store suksessen Barnas Supershow. Her er sangene fra sesong 2 og 3, inkludert hit-ene Maur i rumpa og Tid.<\/p>\n","protected":false},"featured_media":31734,"comment_status":"closed","ping_status":"open","template":"","meta":[],"product_brand":[],"product_cat":[15],"product_tag":[],"class_list":{"0":"post-31732","1":"product","2":"type-product","3":"status-publish","4":"has-post-thumbnail","6":"product_cat-barne","7":"product_shipping_class-cddvd-shipping","8":"uni_artist_tag-bjorn-kjellemyr","9":"uni_artist_tag-kare-kolve","10":"uni_artist_tag-kari-iveland","11":"uni_artist_tag-paolo-vinaccia","12":"uni_artist_tag-per-oystein-sorensen","13":"uni_artist_tag-stein-bull-hansen","14":"uni_artist_tag-svenn-erik-kristoffersen","15":"uni_artist_genre-children","16":"uni_artist_genre-norwegian-lyrics","18":"first","19":"outofstock","20":"taxable","21":"shipping-taxable","22":"purchasable","23":"product-type-simple"},"_links":{"self":[{"href":"https:\/\/grappa.no\/no\/wp-json\/wp\/v2\/product\/31732","targetHints":{"allow":["GET"]}}],"collection":[{"href":"https:\/\/grappa.no\/no\/wp-json\/wp\/v2\/product"}],"about":[{"href":"https:\/\/grappa.no\/no\/wp-json\/wp\/v2\/types\/product"}],"replies":[{"embeddable":true,"href":"https:\/\/grappa.no\/no\/wp-json\/wp\/v2\/comments?post=31732"}],"wp:featuredmedia":[{"embeddable":true,"href":"https:\/\/grappa.no\/no\/wp-json\/wp\/v2\/media\/31734"}],"wp:attachment":[{"href":"https:\/\/grappa.no\/no\/wp-json\/wp\/v2\/media?parent=31732"}],"wp:term":[{"taxonomy":"product_brand","embeddable":true,"href":"https:\/\/grappa.no\/no\/wp-json\/wp\/v2\/product_brand?post=31732"},{"taxonomy":"product_cat","embeddable":true,"href":"https:\/\/grappa.no\/no\/wp-json\/wp\/v2\/product_cat?post=31732"},{"taxonomy":"product_tag","embeddable":true,"href":"https:\/\/grappa.no\/no\/wp-json\/wp\/v2\/product_tag?post=31732"}],"curies":[{"name":"wp","href":"https:\/\/api.w.org\/{rel}","templated":true}]}}