{"id":31729,"date":"2008-12-01T00:00:00","date_gmt":"2008-11-30T23:00:00","guid":{"rendered":"http:\/\/www.grappa.no\/no\/albums\/ukategorisert\/julens-historie\/"},"modified":"2016-12-05T14:18:19","modified_gmt":"2016-12-05T13:18:19","slug":"julens-historie","status":"publish","type":"product","link":"https:\/\/grappa.no\/no\/albums\/barne\/julens-historie\/","title":{"rendered":"JULENS HISTORIE"},"content":{"rendered":"<p><\/p>\n<p>Et eventyr om julens tradisjoner<\/p>\n<p>Alle barn har sterke forventninger n\u00e5r julen n\u00e6rmer seg, men ikke alle barn vet hvorfor vi feirer jul og hvilken opprinnelse de ulike tingene vi tradisjonelt forbinder med jul har. Eyvind Skeie har skrevet et eventyr som gir barn og voksne en enkel og morsom innf\u00f8ring i noen av julens tradisjoner. Det handler om de sm\u00e5 trollene Skurve og Lurve som bor for seg selv ute i skogen. En dag, like f\u00f8r jul, blir grantreet som de leker i, hugget ned. Det skal bli juletre! Skurve og Lurve gjemmer seg i treet og blir med til g\u00e5rden. Der blir de to trollene kjent med alt det som h\u00f8rer julen til; juletre og julepynt, engler og stjerner, gjetere og vise menn. De m\u00f8ter Josef og Maria og det lille barnet i krybben. Men hva har to sm\u00e5 troll i julen \u00e5 gj\u00f8re?<\/p>\n<p>Eyvind Skeie er forfatter og teolog, med en stor produksjon av sanger, b\u00f8ker og TV-manuskripter rettet mot barn, b\u00e5de innenfor skj\u00f8nnlitteratur og faglitteratur. Han har blant annet skrevet flere adventskalendere for NRK, en del bildeb\u00f8ker og andre skj\u00f8nnlitter\u00e6re b\u00f8ker med motiv fra julen, og \u201cAdventkrans og julekrybbe\u201d, som er en fagbok om julens tradisjonshistorie.<\/p>\n<p><!--more--><\/p>\n<h4><\/h4>\n<\/p>\n<h4><\/h4>\n<p><h4><\/h4>\n<\/p>\n<p><\/p>","protected":false},"excerpt":{"rendered":"<p>Alle barn har sterke forventninger n\u00e5r julen n\u00e6rmer seg, men ikke alle barn vet hvorfor vi feirer jul og hvilken opprinnelse de ulike tingene vi tradisjonelt forbinder med jul har. Eyvind Skeie har skrevet et eventyr som gir barn og voksne en enkel og morsom innf\u00f8ring i noen av julens tradisjoner.<\/p>\n","protected":false},"featured_media":31730,"comment_status":"closed","ping_status":"open","template":"","meta":[],"product_brand":[],"product_cat":[15],"product_tag":[],"class_list":{"0":"post-31729","1":"product","2":"type-product","3":"status-publish","4":"has-post-thumbnail","6":"product_cat-barne","7":"product_shipping_class-cddvd-shipping","8":"uni_artist_tag-eyvind-skeie","9":"uni_artist_tag-nils-ole-oftebro","10":"uni_main_artist_tag-eyvind-skeie","11":"uni_artist_genre-children","12":"uni_artist_genre-norwegian-lyrics","14":"first","15":"outofstock","16":"taxable","17":"shipping-taxable","18":"purchasable","19":"product-type-simple"},"_links":{"self":[{"href":"https:\/\/grappa.no\/no\/wp-json\/wp\/v2\/product\/31729","targetHints":{"allow":["GET"]}}],"collection":[{"href":"https:\/\/grappa.no\/no\/wp-json\/wp\/v2\/product"}],"about":[{"href":"https:\/\/grappa.no\/no\/wp-json\/wp\/v2\/types\/product"}],"replies":[{"embeddable":true,"href":"https:\/\/grappa.no\/no\/wp-json\/wp\/v2\/comments?post=31729"}],"wp:featuredmedia":[{"embeddable":true,"href":"https:\/\/grappa.no\/no\/wp-json\/wp\/v2\/media\/31730"}],"wp:attachment":[{"href":"https:\/\/grappa.no\/no\/wp-json\/wp\/v2\/media?parent=31729"}],"wp:term":[{"taxonomy":"product_brand","embeddable":true,"href":"https:\/\/grappa.no\/no\/wp-json\/wp\/v2\/product_brand?post=31729"},{"taxonomy":"product_cat","embeddable":true,"href":"https:\/\/grappa.no\/no\/wp-json\/wp\/v2\/product_cat?post=31729"},{"taxonomy":"product_tag","embeddable":true,"href":"https:\/\/grappa.no\/no\/wp-json\/wp\/v2\/product_tag?post=31729"}],"curies":[{"name":"wp","href":"https:\/\/api.w.org\/{rel}","templated":true}]}}