{"id":31719,"date":"2007-09-10T00:00:00","date_gmt":"2007-09-09T23:00:00","guid":{"rendered":"http:\/\/www.grappa.no\/no\/albums\/ukategorisert\/lyriaka-i-jungelen\/"},"modified":"2016-12-05T14:18:17","modified_gmt":"2016-12-05T13:18:17","slug":"lyriaka-i-jungelen","status":"publish","type":"product","link":"https:\/\/grappa.no\/no\/albums\/barne\/lyriaka-i-jungelen\/","title":{"rendered":"LYRIAKA I JUNGELEN"},"content":{"rendered":"<p><\/p>\n<p>Jakten p\u00e5 verdens sterkeste barnedikt!<\/p>\n<p>Lyriaka har i elleve \u00e5r tonesatt norske barns egne dikt og tanker gjennom samarbeid med skoler og kulturskoler, og bruker barn aktivt p\u00e5 konserter og plater. De har de siste \u00e5rene spilt rundt 700 skolekonserter med Rikskonsertene, og spilt p\u00e5 de fleste norske store festivaler \u00e8n eller flere ganger. Lyriaka har tidligere gitt ut 5 cd-er hos andre forlag, f\u00e5tt en Spellemannpris + to nominasjoner.\u00a0Fire av cd-ene er\u00a0kj\u00f8pt opp av innkj\u00f8psordningen for fonogrammer (Norsk kulturr\u00e5d). Lyriaka har i to sesonger g\u00e5tt som barne-TV p\u00e5 TV 2, og de har en egen festival som heter Reverock.<\/p>\n<p><!--more--><\/p>\n<h4><\/h4>\n<\/p>\n<h4><\/h4>\n<p><h4><\/h4>\n<\/p>\n<p><\/p>","protected":false},"excerpt":{"rendered":"<p>&quot;Lyriaka er s\u00e5 g\u00f8y at man kan tisse i buksa&quot; &#8211; jente 10 \u00e5r.<\/p>\n","protected":false},"featured_media":31727,"comment_status":"closed","ping_status":"open","template":"","meta":[],"product_brand":[],"product_cat":[15],"product_tag":[],"class_list":{"0":"post-31719","1":"product","2":"type-product","3":"status-publish","4":"has-post-thumbnail","6":"product_cat-barne","7":"product_shipping_class-cddvd-shipping","8":"uni_artist_tag-atle-sponberg","9":"uni_artist_tag-endre-halre-hareide","10":"uni_artist_tag-oyvind-fossheim","11":"uni_artist_tag-roy-nikolaisen","12":"uni_artist_genre-children","13":"uni_artist_genre-norwegian-lyrics","15":"first","16":"outofstock","17":"taxable","18":"shipping-taxable","19":"purchasable","20":"product-type-simple"},"_links":{"self":[{"href":"https:\/\/grappa.no\/no\/wp-json\/wp\/v2\/product\/31719","targetHints":{"allow":["GET"]}}],"collection":[{"href":"https:\/\/grappa.no\/no\/wp-json\/wp\/v2\/product"}],"about":[{"href":"https:\/\/grappa.no\/no\/wp-json\/wp\/v2\/types\/product"}],"replies":[{"embeddable":true,"href":"https:\/\/grappa.no\/no\/wp-json\/wp\/v2\/comments?post=31719"}],"wp:featuredmedia":[{"embeddable":true,"href":"https:\/\/grappa.no\/no\/wp-json\/wp\/v2\/media\/31727"}],"wp:attachment":[{"href":"https:\/\/grappa.no\/no\/wp-json\/wp\/v2\/media?parent=31719"}],"wp:term":[{"taxonomy":"product_brand","embeddable":true,"href":"https:\/\/grappa.no\/no\/wp-json\/wp\/v2\/product_brand?post=31719"},{"taxonomy":"product_cat","embeddable":true,"href":"https:\/\/grappa.no\/no\/wp-json\/wp\/v2\/product_cat?post=31719"},{"taxonomy":"product_tag","embeddable":true,"href":"https:\/\/grappa.no\/no\/wp-json\/wp\/v2\/product_tag?post=31719"}],"curies":[{"name":"wp","href":"https:\/\/api.w.org\/{rel}","templated":true}]}}