{"id":31717,"date":"2006-11-13T00:00:00","date_gmt":"2006-11-12T23:00:00","guid":{"rendered":"http:\/\/www.grappa.no\/no\/albums\/ukategorisert\/jul-i-barne-tv\/"},"modified":"2016-11-01T10:02:21","modified_gmt":"2016-11-01T09:02:21","slug":"jul-i-barne-tv","status":"publish","type":"product","link":"https:\/\/grappa.no\/no\/albums\/barne\/jul-i-barne-tv\/","title":{"rendered":"JUL I BARNE TV"},"content":{"rendered":"<p><\/p>\n<p>Kringkastingsorkesteret og julemusikk<\/p>\n<p>NRKs julekalendere p\u00e5 TV har alltid hatt en sterk posisjon i den norske juletradisjonen, og musikken har ogs\u00e5 sv\u00e6rt mange tilhengere. P\u00e5 denne CD-en har Kringkastingsorkestret samlet noe av tidenes beste julekalendermusikk. Sammen med solistene Jostein Hasselg\u00e5rd, Benedikte Kruse og Christin Bastiansen s\u00f8rger de for den perfekte julestemningen for hele familien. Sangene er fra b\u00e5de nye og gamle julekalendere, bl.a. Jul i Bl\u00e5fjell, Jul p\u00e5 M\u00e5netoppen, Portveien og Skomakergata.<\/p>\n<p><!--more--><\/p>\n<h4><\/h4>\n<\/p>\n<h4><\/h4>\n<p><h4><\/h4>\n<\/p>\n<p><\/p>","protected":false},"excerpt":{"rendered":"<p>Kringkastingsorkesteret samler tidenes beste julekalendermusikk!<\/p>\n","protected":false},"featured_media":31725,"comment_status":"closed","ping_status":"open","template":"","meta":[],"product_brand":[],"product_cat":[15],"product_tag":[],"class_list":{"0":"post-31717","1":"product","2":"type-product","3":"status-publish","4":"has-post-thumbnail","6":"product_cat-barne","7":"product_shipping_class-cddvd-shipping","8":"uni_artist_tag-arild-erikstad","9":"uni_artist_tag-bent-aserud","10":"uni_artist_tag-geir-bohren","11":"uni_artist_tag-norwegian-radio-orchestra","12":"uni_artist_tag-peter-szilvay","13":"uni_artist_tag-sigvald-tveit","14":"uni_main_artist_tag-norwegian-radio-orchestra","15":"uni_artist_genre-children","16":"uni_artist_genre-norwegian-lyrics","18":"first","19":"outofstock","20":"taxable","21":"shipping-taxable","22":"product-type-simple"},"_links":{"self":[{"href":"https:\/\/grappa.no\/no\/wp-json\/wp\/v2\/product\/31717","targetHints":{"allow":["GET"]}}],"collection":[{"href":"https:\/\/grappa.no\/no\/wp-json\/wp\/v2\/product"}],"about":[{"href":"https:\/\/grappa.no\/no\/wp-json\/wp\/v2\/types\/product"}],"replies":[{"embeddable":true,"href":"https:\/\/grappa.no\/no\/wp-json\/wp\/v2\/comments?post=31717"}],"wp:featuredmedia":[{"embeddable":true,"href":"https:\/\/grappa.no\/no\/wp-json\/wp\/v2\/media\/31725"}],"wp:attachment":[{"href":"https:\/\/grappa.no\/no\/wp-json\/wp\/v2\/media?parent=31717"}],"wp:term":[{"taxonomy":"product_brand","embeddable":true,"href":"https:\/\/grappa.no\/no\/wp-json\/wp\/v2\/product_brand?post=31717"},{"taxonomy":"product_cat","embeddable":true,"href":"https:\/\/grappa.no\/no\/wp-json\/wp\/v2\/product_cat?post=31717"},{"taxonomy":"product_tag","embeddable":true,"href":"https:\/\/grappa.no\/no\/wp-json\/wp\/v2\/product_tag?post=31717"}],"curies":[{"name":"wp","href":"https:\/\/api.w.org\/{rel}","templated":true}]}}