{"id":31715,"date":"2006-06-06T00:00:00","date_gmt":"2006-06-05T23:00:00","guid":{"rendered":"http:\/\/www.grappa.no\/no\/albums\/ukategorisert\/barna-synger-pophits\/"},"modified":"2016-12-05T14:18:16","modified_gmt":"2016-12-05T13:18:16","slug":"barna-synger-pophits","status":"publish","type":"product","link":"https:\/\/grappa.no\/no\/albums\/barne\/barna-synger-pophits\/","title":{"rendered":"BARNA SYNGER POPHITS"},"content":{"rendered":"<p><\/p>\n<p>\u00c5rets kuleste barneplate!<\/p>\n<p>Noen av tidenes mest popul\u00e6re pop-l\u00e5ter &#8211; sunget av barn! B\u00e5de barn og voksne vil finne sine favoritter og synge med. La festen begynne!<\/p>\n<p><!--more--><\/p>\n<h4><\/h4>\n<\/p>\n<h4><\/h4>\n<p><h4><\/h4>\n<\/p>\n<p><\/p>","protected":false},"excerpt":{"rendered":"<p>Noen av tidenes mest popul\u00e6re pop-l\u00e5ter &#8211; sunget av barn!<\/p>\n","protected":false},"featured_media":31723,"comment_status":"closed","ping_status":"open","template":"","meta":[],"product_brand":[],"product_cat":[15],"product_tag":[],"class_list":{"0":"post-31715","1":"product","2":"type-product","3":"status-publish","4":"has-post-thumbnail","6":"product_cat-barne","7":"product_shipping_class-cddvd-shipping","8":"uni_artist_tag-johnny-sareussen","9":"uni_artist_genre-children","10":"uni_artist_genre-norwegian-lyrics","12":"first","13":"outofstock","14":"taxable","15":"shipping-taxable","16":"purchasable","17":"product-type-simple"},"_links":{"self":[{"href":"https:\/\/grappa.no\/no\/wp-json\/wp\/v2\/product\/31715","targetHints":{"allow":["GET"]}}],"collection":[{"href":"https:\/\/grappa.no\/no\/wp-json\/wp\/v2\/product"}],"about":[{"href":"https:\/\/grappa.no\/no\/wp-json\/wp\/v2\/types\/product"}],"replies":[{"embeddable":true,"href":"https:\/\/grappa.no\/no\/wp-json\/wp\/v2\/comments?post=31715"}],"wp:featuredmedia":[{"embeddable":true,"href":"https:\/\/grappa.no\/no\/wp-json\/wp\/v2\/media\/31723"}],"wp:attachment":[{"href":"https:\/\/grappa.no\/no\/wp-json\/wp\/v2\/media?parent=31715"}],"wp:term":[{"taxonomy":"product_brand","embeddable":true,"href":"https:\/\/grappa.no\/no\/wp-json\/wp\/v2\/product_brand?post=31715"},{"taxonomy":"product_cat","embeddable":true,"href":"https:\/\/grappa.no\/no\/wp-json\/wp\/v2\/product_cat?post=31715"},{"taxonomy":"product_tag","embeddable":true,"href":"https:\/\/grappa.no\/no\/wp-json\/wp\/v2\/product_tag?post=31715"}],"curies":[{"name":"wp","href":"https:\/\/api.w.org\/{rel}","templated":true}]}}