{"id":31664,"date":"2010-10-11T00:00:00","date_gmt":"2010-10-10T23:00:00","guid":{"rendered":"http:\/\/www.grappa.no\/no\/albums\/ukategorisert\/div-art-barnas-viser-samleboks\/"},"modified":"2023-01-13T11:44:23","modified_gmt":"2023-01-13T10:44:23","slug":"div-art-barnas-viser-samleboks","status":"publish","type":"product","link":"https:\/\/grappa.no\/no\/albums\/barne\/div-art-barnas-viser-samleboks\/","title":{"rendered":"Div art: Barnas Viser (Samleboks)"},"content":{"rendered":"<p><\/p>\n<p>Barnas viser &#8211; n\u00e5 samlet i \u00e9n boks!<\/p>\n<p>Boksen inneholder hele den klassiske serien Barnas Viser 1 \u2013 8, i alt 6 CD-er med kjente og folkekj\u00e6re sanger for og med barn. Mange av sangene er samlet av Jan Nielsen i samarbeid med 23 barnehager. Blant de mest kjente sangene finner du Fola, fola blakken, B\u00e6 b\u00e6 lille lam, Bake kake s\u00f8te, Mikkel rev, Fl\u00f8y en liten bl\u00e5fugl, Det bor en baker, Lille m\u00e5ltrost og mange flere.<\/p>\n<p><!--more--><\/p>\n<h4><\/h4>\n<h4><\/h4>\n<h4><\/h4>\n<p><\/p>","protected":false},"excerpt":{"rendered":"<p>De suksessfulle utgivelsene Barnas Viser er endelig samlet i \u00e9n samleboks!<\/p>\n","protected":false},"featured_media":31667,"comment_status":"closed","ping_status":"closed","template":"","meta":[],"product_brand":[],"product_cat":[15],"product_tag":[],"class_list":{"0":"post-31664","1":"product","2":"type-product","3":"status-publish","4":"has-post-thumbnail","6":"product_cat-barne","7":"product_shipping_class-cddvd-shipping","8":"uni_artist_tag-alf-proysen","9":"uni_artist_tag-alice-tegner","10":"uni_artist_tag-edvard-grieg","11":"uni_artist_tag-finn-kalvik","12":"uni_artist_tag-finn-ludt","13":"uni_artist_tag-halfdan-kjerulf","14":"uni_artist_tag-jan-nielsen","15":"uni_artist_tag-johan-oian","16":"uni_artist_tag-kare-grottum","17":"uni_artist_tag-ketil-vea","18":"uni_artist_tag-oistein-sommerfeldt","19":"uni_artist_tag-oystein-sunde","20":"uni_artist_tag-paul-curtis","21":"uni_artist_tag-terje-formoe","22":"uni_artist_tag-thorbjorn-egner","23":"uni_artist_tag-trad","24":"uni_artist_tag-trygve-hoff","25":"uni_main_artist_tag-jan-nielsen","26":"uni_artist_genre-children","27":"uni_artist_genre-norwegian-lyrics","29":"first","30":"outofstock","31":"taxable","32":"shipping-taxable","33":"purchasable","34":"product-type-simple"},"_links":{"self":[{"href":"https:\/\/grappa.no\/no\/wp-json\/wp\/v2\/product\/31664","targetHints":{"allow":["GET"]}}],"collection":[{"href":"https:\/\/grappa.no\/no\/wp-json\/wp\/v2\/product"}],"about":[{"href":"https:\/\/grappa.no\/no\/wp-json\/wp\/v2\/types\/product"}],"replies":[{"embeddable":true,"href":"https:\/\/grappa.no\/no\/wp-json\/wp\/v2\/comments?post=31664"}],"wp:featuredmedia":[{"embeddable":true,"href":"https:\/\/grappa.no\/no\/wp-json\/wp\/v2\/media\/31667"}],"wp:attachment":[{"href":"https:\/\/grappa.no\/no\/wp-json\/wp\/v2\/media?parent=31664"}],"wp:term":[{"taxonomy":"product_brand","embeddable":true,"href":"https:\/\/grappa.no\/no\/wp-json\/wp\/v2\/product_brand?post=31664"},{"taxonomy":"product_cat","embeddable":true,"href":"https:\/\/grappa.no\/no\/wp-json\/wp\/v2\/product_cat?post=31664"},{"taxonomy":"product_tag","embeddable":true,"href":"https:\/\/grappa.no\/no\/wp-json\/wp\/v2\/product_tag?post=31664"}],"curies":[{"name":"wp","href":"https:\/\/api.w.org\/{rel}","templated":true}]}}