{"id":31609,"date":"2007-08-20T00:00:00","date_gmt":"2007-08-19T23:00:00","guid":{"rendered":"http:\/\/www.grappa.no\/no\/albums\/ukategorisert\/tweens-hitmix\/"},"modified":"2016-12-05T14:18:17","modified_gmt":"2016-12-05T13:18:17","slug":"tweens-hitmix","status":"publish","type":"product","link":"https:\/\/grappa.no\/no\/albums\/barne\/tweens-hitmix\/","title":{"rendered":"TWEENS HITMIX"},"content":{"rendered":"<p><\/p>\n<p>Popmusikk for tweens<\/p>\n<p>Tweens \u2013 hitmix er en annerledes barneplate, nemlig popmusikk spesiallaget for m\u00e5lgruppen tweens; de som er midt i mellom barn og ungdom (between). Ved \u00e5 kombinere kjente pop- og rockhits med unge sangtalenter, har vi laget en plate ungene mellom 8 og 12 vil elske \u00e5 synge til. Medvirkende artister er Tomine Malmquist Harket (14), Ola Isaac H\u00f8g\u00e5sen M\u00e6hlen (15), Maren Eikli Hiorth (15), Julian I. M. H\u00f8g\u00e5sen M\u00e6hlen (13), Robin T. Howard (12) og Siri Vreim \u00d8rbeck (11). <\/p>\n<p>Arve Furset har med disse unge talentene produsert og spilt inn blant annet f\u00f8lgende l\u00e5ter:<br \/>\nWe\u2019re all in this together (High School Musical) \u2013 I want you back (Jackson 5) \u2013 Under the surface (Marit Larsen) \u2013 Come together (The Beatles) \u2013 Beautiful (Christina Aguilera) \u2013 Free fallin\u2019 (Tom Petty) \u2013 This love (Maroon 5) \u2013 Don\u2019t Speak (No Doubt) \u2013 Living la vida loca (Ricky Martin) \u2013 We will rock you (Queen) \u2013 White Flag (Dido) og mange fler.<\/p>\n<p><!--more--><\/p>\n<h4><\/h4>\n<\/p>\n<h4><\/h4>\n<p><h4><\/h4>\n<\/p>\n<p><\/p>","protected":false},"excerpt":{"rendered":"<p>Tweens \u2013 hitmix er en annerledes barneplate, nemlig popmusikk spesiallaget for m\u00e5lgruppen tweens; de som er midt i mellom barn og ungdom (between).<\/p>\n","protected":false},"featured_media":31612,"comment_status":"closed","ping_status":"open","template":"","meta":[],"product_brand":[],"product_cat":[15],"product_tag":[],"class_list":{"0":"post-31609","1":"product","2":"type-product","3":"status-publish","4":"has-post-thumbnail","6":"product_cat-barne","7":"product_shipping_class-cddvd-shipping","8":"uni_artist_tag-arve-furuset","9":"uni_artist_tag-benny-andersson","10":"uni_artist_tag-bjorn-ulvaeus","11":"uni_artist_tag-frank-brodahl","12":"uni_artist_tag-jeff-lynne","13":"uni_artist_tag-john-lennon","14":"uni_artist_tag-oystein-sunde","15":"uni_artist_tag-paul-mccartney","16":"uni_artist_tag-tom-petty","17":"uni_artist_genre-children","18":"uni_artist_genre-norwegian-lyrics","20":"first","21":"instock","22":"taxable","23":"shipping-taxable","24":"purchasable","25":"product-type-simple"},"_links":{"self":[{"href":"https:\/\/grappa.no\/no\/wp-json\/wp\/v2\/product\/31609","targetHints":{"allow":["GET"]}}],"collection":[{"href":"https:\/\/grappa.no\/no\/wp-json\/wp\/v2\/product"}],"about":[{"href":"https:\/\/grappa.no\/no\/wp-json\/wp\/v2\/types\/product"}],"replies":[{"embeddable":true,"href":"https:\/\/grappa.no\/no\/wp-json\/wp\/v2\/comments?post=31609"}],"wp:featuredmedia":[{"embeddable":true,"href":"https:\/\/grappa.no\/no\/wp-json\/wp\/v2\/media\/31612"}],"wp:attachment":[{"href":"https:\/\/grappa.no\/no\/wp-json\/wp\/v2\/media?parent=31609"}],"wp:term":[{"taxonomy":"product_brand","embeddable":true,"href":"https:\/\/grappa.no\/no\/wp-json\/wp\/v2\/product_brand?post=31609"},{"taxonomy":"product_cat","embeddable":true,"href":"https:\/\/grappa.no\/no\/wp-json\/wp\/v2\/product_cat?post=31609"},{"taxonomy":"product_tag","embeddable":true,"href":"https:\/\/grappa.no\/no\/wp-json\/wp\/v2\/product_tag?post=31609"}],"curies":[{"name":"wp","href":"https:\/\/api.w.org\/{rel}","templated":true}]}}