{"id":31608,"date":"2007-03-19T00:00:00","date_gmt":"2007-03-18T23:00:00","guid":{"rendered":"http:\/\/www.grappa.no\/no\/albums\/ukategorisert\/min-forste-cd\/"},"modified":"2019-01-10T12:48:33","modified_gmt":"2019-01-10T11:48:33","slug":"min-forste-cd","status":"publish","type":"product","link":"https:\/\/grappa.no\/no\/albums\/barne\/min-forste-cd\/","title":{"rendered":"MIN F\u00d8RSTE CD"},"content":{"rendered":"<p><\/p>\n<p>For de aller minste barna<\/p>\n<p>Min f\u00f8rste CD er en variert samling barnesanger som passer for de aller minste barna. Artistene som synger er bl.a. Hanne Krogh, Odd B\u00f8rretzen, Geirr Lystrup, Kari Bremnes, Jannike Kruse og diverse barnekor. Sangene er valgt ut fordi de er klassiske og tradisjonelle \u2013 og noen av de f\u00f8rste sangene barn l\u00e6rer b\u00e5de hjemme og i barnehagene. For eksempel finner du her gamle favoritter som Lykkeliten, Vi har en tulle, Ro, ro til fiskeskj\u00e6r, Se min kjole, Nede p\u00e5 stasjonen, \u00c5 jeg vet en seter, Det satt to katter p\u00e5 et bord og So, ro Lillemann. Det er totalt 24 barnesanger p\u00e5 CD-en.<\/p>\n<p><!--more--><\/p>\n<h4><\/h4>\n<\/p>\n<h4><\/h4>\n<p><h4><\/h4>\n<\/p>\n<p><\/p>","protected":false},"excerpt":{"rendered":"<p>Min f\u00f8rste CD er en variert samling barnesanger som passer for de aller minste barna.<\/p>\n","protected":false},"featured_media":31611,"comment_status":"closed","ping_status":"open","template":"","meta":[],"product_brand":[],"product_cat":[15],"product_tag":[],"class_list":{"0":"post-31608","1":"product","2":"type-product","3":"status-publish","4":"has-post-thumbnail","6":"product_cat-barne","7":"product_shipping_class-cddvd-shipping","8":"uni_artist_tag-alice-tegner","9":"uni_artist_tag-forsvarets-musikkorps-trondelag","10":"uni_artist_tag-geirr-lystrup","11":"uni_artist_tag-hanne-krogh","12":"uni_artist_tag-jannike-kruse","13":"uni_artist_tag-kari-bremnes","14":"uni_artist_tag-line-ivarson","15":"uni_artist_tag-odd-borretzen","16":"uni_artist_tag-strays-barnekor","17":"uni_artist_tag-thorbjorn-egner","18":"uni_artist_tag-trad","19":"uni_artist_genre-children","20":"uni_artist_genre-norwegian-lyrics","22":"first","23":"outofstock","24":"taxable","25":"shipping-taxable","26":"product-type-simple"},"_links":{"self":[{"href":"https:\/\/grappa.no\/no\/wp-json\/wp\/v2\/product\/31608","targetHints":{"allow":["GET"]}}],"collection":[{"href":"https:\/\/grappa.no\/no\/wp-json\/wp\/v2\/product"}],"about":[{"href":"https:\/\/grappa.no\/no\/wp-json\/wp\/v2\/types\/product"}],"replies":[{"embeddable":true,"href":"https:\/\/grappa.no\/no\/wp-json\/wp\/v2\/comments?post=31608"}],"wp:featuredmedia":[{"embeddable":true,"href":"https:\/\/grappa.no\/no\/wp-json\/wp\/v2\/media\/31611"}],"wp:attachment":[{"href":"https:\/\/grappa.no\/no\/wp-json\/wp\/v2\/media?parent=31608"}],"wp:term":[{"taxonomy":"product_brand","embeddable":true,"href":"https:\/\/grappa.no\/no\/wp-json\/wp\/v2\/product_brand?post=31608"},{"taxonomy":"product_cat","embeddable":true,"href":"https:\/\/grappa.no\/no\/wp-json\/wp\/v2\/product_cat?post=31608"},{"taxonomy":"product_tag","embeddable":true,"href":"https:\/\/grappa.no\/no\/wp-json\/wp\/v2\/product_tag?post=31608"}],"curies":[{"name":"wp","href":"https:\/\/api.w.org\/{rel}","templated":true}]}}