{"id":31607,"date":"1995-01-01T00:00:00","date_gmt":"1994-12-31T23:00:00","guid":{"rendered":"http:\/\/www.grappa.no\/no\/albums\/ukategorisert\/uhu-vol-2\/"},"modified":"2016-09-28T09:32:11","modified_gmt":"2016-09-28T08:32:11","slug":"uhu-vol-2","status":"publish","type":"product","link":"https:\/\/grappa.no\/no\/albums\/barne\/uhu-vol-2\/","title":{"rendered":"UHU! VOL. 2"},"content":{"rendered":"<p><\/p>\n<p>Uhu! Volum to<\/p>\n<p>I kj\u00f8lvannet av den popul\u00e6re Barne-TV-serien Uhu! som gikk p\u00e5 Barne-TV i perioden 2001 til 2003, er det utgitt tre CD-er. Musikken har h\u00f8stet meget gode kritikker og vunnet flere Spellemannspriser. Her er volum to i denne serien, med sanger som Sans, En sang om Siv Bente og mange flere.<\/p>\n<p><!--more--><\/p>\n<h4><\/h4>\n<\/p>\n<h4><\/h4>\n<p><h4><\/h4>\n<\/p>\n<p><\/p>","protected":false},"excerpt":{"rendered":"<p>Volum to i serien av musikk fra den popul\u00e6re Barne-TV-serien Uhu!, med sanger som Sans, En sang om Siv Bente og mange flere.<\/p>\n","protected":false},"featured_media":31610,"comment_status":"closed","ping_status":"open","template":"","meta":[],"product_brand":[],"product_cat":[15],"product_tag":[],"class_list":{"0":"post-31607","1":"product","2":"type-product","3":"status-publish","4":"has-post-thumbnail","6":"product_cat-barne","7":"product_shipping_class-none","8":"uni_artist_tag-geir-luedy","9":"uni_artist_tag-lage-borresen","10":"uni_artist_tag-odd-nordstoga","11":"uni_artist_tag-svenn-erik-kristoffersen","12":"uni_artist_genre-children","13":"uni_artist_genre-norwegian-lyrics","15":"first","16":"instock","17":"taxable","18":"shipping-taxable","19":"product-type-simple"},"_links":{"self":[{"href":"https:\/\/grappa.no\/no\/wp-json\/wp\/v2\/product\/31607","targetHints":{"allow":["GET"]}}],"collection":[{"href":"https:\/\/grappa.no\/no\/wp-json\/wp\/v2\/product"}],"about":[{"href":"https:\/\/grappa.no\/no\/wp-json\/wp\/v2\/types\/product"}],"replies":[{"embeddable":true,"href":"https:\/\/grappa.no\/no\/wp-json\/wp\/v2\/comments?post=31607"}],"wp:featuredmedia":[{"embeddable":true,"href":"https:\/\/grappa.no\/no\/wp-json\/wp\/v2\/media\/31610"}],"wp:attachment":[{"href":"https:\/\/grappa.no\/no\/wp-json\/wp\/v2\/media?parent=31607"}],"wp:term":[{"taxonomy":"product_brand","embeddable":true,"href":"https:\/\/grappa.no\/no\/wp-json\/wp\/v2\/product_brand?post=31607"},{"taxonomy":"product_cat","embeddable":true,"href":"https:\/\/grappa.no\/no\/wp-json\/wp\/v2\/product_cat?post=31607"},{"taxonomy":"product_tag","embeddable":true,"href":"https:\/\/grappa.no\/no\/wp-json\/wp\/v2\/product_tag?post=31607"}],"curies":[{"name":"wp","href":"https:\/\/api.w.org\/{rel}","templated":true}]}}