{"id":31603,"date":"2013-11-22T00:00:00","date_gmt":"2013-11-21T23:00:00","guid":{"rendered":"http:\/\/www.grappa.no\/no\/albums\/ukategorisert\/barna-synger-thorbjorn-egner\/"},"modified":"2024-12-09T11:48:39","modified_gmt":"2024-12-09T10:48:39","slug":"barna-synger-thorbjorn-egner","status":"publish","type":"product","link":"https:\/\/grappa.no\/no\/albums\/barne\/barna-synger-thorbjorn-egner\/","title":{"rendered":"Barna synger Thorbj\u00f8rn Egner"},"content":{"rendered":"<p><\/p>\n<p>Barna synger Thorbj\u00f8rn Egner<\/p>\n<p>Barna synger er en CD-serie med kjente og kj\u00e6re barnesanger &#8211; sunget av barna selv. Sangene er spilt inn med barn fra forskjellige barnekor, som gir oss sjarmerende versjoner av kjente barnesanger.<\/p>\n<p>N\u00e5 lanseres to nye titler i serien, Barna synger Kaptein Sabeltann og Barnas synger Thorbj\u00f8rn Egner. En tredje tittel vil utgis i forbindelse med Alf Pr\u00f8ysen-jubileet i 2014 \u2013 Barna synger Alf Pr\u00f8ysen.<\/p>\n<p>De mest kjente sangene fra de tre ulike universene vil v\u00e6re representert, og er i stor grad spilt inn med de samme arrangementene som originalene, slik at barna lett kan kjenne igjen og synge med p\u00e5 favorittsangene sine<\/p>\n<p>Platene er produsent av Arvid Wam Solvang, som har jobbet med bl. a. Maria Mena, Vidar Johnsen og Christel Alsos.<\/p>\n<p>CD-coverne er illustrert av Svein Nyhus.<\/p>\n<p><!--more--><\/p>\n<h4><\/h4>\n<h4><\/h4>\n<h4><\/h4>\n<p><\/p>","protected":false},"excerpt":{"rendered":"<p>Barna synger er en CD-serie med kjente og kj\u00e6re barnesanger &#8211; sunget av barna selv.<\/p>\n","protected":false},"featured_media":31606,"comment_status":"closed","ping_status":"closed","template":"","meta":[],"product_brand":[],"product_cat":[15],"product_tag":[],"class_list":{"0":"post-31603","1":"product","2":"type-product","3":"status-publish","4":"has-post-thumbnail","6":"product_cat-barne","7":"product_shipping_class-cddvd-shipping","8":"uni_artist_tag-arvid-wam-solvang","9":"uni_artist_tag-barna-synger","10":"uni_artist_tag-eivind-molden-norseng","11":"uni_artist_tag-jan-olav-renvag","12":"uni_artist_tag-kristian-tybakken","13":"uni_artist_tag-lars-stovland","14":"uni_artist_tag-thorbjorn-egner","15":"uni_artist_tag-trad","16":"uni_main_artist_tag-barna-synger","17":"uni_artist_genre-children","18":"uni_artist_genre-norwegian-lyrics","20":"first","21":"outofstock","22":"taxable","23":"shipping-taxable","24":"purchasable","25":"product-type-simple"},"_links":{"self":[{"href":"https:\/\/grappa.no\/no\/wp-json\/wp\/v2\/product\/31603","targetHints":{"allow":["GET"]}}],"collection":[{"href":"https:\/\/grappa.no\/no\/wp-json\/wp\/v2\/product"}],"about":[{"href":"https:\/\/grappa.no\/no\/wp-json\/wp\/v2\/types\/product"}],"replies":[{"embeddable":true,"href":"https:\/\/grappa.no\/no\/wp-json\/wp\/v2\/comments?post=31603"}],"wp:featuredmedia":[{"embeddable":true,"href":"https:\/\/grappa.no\/no\/wp-json\/wp\/v2\/media\/31606"}],"wp:attachment":[{"href":"https:\/\/grappa.no\/no\/wp-json\/wp\/v2\/media?parent=31603"}],"wp:term":[{"taxonomy":"product_brand","embeddable":true,"href":"https:\/\/grappa.no\/no\/wp-json\/wp\/v2\/product_brand?post=31603"},{"taxonomy":"product_cat","embeddable":true,"href":"https:\/\/grappa.no\/no\/wp-json\/wp\/v2\/product_cat?post=31603"},{"taxonomy":"product_tag","embeddable":true,"href":"https:\/\/grappa.no\/no\/wp-json\/wp\/v2\/product_tag?post=31603"}],"curies":[{"name":"wp","href":"https:\/\/api.w.org\/{rel}","templated":true}]}}