{"id":31602,"date":"2012-11-16T00:00:00","date_gmt":"2012-11-15T23:00:00","guid":{"rendered":"http:\/\/www.grappa.no\/no\/albums\/ukategorisert\/vi-har-den-aere-en-hyllest-til-thorbjorn-egner\/"},"modified":"2018-08-22T16:02:53","modified_gmt":"2018-08-22T15:02:53","slug":"vi-har-den-aere-en-hyllest-til-thorbjorn-egner","status":"publish","type":"product","link":"https:\/\/grappa.no\/no\/albums\/barne\/vi-har-den-aere-en-hyllest-til-thorbjorn-egner\/","title":{"rendered":"Vi har den \u00e6re. En hyllest til Thorbj\u00f8rn Egner"},"content":{"rendered":"<p><\/p>\n<p>Artistenes egen hyllest til Thorbj\u00f8rn Egner<\/p>\n<p>I 2012 er det 100 \u00e5r siden Thorbj\u00f8rn Egner ble f\u00f8dt. Forfatteren, tegneren, komponisten og visedikteren har preget oppveksten til tusenvis av norske barn gjennom b\u00f8ker, teaterstykker, h\u00f8respill og viser. <\/p>\n<p>Det er ikke mye som er s\u00e5 innarbeidet i norsk kulturarv som Egners viser. Dette er artistenes egen hyllest til Egner! Med denne platen \u00f8nsker man \u00e5 gj\u00f8re \u00e6re p\u00e5 Egner ved \u00e5 utgi 15 av de folkekj\u00e6re visene hans i ny drakt \u2013 f\u00e5 fram noe nytt, fantasifullt og originalt. Dette s\u00f8rger noen av landets aller beste artister for: Ravi, Kaizers Orchestra, The BlackSheeps, Katzenjammer, Kr\u00e5kes\u00f8lv, Noora Noor, Dandylion, Pust, Tooji, Frida \u00c5nnevik, Magnet, Alexander Rybak, Didrik Solli Tangen, Narum og Jaa9 &amp; OnklP. Med p\u00e5 utgivelsen er ogs\u00e5 vinneren av P3 Ur\u00f8rts Egner-konkurranse som p\u00e5gikk v\u00e5ren 2012: Partyballo feat. DJ Mienna med So ro lillemann. Denne dansbare versjonen av Klatremus\u2019 voggevise vil garantert f\u00e5 deg til \u00e5 spisse \u00f8rene! <\/p>\n<p>Dette er en plate litt utenom det vanlige, og med s\u00e5 varierte artister og ulike arrangementer er det duket for et mangfold av tolkninger innen en rekke musikksjangre &#8211; b\u00e5de viser, pop, rock, tekno og rap. Dette er sannsynligvis \u00e5rets kuleste plate!<\/p>\n<p><!--more--><\/p>\n<h4><\/h4>\n<\/p>\n<h4><\/h4>\n<p><h4><\/h4>\n<\/p>\n<p><\/p>","protected":false},"excerpt":{"rendered":"<p>Dette er sannsynligvis \u00e5rets kuleste plate!<\/p>\n","protected":false},"featured_media":31605,"comment_status":"closed","ping_status":"open","template":"","meta":[],"product_brand":[],"product_cat":[15],"product_tag":[],"class_list":{"0":"post-31602","1":"product","2":"type-product","3":"status-publish","4":"has-post-thumbnail","6":"product_cat-barne","7":"product_shipping_class-cddvd-shipping","8":"uni_artist_tag-alexander-rybak","9":"uni_artist_tag-dandylion","10":"uni_artist_tag-didrik-solli-tangen","11":"uni_artist_tag-frida-annevik","12":"uni_artist_tag-jaa9-onklp","13":"uni_artist_tag-kaizers-orchestra","14":"uni_artist_tag-katzenjammer","15":"uni_artist_tag-krakesolv","16":"uni_artist_tag-magnet-kaptein-kaliberg-feat-fenrik-bembo","17":"uni_artist_tag-magnus-beite","18":"uni_artist_tag-narum","19":"uni_artist_tag-noora-noor","20":"uni_artist_tag-partyballo-feat-dj-mienna","21":"uni_artist_tag-pust","22":"uni_artist_tag-ravi","23":"uni_artist_tag-the-blacksheeps","24":"uni_artist_tag-thorbjorn-egner","25":"uni_artist_tag-tooji","26":"uni_artist_tag-trad","27":"uni_artist_genre-children","28":"uni_artist_genre-norwegian-lyrics","30":"first","31":"instock","32":"taxable","33":"shipping-taxable","34":"purchasable","35":"product-type-simple"},"_links":{"self":[{"href":"https:\/\/grappa.no\/no\/wp-json\/wp\/v2\/product\/31602","targetHints":{"allow":["GET"]}}],"collection":[{"href":"https:\/\/grappa.no\/no\/wp-json\/wp\/v2\/product"}],"about":[{"href":"https:\/\/grappa.no\/no\/wp-json\/wp\/v2\/types\/product"}],"replies":[{"embeddable":true,"href":"https:\/\/grappa.no\/no\/wp-json\/wp\/v2\/comments?post=31602"}],"wp:featuredmedia":[{"embeddable":true,"href":"https:\/\/grappa.no\/no\/wp-json\/wp\/v2\/media\/31605"}],"wp:attachment":[{"href":"https:\/\/grappa.no\/no\/wp-json\/wp\/v2\/media?parent=31602"}],"wp:term":[{"taxonomy":"product_brand","embeddable":true,"href":"https:\/\/grappa.no\/no\/wp-json\/wp\/v2\/product_brand?post=31602"},{"taxonomy":"product_cat","embeddable":true,"href":"https:\/\/grappa.no\/no\/wp-json\/wp\/v2\/product_cat?post=31602"},{"taxonomy":"product_tag","embeddable":true,"href":"https:\/\/grappa.no\/no\/wp-json\/wp\/v2\/product_tag?post=31602"}],"curies":[{"name":"wp","href":"https:\/\/api.w.org\/{rel}","templated":true}]}}