{"id":31524,"date":"2016-09-23T00:00:00","date_gmt":"2016-09-22T23:00:00","guid":{"rendered":"http:\/\/www.grappa.no\/no\/albums\/ukategorisert\/dragning-mot-sinnets-dyp\/"},"modified":"2025-10-14T12:01:23","modified_gmt":"2025-10-14T11:01:23","slug":"dragning-mot-sinnets-dyp","status":"publish","type":"product","link":"https:\/\/grappa.no\/no\/albums\/heilo\/dragning-mot-sinnets-dyp\/","title":{"rendered":"Dragning mot sinnets dyp"},"content":{"rendered":"<p><\/p>\n<p>Astri Hognestad og Agnes Buen Garn\u00e5s<\/p>\n<p>P\u00e5kostet og dyptloddende 224 siders bok med eksempel-CD som ser folkevisene i et dybdepsykologisk perspektiv. Folkevisene er livsn\u00e6re og beskriver vanlige menneskelige erfaringer med kj\u00e6rlighet, angst, svik, m\u00f8te med overveldende krefter, d\u00f8d og sorg, men ogs\u00e5 endring og modning. I boken g\u00e5r forfatter og psykoterapeut Astri Hognestad gjennom et utvalg viser. Ved \u00e5 se p\u00e5 symbolikken i de ulike skikkelser\u00a0og situasjoner,\u00a0gir hun oss en dypere forst\u00e5else av hvilke f\u00f8lelser og krefter som er i virksomhet \u2013 og viser\u00a0mulige veier\u00a0til frigj\u00f8ring fra det som hindrer utvikling og vekst. Agnes Buen Garn\u00e5s har satt sammen en egen CD med utvalgte folkeviser som f\u00f8lger boken. Fotografier av Arne Svalastog gir en ytterligere dimensjon til stoffet.<\/p>\n<p><!--more--><\/p>\n<p>P\u00e5kostet og dyptloddende 224 siders bok med eksempel-CD som ser folkevisene i et dybdepsykologisk perspektiv. Folkevisene er livsn\u00e6re og beskriver vanlige menneskelige erfaringer med kj\u00e6rlighet, angst, svik, m\u00f8te med overveldende krefter, d\u00f8d og sorg, men ogs\u00e5 endring og modning.<\/p>\n<h4>Agnes og Astri<\/h4>\n<p>Prosjektet ser p\u00e5 folkevisene fra en dybdepsykologisk synsvinkel kombinert med en kunstnerisk fremf\u00f8ring. Ideen kom fra Agnes Buen Garn\u00e5s etter hun og Astri Hognestad hadde v\u00e6rt sammen p\u00e5 flere eventyrseminarer i B\u00f8 hvor Astri fikk en introduksjon til folkevisenes rike symbolverden. De to hadde lik forst\u00e5else av visene, og med ulik bakgrunn og tiln\u00e6rming til stoffet har samarbeidet blitt sv\u00e6rt fruktbart. Agnes har med sin kvedarbakgrunn stor kjennskap til de ulike visene og den sammenhengen de h\u00f8rer hjemme i, mens Astri med bakgrunn fra jugiansk psykologi kunne se dem ut i fra et dybdepsykologisk perspektiv.<\/p>\n<h4><\/h4>\n<p>Agnes Buen Garn\u00e5s har satt sammen en egen CD med utvalgte folkeviser som f\u00f8lger boken. Fotografier av Arne Svalastog gir en ytterligere dimensjon til stoffet.<\/p>\n<h4><\/h4>\n<p><\/p>","protected":false},"excerpt":{"rendered":"<p>Et utvalg folkeviser sett fra en dybdepsykologisk synsvinkel.<\/p>\n","protected":false},"featured_media":31525,"comment_status":"closed","ping_status":"closed","template":"","meta":[],"product_brand":[],"product_cat":[35],"product_tag":[],"class_list":{"0":"post-31524","1":"product","2":"type-product","3":"status-publish","4":"has-post-thumbnail","6":"product_cat-heilo","7":"product_shipping_class-book-shipping","8":"uni_artist_tag-agnes-buen-garnas","9":"uni_artist_tag-annbjorg-lien","10":"uni_artist_tag-anne-marit-jacobsen","11":"uni_artist_tag-arild-andersen","12":"uni_artist_tag-arve-moen-bergset","13":"uni_artist_tag-astri-hognestad","14":"uni_artist_tag-bendik-hofseth","15":"uni_artist_tag-bjorn-ole-rasch","16":"uni_artist_tag-bugge-wesseltoft","17":"uni_artist_tag-bukkene-bruse","18":"uni_artist_tag-eivind-aarset","19":"uni_artist_tag-eli-storbekken","20":"uni_artist_tag-halvor-hakanes","21":"uni_artist_tag-jan-garbarek","22":"uni_artist_tag-kare-nordstoga","23":"uni_artist_tag-kirsten-braten-berg","24":"uni_artist_tag-leiv-solberg","25":"uni_artist_tag-sinikka-langeland","26":"uni_artist_tag-steinar-ofsdal","27":"uni_artist_tag-trad","28":"uni_artist_tag-turid-spildo-nerdrum","29":"uni_main_artist_tag-agnes-buen-garnas","30":"uni_artist_genre-folk-music","32":"first","33":"outofstock","34":"taxable","35":"shipping-taxable","36":"purchasable","37":"product-type-simple"},"_links":{"self":[{"href":"https:\/\/grappa.no\/no\/wp-json\/wp\/v2\/product\/31524","targetHints":{"allow":["GET"]}}],"collection":[{"href":"https:\/\/grappa.no\/no\/wp-json\/wp\/v2\/product"}],"about":[{"href":"https:\/\/grappa.no\/no\/wp-json\/wp\/v2\/types\/product"}],"replies":[{"embeddable":true,"href":"https:\/\/grappa.no\/no\/wp-json\/wp\/v2\/comments?post=31524"}],"wp:featuredmedia":[{"embeddable":true,"href":"https:\/\/grappa.no\/no\/wp-json\/wp\/v2\/media\/31525"}],"wp:attachment":[{"href":"https:\/\/grappa.no\/no\/wp-json\/wp\/v2\/media?parent=31524"}],"wp:term":[{"taxonomy":"product_brand","embeddable":true,"href":"https:\/\/grappa.no\/no\/wp-json\/wp\/v2\/product_brand?post=31524"},{"taxonomy":"product_cat","embeddable":true,"href":"https:\/\/grappa.no\/no\/wp-json\/wp\/v2\/product_cat?post=31524"},{"taxonomy":"product_tag","embeddable":true,"href":"https:\/\/grappa.no\/no\/wp-json\/wp\/v2\/product_tag?post=31524"}],"curies":[{"name":"wp","href":"https:\/\/api.w.org\/{rel}","templated":true}]}}