{"id":31492,"date":"2014-03-07T00:00:00","date_gmt":"2014-03-06T23:00:00","guid":{"rendered":"http:\/\/www.grappa.no\/no\/albums\/ukategorisert\/superbarna-vi-vil-leke\/"},"modified":"2024-08-21T11:02:42","modified_gmt":"2024-08-21T10:02:42","slug":"superbarna-vi-vil-leke","status":"publish","type":"product","link":"https:\/\/grappa.no\/no\/albums\/barne\/superbarna-vi-vil-leke\/","title":{"rendered":"Superbarna: Vi vil leke!"},"content":{"rendered":"<p><\/p>\n<p>Fengende pop-l\u00e5ter for barna!<\/p>\n<p>Superbarna er en norsk gruppe fra Ask i Gjerdrum, best\u00e5ende av barn mellom 4 og 12 \u00e5r. De har tidligere utgitt tre album og samarbeidet med flere kjente artister og musikere, bl.a. Alexander Rybak, Lisa B\u00f8rud, Hanne S\u00f8rvaag og Sigmund Groven. De reiser stadig rundt p\u00e5 turn\u00e9 og har holdt konserter i bl.a. Grieghallen og Olavshallen og v\u00e6rt med p\u00e5 Allsang p\u00e5 Grensen.<\/p>\n<p>N\u00e5 er de aktuelle med ny plate, og denne gangen vil de leke! Sangene p\u00e5 den nye platen er produsert av Knut Bj\u00f8rnar Asphol og Tone Lise Ramstad Asphol og best\u00e5r av 10 fengende pop-l\u00e5ter for barn. De handler bl.a. om kj\u00e6ledyr, forelskelser og vennskap. Superbarna har bidratt med ideer og innspill gjennom hele prosessen. Alexander Rybak bidrar med fiolin p\u00e5 flere av sangene, og artist og l\u00e5tskriver Hanne S\u00f8rvaag er solist p\u00e5 en spenstig variant av Alf Pr\u00f8ysens &#8220;Bolla Pinnsvin&#8221;.<\/p>\n<p>CD-en inneholder ogs\u00e5 singback-versjoner av alle sangene.<\/p>\n<p>Superbarna best\u00e5r av:<br \/>\nPernille Hogstad Stene, Kristine Bang Thori, Jenny Louise Helt, Thea Haugland, Benjamin Asphol og Tobias Asphol.<\/p>\n<p><!--more--><\/p>\n<h4><\/h4>\n<h4><\/h4>\n<h4><\/h4>\n<p><\/p>","protected":false},"excerpt":{"rendered":"<p>Superbarnas fengende pop-l\u00e5ter for barna! Med bidrag fra Alexander Rybak og Hanne S\u00f8rvaag.<\/p>\n","protected":false},"featured_media":31497,"comment_status":"closed","ping_status":"closed","template":"","meta":[],"product_brand":[],"product_cat":[15],"product_tag":[],"class_list":{"0":"post-31492","1":"product","2":"type-product","3":"status-publish","4":"has-post-thumbnail","6":"product_cat-barne","7":"product_shipping_class-cddvd-shipping","8":"uni_artist_tag-alexander-rybak","9":"uni_artist_tag-hanne-sorvaag","10":"uni_artist_tag-knut-bjornar-asphol","11":"uni_artist_tag-superbarna","12":"uni_main_artist_tag-superbarna","13":"uni_artist_genre-children","14":"uni_artist_genre-norwegian-lyrics","16":"first","17":"outofstock","18":"taxable","19":"shipping-taxable","20":"purchasable","21":"product-type-simple"},"_links":{"self":[{"href":"https:\/\/grappa.no\/no\/wp-json\/wp\/v2\/product\/31492","targetHints":{"allow":["GET"]}}],"collection":[{"href":"https:\/\/grappa.no\/no\/wp-json\/wp\/v2\/product"}],"about":[{"href":"https:\/\/grappa.no\/no\/wp-json\/wp\/v2\/types\/product"}],"replies":[{"embeddable":true,"href":"https:\/\/grappa.no\/no\/wp-json\/wp\/v2\/comments?post=31492"}],"wp:featuredmedia":[{"embeddable":true,"href":"https:\/\/grappa.no\/no\/wp-json\/wp\/v2\/media\/31497"}],"wp:attachment":[{"href":"https:\/\/grappa.no\/no\/wp-json\/wp\/v2\/media?parent=31492"}],"wp:term":[{"taxonomy":"product_brand","embeddable":true,"href":"https:\/\/grappa.no\/no\/wp-json\/wp\/v2\/product_brand?post=31492"},{"taxonomy":"product_cat","embeddable":true,"href":"https:\/\/grappa.no\/no\/wp-json\/wp\/v2\/product_cat?post=31492"},{"taxonomy":"product_tag","embeddable":true,"href":"https:\/\/grappa.no\/no\/wp-json\/wp\/v2\/product_tag?post=31492"}],"curies":[{"name":"wp","href":"https:\/\/api.w.org\/{rel}","templated":true}]}}