{"id":31490,"date":"2007-02-19T00:00:00","date_gmt":"2007-02-18T23:00:00","guid":{"rendered":"http:\/\/www.grappa.no\/no\/albums\/ukategorisert\/i-dovregubbens-hall-grieg-for-barn\/"},"modified":"2019-10-07T13:14:05","modified_gmt":"2019-10-07T12:14:05","slug":"i-dovregubbens-hall-grieg-for-barn","status":"publish","type":"product","link":"https:\/\/grappa.no\/no\/albums\/barne\/i-dovregubbens-hall-grieg-for-barn\/","title":{"rendered":"I DOVREGUBBENS HALL &#8211; GRIEG FOR BARN"},"content":{"rendered":"<p><\/p>\n<p>En inngangsport til Edvard Griegs verker<\/p>\n<p>Som en inngangsport og introduksjon til mange av Edvard Griegs verker har Barneselskapet utgitt I Dovregubbens hall p\u00e5 CD. Grieg-elskere vil kjenne igjen musikken, for det er kjente og kj\u00e6re innspillinger. Men utvalget er spesielt tilrettelagt barn ved \u00e5 nettopp fokusere p\u00e5 det mest kjente. Det blir derfor en fin \u201dbest of\u201d-samling for hele familien, eller for voksne som \u00f8nsker en enkel \u201dinnf\u00f8ring\u201d i Griegs musikk. CD-en inneholder klassiske perler som bl.a. Morgenstemning, I Dovregubbens hall, Klaverkonsert i a-moll, Lyriske stykker, Norske danser og Barnlige sanger. Medvirkende er bl.a. Royal Philharmonic Orchestra, Oslo Filharmoniske Orkester, Marianne Hirsti, Sigurd Sl\u00e5ttebrekk, og Eva Knardahl.<\/p>\n<p><!--more--><\/p>\n<h4><\/h4>\n<\/p>\n<h4><\/h4>\n<p><h4><\/h4>\n<\/p>\n<p><\/p>","protected":false},"excerpt":{"rendered":"<p>En inngangsport og introduksjon til mange av Edvard Griegs verker med kjente og kj\u00e6re innspillinger av bl.a. Royal Philharmonic Orchestra, Oslo Filharmoniske Orkester, Marianne Hirsti, Sigurd Sl\u00e5ttebrekk og Eva Knardahl.<\/p>\n","protected":false},"featured_media":31495,"comment_status":"closed","ping_status":"open","template":"","meta":[],"product_brand":[],"product_cat":[15],"product_tag":[],"class_list":{"0":"post-31490","1":"product","2":"type-product","3":"status-publish","4":"has-post-thumbnail","6":"product_cat-barne","7":"product_shipping_class-cddvd-shipping","8":"uni_artist_tag-edvard-grieg","9":"uni_artist_tag-eva-knardahl","10":"uni_artist_tag-geir-botnen","11":"uni_artist_tag-geir-henning-braaten","12":"uni_artist_tag-lithuanian-national-symphony-orchestra","13":"uni_artist_tag-marianne-hirsti","14":"uni_artist_tag-michail-jurowski","15":"uni_artist_tag-oslo-philharmonic-orchestra","16":"uni_artist_tag-per-dreier","17":"uni_artist_tag-per-vollestad","18":"uni_artist_tag-royal-philharmonic-orchestra","19":"uni_artist_tag-sigurd-slattebrekk","20":"uni_artist_tag-terje-mikkelsen","21":"uni_main_artist_tag-oslo-philharmonic-orchestra","22":"uni_artist_genre-children","23":"uni_artist_genre-classical","24":"uni_artist_genre-orchestral","25":"uni_artist_genre-piano","27":"first","28":"instock","29":"taxable","30":"shipping-taxable","31":"purchasable","32":"product-type-simple"},"_links":{"self":[{"href":"https:\/\/grappa.no\/no\/wp-json\/wp\/v2\/product\/31490","targetHints":{"allow":["GET"]}}],"collection":[{"href":"https:\/\/grappa.no\/no\/wp-json\/wp\/v2\/product"}],"about":[{"href":"https:\/\/grappa.no\/no\/wp-json\/wp\/v2\/types\/product"}],"replies":[{"embeddable":true,"href":"https:\/\/grappa.no\/no\/wp-json\/wp\/v2\/comments?post=31490"}],"wp:featuredmedia":[{"embeddable":true,"href":"https:\/\/grappa.no\/no\/wp-json\/wp\/v2\/media\/31495"}],"wp:attachment":[{"href":"https:\/\/grappa.no\/no\/wp-json\/wp\/v2\/media?parent=31490"}],"wp:term":[{"taxonomy":"product_brand","embeddable":true,"href":"https:\/\/grappa.no\/no\/wp-json\/wp\/v2\/product_brand?post=31490"},{"taxonomy":"product_cat","embeddable":true,"href":"https:\/\/grappa.no\/no\/wp-json\/wp\/v2\/product_cat?post=31490"},{"taxonomy":"product_tag","embeddable":true,"href":"https:\/\/grappa.no\/no\/wp-json\/wp\/v2\/product_tag?post=31490"}],"curies":[{"name":"wp","href":"https:\/\/api.w.org\/{rel}","templated":true}]}}