{"id":31489,"date":"2006-10-30T00:00:00","date_gmt":"2006-10-29T23:00:00","guid":{"rendered":"http:\/\/www.grappa.no\/no\/albums\/ukategorisert\/blarollinger\/"},"modified":"2016-09-27T10:32:12","modified_gmt":"2016-09-27T09:32:12","slug":"blarollinger","status":"publish","type":"product","link":"https:\/\/grappa.no\/no\/albums\/barne\/blarollinger\/","title":{"rendered":"BL\u00c5ROLLINGER"},"content":{"rendered":"<p><\/p>\n<p>Bl\u00e5rollingene<\/p>\n<p>Bl\u00e5rolling-konseptet startet p\u00e5 klubben Bl\u00e5 ved Akerselva i Oslo. Der fikk arrang\u00f8rene snart stor oppmerksomhet for sine s\u00f8ndagskonserter for barn. Den popul\u00e6re jazzklubben har sprengt den nedre aldersgrensen for utesteder, og mange profilerte artister stiller opp, ofte med et noe uvanlig repertoar. For at resten av landet skal f\u00e5 gleden av dette konseptet har vi utgitt et knippe artister med deres bidrag til konsertserien. Blant annet: Lars Lillo-Stenberg, Bare Egil Band, Hilde Louise Asbj\u00f8rnsen, Gro Dahle, Lyriaka, Nyskjerrig (Skranglebein) osv.<\/p>\n<p><!--more--><\/p>\n<h4><\/h4>\n<\/p>\n<h4><\/h4>\n<p><h4><\/h4>\n<\/p>\n<p><\/p>","protected":false},"excerpt":{"rendered":"<p>Bl\u00e5rolling-konseptet fra klubben Bl\u00e5 p\u00e5 CD!<\/p>\n","protected":false},"featured_media":31494,"comment_status":"closed","ping_status":"open","template":"","meta":[],"product_brand":[],"product_cat":[15],"product_tag":[],"class_list":{"0":"post-31489","1":"product","2":"type-product","3":"status-publish","4":"has-post-thumbnail","6":"product_cat-barne","7":"product_shipping_class-cddvd-shipping","8":"uni_artist_tag-bare-egil","9":"uni_artist_tag-egil-hegerberg","10":"uni_artist_tag-hilde-louise-asbjornsen","11":"uni_artist_tag-kouame-gerard-sereba","12":"uni_artist_tag-lars-lillo-stenberg","13":"uni_artist_tag-trad","14":"uni_artist_genre-children","15":"uni_artist_genre-norwegian-lyrics","17":"first","18":"instock","19":"taxable","20":"shipping-taxable","21":"purchasable","22":"product-type-simple"},"_links":{"self":[{"href":"https:\/\/grappa.no\/no\/wp-json\/wp\/v2\/product\/31489","targetHints":{"allow":["GET"]}}],"collection":[{"href":"https:\/\/grappa.no\/no\/wp-json\/wp\/v2\/product"}],"about":[{"href":"https:\/\/grappa.no\/no\/wp-json\/wp\/v2\/types\/product"}],"replies":[{"embeddable":true,"href":"https:\/\/grappa.no\/no\/wp-json\/wp\/v2\/comments?post=31489"}],"wp:featuredmedia":[{"embeddable":true,"href":"https:\/\/grappa.no\/no\/wp-json\/wp\/v2\/media\/31494"}],"wp:attachment":[{"href":"https:\/\/grappa.no\/no\/wp-json\/wp\/v2\/media?parent=31489"}],"wp:term":[{"taxonomy":"product_brand","embeddable":true,"href":"https:\/\/grappa.no\/no\/wp-json\/wp\/v2\/product_brand?post=31489"},{"taxonomy":"product_cat","embeddable":true,"href":"https:\/\/grappa.no\/no\/wp-json\/wp\/v2\/product_cat?post=31489"},{"taxonomy":"product_tag","embeddable":true,"href":"https:\/\/grappa.no\/no\/wp-json\/wp\/v2\/product_tag?post=31489"}],"curies":[{"name":"wp","href":"https:\/\/api.w.org\/{rel}","templated":true}]}}