{"id":31488,"date":"2005-03-07T00:00:00","date_gmt":"2005-03-06T23:00:00","guid":{"rendered":"http:\/\/www.grappa.no\/no\/albums\/ukategorisert\/kjente-kjaere-og-noen-glemte-barnesanger\/"},"modified":"2016-09-27T10:32:12","modified_gmt":"2016-09-27T09:32:12","slug":"kjente-kjaere-og-noen-glemte-barnesanger","status":"publish","type":"product","link":"https:\/\/grappa.no\/no\/albums\/barne\/kjente-kjaere-og-noen-glemte-barnesanger\/","title":{"rendered":"KJENTE, KJ\u00c6RE OG NOEN GLEMTE BARNESANGER"},"content":{"rendered":"<p><\/p>\n<p>Uvante stemninger i kjente barnesanger<\/p>\n<p>Det norske forsvaret har flere strenger \u00e5 spille p\u00e5, n\u00e5 har Forsvarets musikkorps Tr\u00f8ndelag gitt ut barneplate! Sammen med Jannike Kruse, kjent fra Nissene p\u00e5 l\u00e5ven og musikalene Fr\u00f8ken Detektiv, Fame og Annie get your gun, har de spilt inn en annerledes barneplate. Med fokus p\u00e5 instrumentenes egenart og nye arrangementer, har de f\u00e5tt frem uvante stemninger i kjente barnesanger. Resultatet er blitt en morsom og unik samling kjente, kj\u00e6re (og noen glemte) barnesanger, frontet av Jannikes klokkeklare stemme.<\/p>\n<p><!--more--><\/p>\n<h4><\/h4>\n<\/p>\n<h4><\/h4>\n<p><h4><\/h4>\n<\/p>\n<p><\/p>","protected":false},"excerpt":{"rendered":"<p>Forsvarets Musikkorps Tr\u00f8ndelag og Jannike Kruse, kjent fra Nissene p\u00e5 l\u00e5ven og musikalene Fr\u00f8ken Detektiv, Fame og Annie get your gun, har sammen spilt inn en helt annerledes barneplate!<\/p>\n","protected":false},"featured_media":31493,"comment_status":"closed","ping_status":"open","template":"","meta":[],"product_brand":[],"product_cat":[15],"product_tag":[],"class_list":{"0":"post-31488","1":"product","2":"type-product","3":"status-publish","4":"has-post-thumbnail","6":"product_cat-barne","7":"product_shipping_class-cddvd-shipping","8":"uni_artist_tag-alice-tegner","9":"uni_artist_tag-anne-haavie","10":"uni_artist_tag-bjarne-amdahl","11":"uni_artist_tag-finn-ludt","12":"uni_artist_tag-forsvarets-musikkorps-trondelag","13":"uni_artist_tag-georg-riedel","14":"uni_artist_tag-jannike-kruse","15":"uni_artist_tag-jens-gundersen","16":"uni_artist_tag-johan-oian","17":"uni_artist_tag-kjell-seim","18":"uni_artist_tag-trad","19":"uni_main_artist_tag-jannike-kruse","20":"uni_artist_genre-children","21":"uni_artist_genre-norwegian-lyrics","23":"first","24":"instock","25":"taxable","26":"shipping-taxable","27":"purchasable","28":"product-type-simple"},"_links":{"self":[{"href":"https:\/\/grappa.no\/no\/wp-json\/wp\/v2\/product\/31488","targetHints":{"allow":["GET"]}}],"collection":[{"href":"https:\/\/grappa.no\/no\/wp-json\/wp\/v2\/product"}],"about":[{"href":"https:\/\/grappa.no\/no\/wp-json\/wp\/v2\/types\/product"}],"replies":[{"embeddable":true,"href":"https:\/\/grappa.no\/no\/wp-json\/wp\/v2\/comments?post=31488"}],"wp:featuredmedia":[{"embeddable":true,"href":"https:\/\/grappa.no\/no\/wp-json\/wp\/v2\/media\/31493"}],"wp:attachment":[{"href":"https:\/\/grappa.no\/no\/wp-json\/wp\/v2\/media?parent=31488"}],"wp:term":[{"taxonomy":"product_brand","embeddable":true,"href":"https:\/\/grappa.no\/no\/wp-json\/wp\/v2\/product_brand?post=31488"},{"taxonomy":"product_cat","embeddable":true,"href":"https:\/\/grappa.no\/no\/wp-json\/wp\/v2\/product_cat?post=31488"},{"taxonomy":"product_tag","embeddable":true,"href":"https:\/\/grappa.no\/no\/wp-json\/wp\/v2\/product_tag?post=31488"}],"curies":[{"name":"wp","href":"https:\/\/api.w.org\/{rel}","templated":true}]}}