{"id":31485,"date":"2016-09-23T00:00:00","date_gmt":"2016-09-22T23:00:00","guid":{"rendered":"http:\/\/www.grappa.no\/no\/albums\/ukategorisert\/blatt-rom-vol-2\/"},"modified":"2016-11-18T16:39:44","modified_gmt":"2016-11-18T15:39:44","slug":"blatt-rom-vol-2","status":"publish","type":"product","link":"https:\/\/grappa.no\/no\/albums\/blue-mood-records\/blatt-rom-vol-2\/","title":{"rendered":"Bl\u00e5tt Rom Vol. 2"},"content":{"rendered":"<p><\/p>\n<p>Fordypning og dedikasjon.<\/p>\n<p>Gjems, St\u00f8lefjell, Jacobsen og Skoglund er en enest\u00e5ende kvartett i norsk sammenheng. De tror p\u00e5 fordypning og dedikasjon. At kvalitet er basisen for de st\u00f8rste musikkopplevelser. Kvartetten leverer ensemblespill i den absolutte elitedivisjon, og ble i 2015 bel\u00f8nnet med Spellemannsnominasjon i kategorien blues. Ferden er enn\u00e5 ikke over. To nye studiosessions er gjennomf\u00f8rt, og \u201dBl\u00e5tt Rom Vol. 2\u201d er endelig en realitet.<\/p>\n<p><!--more--><\/p>\n<p>Bl\u00e5tt Rom er fire av landets fremste bluesmusikere som bl\u00e5se nytt liv i kjent og ukjent materiell fra etiketter som Chess, Cobra, VeeJay \u2013 som alle hadde sine klanglige signaturer, produksjonsidealer og foretrukne studioer.<\/p>\n<h4>Bl\u00e5tt Rom<\/h4>\n<p>Gjems, St\u00f8lefjell, Jacobsen og Skoglund er en enest\u00e5ende kvartett i norsk sammenheng. De tror p\u00e5 fordypning og dedikasjon. At kvalitet er basisen for de st\u00f8rste musikkopplevelser. Kvartetten leverer ensemblespill i den absolutte elitedivisjon, og ble i 2015 bel\u00f8nnet med Spellemannsnominasjon i kategorien blues.\u00a0De fire markante musikkprofilene spiller opp mot hverandre s\u00e5 vel som de klanglige omgivelsene. Det hele iscenesatt med kirurgisk presisjon av lydtrollmann og tekniker Ulf Holand.<\/p>\n<h4><\/h4>\n<p><h4><\/h4>\n<\/p>\n<p><\/p>","protected":false},"excerpt":{"rendered":"<p>Blues er folkemusikk som puster. Musikk som fyller rommet, men samtidig lar luften klinge med.<\/p>\n","protected":false},"featured_media":31486,"comment_status":"closed","ping_status":"open","template":"","meta":[],"product_brand":[],"product_cat":[51],"product_tag":[],"class_list":{"0":"post-31485","1":"product","2":"type-product","3":"status-publish","4":"has-post-thumbnail","6":"product_cat-blue-mood-records","7":"product_shipping_class-cddvd-shipping","8":"uni_artist_tag-chester-a-burnett","9":"uni_artist_tag-dan-auerbach","10":"uni_artist_tag-edward-taylor","11":"uni_artist_tag-ellas-mcdaniel","12":"uni_artist_tag-floyd-jones","13":"uni_artist_tag-gary-clark-jr","14":"uni_artist_tag-gjems","15":"uni_artist_tag-jacobsen-skoglund","16":"uni_artist_tag-james-a-lane","17":"uni_artist_tag-joe-mccoy","18":"uni_artist_tag-joseph-l-williams","19":"uni_artist_tag-lane-hardin","20":"uni_artist_tag-lizzie-douglas","21":"uni_artist_tag-mckinley-morganfield","22":"uni_artist_tag-mel-london","23":"uni_artist_tag-melvin-jackson","24":"uni_artist_tag-patrick-karney","25":"uni_artist_tag-robert-petway","26":"uni_artist_tag-stolefjell","27":"uni_artist_tag-ulf-holand","28":"uni_artist_tag-walter-jacobs","29":"uni_artist_tag-willie-dixon","30":"uni_artist_tag-willie-love","31":"uni_main_artist_tag-gjems-stolefjell-jacobsen-skoglund","32":"uni_artist_genre-blues","34":"first","35":"instock","36":"taxable","37":"shipping-taxable","38":"purchasable","39":"product-type-simple"},"_links":{"self":[{"href":"https:\/\/grappa.no\/no\/wp-json\/wp\/v2\/product\/31485","targetHints":{"allow":["GET"]}}],"collection":[{"href":"https:\/\/grappa.no\/no\/wp-json\/wp\/v2\/product"}],"about":[{"href":"https:\/\/grappa.no\/no\/wp-json\/wp\/v2\/types\/product"}],"replies":[{"embeddable":true,"href":"https:\/\/grappa.no\/no\/wp-json\/wp\/v2\/comments?post=31485"}],"wp:featuredmedia":[{"embeddable":true,"href":"https:\/\/grappa.no\/no\/wp-json\/wp\/v2\/media\/31486"}],"wp:attachment":[{"href":"https:\/\/grappa.no\/no\/wp-json\/wp\/v2\/media?parent=31485"}],"wp:term":[{"taxonomy":"product_brand","embeddable":true,"href":"https:\/\/grappa.no\/no\/wp-json\/wp\/v2\/product_brand?post=31485"},{"taxonomy":"product_cat","embeddable":true,"href":"https:\/\/grappa.no\/no\/wp-json\/wp\/v2\/product_cat?post=31485"},{"taxonomy":"product_tag","embeddable":true,"href":"https:\/\/grappa.no\/no\/wp-json\/wp\/v2\/product_tag?post=31485"}],"curies":[{"name":"wp","href":"https:\/\/api.w.org\/{rel}","templated":true}]}}