{"id":31473,"date":"2008-11-17T00:00:00","date_gmt":"2008-11-16T23:00:00","guid":{"rendered":"http:\/\/www.grappa.no\/no\/albums\/ukategorisert\/magiske-kroker-hemmeligheter\/"},"modified":"2016-09-27T10:32:13","modified_gmt":"2016-09-27T09:32:13","slug":"magiske-kroker-hemmeligheter","status":"publish","type":"product","link":"https:\/\/grappa.no\/no\/albums\/barne\/magiske-kroker-hemmeligheter\/","title":{"rendered":"MAGISKE KROKER &amp; HEMMELIGHETER"},"content":{"rendered":"<p><\/p>\n<p>Linn Sk\u00e5bers sanger om Finn som danser p\u00e5 loftet<\/p>\n<p>Linn Sk\u00e5ber er en allsidig dame med mange jern i ilden. Siden 1990 har hun v\u00e6rt aktiv som komiker og tekstforfatter og v\u00e6rt med i en rekke revyer, kabareter, spillefilmer og TV-produksjoner. Hun har ogs\u00e5 gitt ut CD-en Petter Snus og v\u00e5rmelodien, som gjentatte ganger har blitt sendt som h\u00f8respill i \u201dBarnetimen for de minste\u201d i NRK, sammen med Dennis Storh\u00f8y. N\u00e5 er hun igjen p\u00e5 banen med en CD. Denne gangen med egenproduserte viser med morsomme, underfundige og litt alvorlige tekster; om Finn som slipper seg l\u00f8s n\u00e5r han danser p\u00e5 loftet, om venner som flytter og om folk som ganske sikkert er noe annet en det de utgir seg for! Sk\u00e5ber har f\u00e5tt med seg mange spennende artister p\u00e5 platen, bl. a. Simone Larsen (D\u2019sound), Maria Haukaas Storeng, Egil Hegerberg, Alexander Rybakk (Vinner av Kjempesjansen p\u00e5 NRK) og Venke Knutson m.fl. Linn Sk\u00e5ber synger ogs\u00e5 en av sangene selv. Musikken er komponert av Jacob Young.<\/p>\n<p><!--more--><\/p>\n<h4><\/h4>\n<\/p>\n<h4><\/h4>\n<p><h4><\/h4>\n<\/p>\n<p><\/p>","protected":false},"excerpt":{"rendered":"<p>Linn Sk\u00e5ber med morsomme, underfundige og litt alvorlige tekster.<\/p>\n","protected":false},"featured_media":31474,"comment_status":"closed","ping_status":"open","template":"","meta":[],"product_brand":[],"product_cat":[15],"product_tag":[],"class_list":{"0":"post-31473","1":"product","2":"type-product","3":"status-publish","4":"has-post-thumbnail","6":"product_cat-barne","7":"product_shipping_class-cddvd-shipping","8":"uni_artist_tag-alexander-rybak","9":"uni_artist_tag-andrea-braein-hovig","10":"uni_artist_tag-audun-erlien","11":"uni_artist_tag-david-wallumrod","12":"uni_artist_tag-egil-hegerberg","13":"uni_artist_tag-jacob-young","14":"uni_artist_tag-jon-christensen","15":"uni_artist_tag-julius-winger","16":"uni_artist_tag-linn-skaber","17":"uni_artist_tag-mathias-eick","18":"uni_artist_tag-paal-flaata","19":"uni_artist_tag-paolo-vinaccia","20":"uni_artist_tag-simone-larsen","21":"uni_artist_tag-vidar-johansen","22":"uni_main_artist_tag-linn-skaber","23":"uni_artist_genre-children","24":"uni_artist_genre-norwegian-lyrics","26":"first","27":"instock","28":"taxable","29":"shipping-taxable","30":"purchasable","31":"product-type-simple"},"_links":{"self":[{"href":"https:\/\/grappa.no\/no\/wp-json\/wp\/v2\/product\/31473","targetHints":{"allow":["GET"]}}],"collection":[{"href":"https:\/\/grappa.no\/no\/wp-json\/wp\/v2\/product"}],"about":[{"href":"https:\/\/grappa.no\/no\/wp-json\/wp\/v2\/types\/product"}],"replies":[{"embeddable":true,"href":"https:\/\/grappa.no\/no\/wp-json\/wp\/v2\/comments?post=31473"}],"wp:featuredmedia":[{"embeddable":true,"href":"https:\/\/grappa.no\/no\/wp-json\/wp\/v2\/media\/31474"}],"wp:attachment":[{"href":"https:\/\/grappa.no\/no\/wp-json\/wp\/v2\/media?parent=31473"}],"wp:term":[{"taxonomy":"product_brand","embeddable":true,"href":"https:\/\/grappa.no\/no\/wp-json\/wp\/v2\/product_brand?post=31473"},{"taxonomy":"product_cat","embeddable":true,"href":"https:\/\/grappa.no\/no\/wp-json\/wp\/v2\/product_cat?post=31473"},{"taxonomy":"product_tag","embeddable":true,"href":"https:\/\/grappa.no\/no\/wp-json\/wp\/v2\/product_tag?post=31473"}],"curies":[{"name":"wp","href":"https:\/\/api.w.org\/{rel}","templated":true}]}}