{"id":31429,"date":"2012-09-07T00:00:00","date_gmt":"2012-09-06T23:00:00","guid":{"rendered":"http:\/\/www.grappa.no\/no\/albums\/ukategorisert\/graces-that-refrain\/"},"modified":"2016-09-19T12:46:09","modified_gmt":"2016-09-19T11:46:09","slug":"graces-that-refrain","status":"publish","type":"product","link":"https:\/\/grappa.no\/no\/albums\/grappa\/graces-that-refrain\/","title":{"rendered":"Graces that refrain"},"content":{"rendered":"<p><\/p>\n<p>Music for a While<\/p>\n<p>Music for a while, med Norges ukronede kabaretdronning Tora Augestad i spissen, slipper n\u00e5 sin etterlengtede andre plate med den flertydige tittelen &quot;Graces that refrain&quot;. <\/p>\n<p>I bandet &quot;Music For a While&quot; fronter Augestad et stjernelag av norske jazzmusikere; Stian Carstensen (Farmers Market), Mathias Eick (Jaga Jazzist, Manu Katch\u00e9), Martin Taxt (Trondheim Jazzorkester, Koboku Senju) og P\u00e5l Hausken (In the country, Susanna). Det som spesielt kjennetegner Music for a while er deres personlige, organiske og kreative behandling av l\u00e5tmaterialet. P\u00e5 &quot;Graces that refrain&quot; gj\u00f8r de uredde &quot;coverversjoner&quot; av komposisjoner fra den klassiske musikken: fra John Dowland til Poulenc. Vokalist Tora vender dermed tilbake til den klassiske musikken som hun studerte i over seks \u00e5r. I et intervju med Ballade.no beskrev hun prosjektet p\u00e5 f\u00f8lgende m\u00e5te: \u00abJeg har jobbet med mange andre stilarter, og fors\u00f8ker n\u00e5 \u00e5 unders\u00f8ke hvordan man kan synge klassiske sanger p\u00e5 en annen m\u00e5te.\u00bb<\/p>\n<p><!--more--><\/p>\n<p>Music for a while, med Norges ukronede kabaretdronning Tora Augestad i spissen, slipper n\u00e5 sin etterlengtede andre plate med den flertydige tittelen &quot;Graces that refrain&quot;.<\/p>\n<h4>Vender tilbake til den klassiske musikken<\/h4>\n<p>P\u00e5 deres kritikerroste f\u00f8rste plate &quot;Weill Variations&quot; gjorde bandet originale og friske versjoner av Kurt Weills ud\u00f8delige musikk. P\u00e5 &quot;Graces that refrain&quot; gj\u00f8r de uredde &quot;coverversjoner&quot; av komposisjoner fra den klassiske musikken: fra John Dowland til Poulenc. Vokalist Tora vender dermed tilbake til den klassiske musikken som hun studerte i over seks \u00e5r. I et intervju med Ballade.no beskrev hun prosjektet p\u00e5 f\u00f8lgende m\u00e5te: &quot;Jeg har jobbet med mange andre stilarter, og fors\u00f8ker n\u00e5 \u00e5 unders\u00f8ke hvordan man kan synge klassiske sanger p\u00e5 en annen m\u00e5te. Vi forholder oss fritt til den klassiske fremf\u00f8ringstradisjonen, og fors\u00f8ker \u00e5 gjenfortelle sangene med en annen tiln\u00e6rming. Det blir jo gjort hele tiden, men enhver generasjon m\u00e5 f\u00e5 lov \u00e5 fortelle sin historie og tolke p\u00e5 sitt vis.&quot;<\/p>\n<p>Enten utgangspunktet er Kurt Weills kjente kabaret-melodier eller sanger og stykker fra det klassiske repertoaret, s\u00e5 er to trekk fremtredende; vokalist Tora Augestads unike formidlingsevne og stemmekontroll og bandets klangmessige, improvisatorisk lekne og humoristiske h\u00e5ndtering av stoffet.<\/p>\n<h4>Tora Augestad<\/h4>\n<p>Bergensf\u00f8dte Tora Augestad har utdannelse fra Norges Musikkh\u00f8gskole i Oslo og Kungliga Musikh\u00f8gskolan i Stockholm og kan skilte med en mastergrad i kabaretsang. Hun fremf\u00f8rer ogs\u00e5 mye samtidsmusikk og har jobbet med profilerte ensembler som Klangforum Wien og Ensemble Modern. Siden 2007 har hun v\u00e6rt bosatt i Berlin, men for tiden har hun hovedvirket sitt i Sveits, der hun samarbeider med stjerneregiss\u00f8ren Christoph Marthaler.<\/p>\n<p>&quot;Graces that refrain&quot; er innspilt i legendariske Rainbow Studio med Jan Erik Kongshaug som tekniker og medprodusent.<\/p>\n<h4><\/h4>\n<\/p>\n<p><\/p>","protected":false},"excerpt":{"rendered":"<p>\u2013 Beautiful, elegant and highly creative performances of timeless songs. [All about Jazz]<\/p>\n","protected":false},"featured_media":31430,"comment_status":"closed","ping_status":"open","template":"","meta":[],"product_brand":[],"product_cat":[6],"product_tag":[],"class_list":{"0":"post-31429","1":"product","2":"type-product","3":"status-publish","4":"has-post-thumbnail","6":"product_cat-grappa","7":"product_shipping_class-cddvd-shipping","8":"uni_artist_tag-erik-satie","9":"uni_artist_tag-francis-poulenc","10":"uni_artist_tag-franz-s-bruinier","11":"uni_artist_tag-franz-schubert","12":"uni_artist_tag-georg-friedrich-handel","13":"uni_artist_tag-giuseppe-verdi","14":"uni_artist_tag-henry-purcell","15":"uni_artist_tag-jan-erik-kongshaug","16":"uni_artist_tag-john-dowland","17":"uni_artist_tag-martin-taxt","18":"uni_artist_tag-mathias-eick","19":"uni_artist_tag-music-for-a-while","20":"uni_artist_tag-pal-hausken","21":"uni_artist_tag-stian-carstensen","22":"uni_artist_tag-tora-augestad","23":"uni_artist_tag-trad","24":"uni_main_artist_tag-music-for-a-while","25":"uni_artist_genre-classical","26":"uni_artist_genre-jazz","28":"first","29":"instock","30":"taxable","31":"shipping-taxable","32":"purchasable","33":"product-type-simple"},"_links":{"self":[{"href":"https:\/\/grappa.no\/no\/wp-json\/wp\/v2\/product\/31429","targetHints":{"allow":["GET"]}}],"collection":[{"href":"https:\/\/grappa.no\/no\/wp-json\/wp\/v2\/product"}],"about":[{"href":"https:\/\/grappa.no\/no\/wp-json\/wp\/v2\/types\/product"}],"replies":[{"embeddable":true,"href":"https:\/\/grappa.no\/no\/wp-json\/wp\/v2\/comments?post=31429"}],"wp:featuredmedia":[{"embeddable":true,"href":"https:\/\/grappa.no\/no\/wp-json\/wp\/v2\/media\/31430"}],"wp:attachment":[{"href":"https:\/\/grappa.no\/no\/wp-json\/wp\/v2\/media?parent=31429"}],"wp:term":[{"taxonomy":"product_brand","embeddable":true,"href":"https:\/\/grappa.no\/no\/wp-json\/wp\/v2\/product_brand?post=31429"},{"taxonomy":"product_cat","embeddable":true,"href":"https:\/\/grappa.no\/no\/wp-json\/wp\/v2\/product_cat?post=31429"},{"taxonomy":"product_tag","embeddable":true,"href":"https:\/\/grappa.no\/no\/wp-json\/wp\/v2\/product_tag?post=31429"}],"curies":[{"name":"wp","href":"https:\/\/api.w.org\/{rel}","templated":true}]}}