{"id":31425,"date":"2012-10-12T00:00:00","date_gmt":"2012-10-11T23:00:00","guid":{"rendered":"http:\/\/www.grappa.no\/no\/albums\/ukategorisert\/classical-harmonica\/"},"modified":"2025-01-28T09:37:18","modified_gmt":"2025-01-28T08:37:18","slug":"classical-harmonica","status":"publish","type":"product","link":"https:\/\/grappa.no\/no\/albums\/grappa\/classical-harmonica\/","title":{"rendered":"Classical Harmonica"},"content":{"rendered":"<p><\/p>\n<p>Sigmund Groven med nytt album: Classical Harmonica<\/p>\n<p>Sammen med sin n\u00e6re samarbeidspartner Ivar Anton Waagaard p\u00e5 klaver leverer Sigmund Groven et intimt album der munnspill og klaver f\u00e5r spille hovedrollene. En del av stoffet p\u00e5 Classical Harmonica er originalkomponert for munnspill og klaver, resten er sanger og klaverstykker som Groven har et spesielt forhold til. Mye av repertoaret har sine r\u00f8tter i folkemusikken, og det skulle vel passe bra siden munnspillet ogs\u00e5 har sin plass i folkelig musikk i mange kulturer. I tillegg har Groven valgt seg originalskrevet materiale av ypperste kvalitet, deriblant to egenkomponerte l\u00e5ter. Produsenter er Groven selv og Arild Erikstad. Albumet er spilt inn i legendariske Rainbow studio med Jan Erik Kongshaug ved kontrollbordet<\/p>\n<p><!--more--><\/p>\n<p>Sammen med sin n\u00e6re samarbeidspartner Ivar Anton Waagaard p\u00e5 klaver leverer Sigmund Groven et intimt album der munnspill og klaver f\u00e5r spille hovedrollene.<\/p>\n<h4>Ypperste kvalitet<\/h4>\n<p>Groven har hentet inn folketoner fra Irland og England, deriblant<br \/>\n\u00abOne May Morning\u00bb og \u00abStrawberry Fair\u00bb, ikledd velskrevne spesialarrangementer for munnspill og klaver av Leonard Morris. Men her er ogs\u00e5 originalskrevet materiale, og det av ypperste kvalitet! Vi finner blant annet James Moodys \u00abThe Witch\u2019s Daughter\u00bb og \u00abBroomy Hill\u00bb. Det er ogs\u00e5 han som har arrangert Mozarts velkjente sonate.<\/p>\n<h4>Grieg<\/h4>\n<p>Grieg har v\u00e6rt sentral i valget av repertoar: Her finner vi Griegs sjarmerende rokokkopastisj \u00abBestemors menuett\u00bb og et par av folketonearrangementene hans. Folkemusikken er igjen til stede med Bart\u00f3ks rumenske folkedanser og Hovhaness\u00b4 greske folkedanser. Groven har ogs\u00e5 valgt seg Debussys velkjente \u00abClair de Lune\u00bb, formidlet av Groven og Waagaard med s\u00e6rpreg og respekt.<\/p>\n<h4>Egenkomponert<\/h4>\n<p>I tillegg finner vi to glansnumre komponert av Grovens musikalske \u00abfadder\u00bb Tommy Reilly f\u00f8r herligheten avsluttes med \u00abCavatina\u00bb, en vakker melodi av Stanley Myers ogs\u00e5 kjent som gitarsolo for John Williams, og som tema i filmen Hjortejegeren. Her er ogs\u00e5 musikk komponert av Groven selv; det helt nye stykket \u00abH\u00e5p\u00bb, og \u00abDet var en gong\u00bb, som tidligere er spilt inn b\u00e5de som sang og med stort orkester \u2013 her kommer endelig originalversjonen for munnspill og klaver!<\/p>\n<p>Produsenter er Groven selv og Arild Erikstad. Albumet er spilt inn i legendariske Rainbow studio med Jan Erik Kongshaug ved kontrollbordet.<\/p>\n<p><\/p>","protected":false},"excerpt":{"rendered":"<p>Sammen med sin n\u00e6re samarbeidspartner Ivar Anton Waagaard p\u00e5 klaver leverer Sigmund Groven et intimt album der munnspill og klaver f\u00e5r spille hovedrollene.<\/p>\n","protected":false},"featured_media":31426,"comment_status":"closed","ping_status":"closed","template":"","meta":[],"product_brand":[],"product_cat":[6],"product_tag":[],"class_list":{"0":"post-31425","1":"product","2":"type-product","3":"status-publish","4":"has-post-thumbnail","6":"product_cat-grappa","7":"product_shipping_class-cddvd-shipping","8":"uni_artist_tag-alan-hovhaness","9":"uni_artist_tag-arild-erikstad","10":"uni_artist_tag-bela-bartok","11":"uni_artist_tag-claude-debussy","12":"uni_artist_tag-david-monrad-johansen","13":"uni_artist_tag-edvard-grieg","14":"uni_artist_tag-eivind-groven","15":"uni_artist_tag-english-trad","16":"uni_artist_tag-eric-coates","17":"uni_artist_tag-irish-trad","18":"uni_artist_tag-ivar-anton-waagaard","19":"uni_artist_tag-james-moody","20":"uni_artist_tag-johan-kvandal","21":"uni_artist_tag-maurice-arnold","22":"uni_artist_tag-sigmund-groven","23":"uni_artist_tag-stanley-myers","24":"uni_artist_tag-tommy-reilly","25":"uni_artist_tag-wolfgang-amadeus-mozart","26":"uni_main_artist_tag-sigmund-groven","27":"uni_artist_genre-art-music","28":"uni_artist_genre-classical","29":"uni_artist_genre-instrumental","30":"uni_artist_genre-traditional","32":"first","33":"outofstock","34":"taxable","35":"shipping-taxable","36":"purchasable","37":"product-type-simple"},"_links":{"self":[{"href":"https:\/\/grappa.no\/no\/wp-json\/wp\/v2\/product\/31425","targetHints":{"allow":["GET"]}}],"collection":[{"href":"https:\/\/grappa.no\/no\/wp-json\/wp\/v2\/product"}],"about":[{"href":"https:\/\/grappa.no\/no\/wp-json\/wp\/v2\/types\/product"}],"replies":[{"embeddable":true,"href":"https:\/\/grappa.no\/no\/wp-json\/wp\/v2\/comments?post=31425"}],"wp:featuredmedia":[{"embeddable":true,"href":"https:\/\/grappa.no\/no\/wp-json\/wp\/v2\/media\/31426"}],"wp:attachment":[{"href":"https:\/\/grappa.no\/no\/wp-json\/wp\/v2\/media?parent=31425"}],"wp:term":[{"taxonomy":"product_brand","embeddable":true,"href":"https:\/\/grappa.no\/no\/wp-json\/wp\/v2\/product_brand?post=31425"},{"taxonomy":"product_cat","embeddable":true,"href":"https:\/\/grappa.no\/no\/wp-json\/wp\/v2\/product_cat?post=31425"},{"taxonomy":"product_tag","embeddable":true,"href":"https:\/\/grappa.no\/no\/wp-json\/wp\/v2\/product_tag?post=31425"}],"curies":[{"name":"wp","href":"https:\/\/api.w.org\/{rel}","templated":true}]}}