{"id":31404,"date":"2002-04-15T00:00:00","date_gmt":"2002-04-14T23:00:00","guid":{"rendered":"http:\/\/www.grappa.no\/no\/albums\/ukategorisert\/antons-villfaring\/"},"modified":"2017-02-02T15:18:02","modified_gmt":"2017-02-02T14:18:02","slug":"antons-villfaring","status":"publish","type":"product","link":"https:\/\/grappa.no\/no\/albums\/grappa\/antons-villfaring\/","title":{"rendered":"ANTONS VILLFARING"},"content":{"rendered":"<p><\/p>\n<p>Musikalsuksess<\/p>\n<p>20. april 2002 hadde musikalen Antons villfaring premiere p\u00e5 Det Norske Teatret i Oslo. Sammen med Erlend Loe og Marit Moum Aune sto Jan Eggum bak denne oppsetningen med skuespillere som Bjarte Hjelmeland, Iren Reppen, Sverre Solberg og Heidi Gjermundsen Broch. Stykket er bygget opp rundt historien til slagpasienten Anton som ligger og venter p\u00e5 d\u00f8den. Gjennom Antons brokete og forvirrede minner tas publikum med p\u00e5 en reise gjennom livet hans, fors\u00f8kt flettet sammen av den sviktende hukommelsen. Ti av sangene fra stykket ble inkludert p\u00e5 CD-utgivelsen av Antons villfaring. Mens Eggum sto bak musikken sto orkesteret bak fremf\u00f8ring og arrangement. Selv om sangene ble skrevet med utgangspunkt i musikaloppsetningen, utmerker CD-utgivelsen seg p\u00e5 egen h\u00e5nd. Flere av sangene ble popul\u00e6re, deriblant \u201dR\u00f8r meg\u201d, \u201dLille, lille Steinar\u201d og \u201dEit kort sekund\u201d som alle er blitt spilt i radio og TV.<\/p>\n<p><!--more--><\/p>\n<p>Jan Eggum har flere ganger skrevet for teater og Antons Villfaring er bare nok et eksempel p\u00e5 at Eggum lykkes ogs\u00e5 n\u00e5r han involverer seg i spennende samarbeidsprosjekter som setter nye betingelser \u2013 og muligheter, for arbeidet hans.<\/p>\n<h4><\/h4>\n<p>Musikken er skriven av Jan Eggum og arrangert av orestere. Musikarene har vore med i heile prosessen, og har ein stor del av \u00e6ra for det endelege produktet. Alle er etablerte folk i norsk musikkliv: Sveinn Erik Kristoffersen, Paolo Vinaccia, Stian Carstensen, Frode Berg og Stein Bull-Hansen.<\/p>\n<h4><\/h4>\n<p>Antons villfaring er musikkteater heilt utnom det vanlege. Stykket er bygt opp rundt historia til slagpasienten Anton som ligg og skal d\u00f8y. Han gjenopplever scener fr\u00e5 sitt eige liv., like kaotisk og forvirrande som v\u00e5re eigne minne kan fortone seg p\u00e5 \u00e5rs avstand. Stykket r\u00f8rer vd dei store, sm\u00e5 sp\u00f8rsm\u00e5la om kva som verkeleg tyder noko i liva v\u00e5re.<\/p>\n<h4><\/h4>\n<p>Plata var spelt inn i studio p\u00e5 Br\u00f8nn\u00f8ya p\u00e5ska 2002 og er produsert av Svenn Erol Kristoffersen og paolo Vinaccia<\/p>\n<p><\/p>","protected":false},"excerpt":{"rendered":"<p>Da han trudde det helvetes livet endeleg var over, passerte det forsyne meg revy &#8211; som musikal av Erlend Loe, Jan Eggum og Marit Moum Aune.<\/p>\n","protected":false},"featured_media":31406,"comment_status":"closed","ping_status":"open","template":"","meta":[],"product_brand":[],"product_cat":[6],"product_tag":[],"class_list":{"0":"post-31404","1":"product","2":"type-product","3":"status-publish","4":"has-post-thumbnail","6":"product_cat-grappa","7":"product_shipping_class-cddvd-shipping","8":"uni_artist_tag-erland-bakker","9":"uni_artist_tag-frode-berg","10":"uni_artist_tag-heidi-gjermundsen","11":"uni_artist_tag-iren-reppen","12":"uni_artist_tag-jan-eggum","13":"uni_artist_tag-jonas-digerud","14":"uni_artist_tag-monica-hjelle","15":"uni_artist_tag-paolo-vinaccia","16":"uni_artist_tag-stein-bull-hansen","17":"uni_artist_tag-stian-carstensen","18":"uni_artist_tag-svein-erik-brodal","19":"uni_artist_tag-svenn-erik-kristoffersen","20":"uni_artist_tag-sverre-solberg","21":"uni_artist_genre-musical-theatre","22":"uni_artist_genre-norwegian-lyrics","24":"first","25":"instock","26":"taxable","27":"shipping-taxable","28":"purchasable","29":"product-type-simple"},"_links":{"self":[{"href":"https:\/\/grappa.no\/no\/wp-json\/wp\/v2\/product\/31404","targetHints":{"allow":["GET"]}}],"collection":[{"href":"https:\/\/grappa.no\/no\/wp-json\/wp\/v2\/product"}],"about":[{"href":"https:\/\/grappa.no\/no\/wp-json\/wp\/v2\/types\/product"}],"replies":[{"embeddable":true,"href":"https:\/\/grappa.no\/no\/wp-json\/wp\/v2\/comments?post=31404"}],"wp:featuredmedia":[{"embeddable":true,"href":"https:\/\/grappa.no\/no\/wp-json\/wp\/v2\/media\/31406"}],"wp:attachment":[{"href":"https:\/\/grappa.no\/no\/wp-json\/wp\/v2\/media?parent=31404"}],"wp:term":[{"taxonomy":"product_brand","embeddable":true,"href":"https:\/\/grappa.no\/no\/wp-json\/wp\/v2\/product_brand?post=31404"},{"taxonomy":"product_cat","embeddable":true,"href":"https:\/\/grappa.no\/no\/wp-json\/wp\/v2\/product_cat?post=31404"},{"taxonomy":"product_tag","embeddable":true,"href":"https:\/\/grappa.no\/no\/wp-json\/wp\/v2\/product_tag?post=31404"}],"curies":[{"name":"wp","href":"https:\/\/api.w.org\/{rel}","templated":true}]}}