{"id":31380,"date":"2016-09-23T00:00:00","date_gmt":"2016-09-22T23:00:00","guid":{"rendered":"http:\/\/www.grappa.no\/no\/albums\/ukategorisert\/bla-glede\/"},"modified":"2016-11-21T11:32:37","modified_gmt":"2016-11-21T10:32:37","slug":"bla-glede","status":"publish","type":"product","link":"https:\/\/grappa.no\/no\/albums\/grappa\/bla-glede\/","title":{"rendered":"Bl\u00e5 glede"},"content":{"rendered":"<p><\/p>\n<p>Nytt album fra Rune Larsen. <\/p>\n<p>For alle dem som kjenner bergenseren mest som \u201dLollipop-general\u201d, vil kanskje inneholdet p\u00e5 \u201dBl\u00e5 glede\u201d v\u00e6re en liten overraskelse. Visst er det ogs\u00e5 denne gangen noen kutt fra 60-tallet, men hovedvekten p\u00e5 Rune Larsens nye album er sanger p\u00e5 norsk. <\/p>\n<p>Det hele startet da han overvar minnestunden til sin gode venn Gustav Lorentzen for en del \u00e5r siden, og h\u00f8rte Marit Wolds\u00e6ther fremf\u00f8re en vise med tekst av Gustav. P\u00e5 albumet er det samlet flere tekster skrevet av Lorentzen, som han ikke hadde utgitt selv, samt ogs\u00e5 bidrag fra blant annet Jon Martin Skauge og Tore Nys\u00e6ther.<\/p>\n<p>Rune mener at dette er hans mest personlige plate siden han spilte inn &quot;Cinderella&quot; i 1965.<\/p>\n<p><!--more--><\/p>\n<p>Nytt album fra Rune Larsen.<\/p>\n<h4>Det falt meg aldri inn<\/h4>\n<p>Visst er det ogs\u00e5 denne gangen noen kutt fra 60-tallet, men hovedvekten p\u00e5 Rune Larsens nye album er sanger p\u00e5 norsk.<br \/>\nDet hele begynte da han overvar minnestunden for sin gode venn Gustav Lorentzen for noen \u00e5r siden.<br \/>\n\u201d Marit Volds\u00e6ter fremf\u00f8rte en vise med tekst av Gustav som jeg syntes var aldeles nydelig. Den het \u2019Det falt meg aldri inn\u2019. Jeg spurte Marit og Gustavs kone, Alis, om \u00e5 f\u00e5 lov \u00e5 spille den inn p\u00e5 plate og dermed var det gjort\u201d, sier Rune.<br \/>\nFlere andre tekster av Gustav, som han ikke hadde utgitt selv, ble lagt til. I tillegg fikk Rune hjelp av Jon Martin Skauge, produsent og l\u00e5tskriver, og Tore Nys\u00e6ther, som har skrevet flere av l\u00e5tene til albumet.<\/p>\n<h4>Personlig plate<\/h4>\n<p>Rune mener at dette er hans mest personlige plate siden han spilte inn \u201dCinderella\u201d i 1965.<br \/>\n\u201d Jeg har jo gjort en karriere av \u00e5 synge sanger jeg l\u00e6rte da jeg var fjorten \u00e5r\u201d, ler Rune \u2013 Men det gj\u00f8r godt \u00e5 blande nostalgi med nyskrevne l\u00e5ter. Arbeidstittelen p\u00e5 platen var \u201dSorgen og glede\u201d, livet er jo ikke s\u00e5 lett som vi avholdsfolk vil ha det til, men det endte til slutt opp med \u2019Bl\u00e5 glede\u2019\u201d<\/p>\n<h4>Grieghallen og Operaen<\/h4>\n<p>Det blir et hektisk halv\u00e5r for Rune. I september blir det konserter i Grieghallen og Stavanger konserthus, sammen med Tor Endresen. 30.oktober inntar de Operaen i Oslo med forestillingen \u201dThe Rock &amp; Roll Kids\u201d. Derfra g\u00e5r det i ett med \u00f8vinger til julekonserten \u201dStille natt, hellige natt\u201d som har premiere i Trondheim 24.november.<\/p>\n<p><\/p>","protected":false},"excerpt":{"rendered":"<p>For alle dem som kjenner bergenseren mest som \u201dLollipop-general\u201d, vil kanskje inneholdet p\u00e5 \u201dBl\u00e5 glede\u201d v\u00e6re en liten overraskelse. Visst er det ogs\u00e5 denne gangen noen kutt fra 60-tallet, men hovedvekten p\u00e5 Rune Larsens nye album er sanger p\u00e5 norsk.<\/p>\n","protected":false},"featured_media":31381,"comment_status":"closed","ping_status":"open","template":"","meta":[],"product_brand":[],"product_cat":[6],"product_tag":[],"class_list":{"0":"post-31380","1":"product","2":"type-product","3":"status-publish","4":"has-post-thumbnail","6":"product_cat-grappa","7":"product_shipping_class-cddvd-shipping","8":"uni_artist_tag-bjarte-hjelmeland","9":"uni_artist_tag-bob-dylan","10":"uni_artist_tag-gustav-lorentzen","11":"uni_artist_tag-hayato-naka","12":"uni_artist_tag-herivelto-martens","13":"uni_artist_tag-herman-wildenvey","14":"uni_artist_tag-johan-sebastian-blum","15":"uni_artist_tag-johnny-tillotson","16":"uni_artist_tag-jon-martin-skauge","17":"uni_artist_tag-kristin-skauge","18":"uni_artist_tag-kurt-baumer","19":"uni_artist_tag-lars-soraas-d-e","20":"uni_artist_tag-leonard-lipton","21":"uni_artist_tag-oystein-barlau","22":"uni_artist_tag-paul-simon","23":"uni_artist_tag-per-sivle","24":"uni_artist_tag-peter-yarrow","25":"uni_artist_tag-rune-larsen","26":"uni_artist_tag-songkoret-albatross","27":"uni_artist_tag-stephen-foster","28":"uni_artist_tag-terje-kleppe","29":"uni_artist_tag-tom-paxton","30":"uni_artist_tag-tore-nysaether","31":"uni_artist_tag-tove-kragset","32":"uni_artist_tag-will-holt","33":"uni_main_artist_tag-rune-larsen","34":"uni_artist_genre-pop","36":"first","37":"instock","38":"taxable","39":"shipping-taxable","40":"purchasable","41":"product-type-simple"},"_links":{"self":[{"href":"https:\/\/grappa.no\/no\/wp-json\/wp\/v2\/product\/31380","targetHints":{"allow":["GET"]}}],"collection":[{"href":"https:\/\/grappa.no\/no\/wp-json\/wp\/v2\/product"}],"about":[{"href":"https:\/\/grappa.no\/no\/wp-json\/wp\/v2\/types\/product"}],"replies":[{"embeddable":true,"href":"https:\/\/grappa.no\/no\/wp-json\/wp\/v2\/comments?post=31380"}],"wp:featuredmedia":[{"embeddable":true,"href":"https:\/\/grappa.no\/no\/wp-json\/wp\/v2\/media\/31381"}],"wp:attachment":[{"href":"https:\/\/grappa.no\/no\/wp-json\/wp\/v2\/media?parent=31380"}],"wp:term":[{"taxonomy":"product_brand","embeddable":true,"href":"https:\/\/grappa.no\/no\/wp-json\/wp\/v2\/product_brand?post=31380"},{"taxonomy":"product_cat","embeddable":true,"href":"https:\/\/grappa.no\/no\/wp-json\/wp\/v2\/product_cat?post=31380"},{"taxonomy":"product_tag","embeddable":true,"href":"https:\/\/grappa.no\/no\/wp-json\/wp\/v2\/product_tag?post=31380"}],"curies":[{"name":"wp","href":"https:\/\/api.w.org\/{rel}","templated":true}]}}