{"id":31375,"date":"1992-01-20T00:00:00","date_gmt":"1992-01-19T23:00:00","guid":{"rendered":"http:\/\/www.grappa.no\/no\/albums\/ukategorisert\/brahms-piano-music-vol-1\/"},"modified":"2019-02-22T15:32:46","modified_gmt":"2019-02-22T14:32:46","slug":"brahms-piano-music-vol-1","status":"publish","type":"product","link":"https:\/\/grappa.no\/no\/albums\/simax-classics\/brahms-piano-music-vol-1\/","title":{"rendered":"Brahms Piano Music Vol. 1"},"content":{"rendered":"<p><\/p>\n<p>Majestetiske fremf\u00f8ringer av Brahms<\/p>\n<p>Eva Knardahl begynner sin utforskning av Brahms verker for piano i tre nye majestetiske fremf\u00f8ringer p\u00e5 det f\u00f8rste volumet i en serie av to album med komponistens verker. Med omfattende turn\u00e9virksomhet i USA lagt bak seg, har Knardahl siden sin retur til Norge i 1967 gjort en rekke innspillinger, inkludert Griegs samlede verker for piano, turnert over hele Norge og Europa og mottatt en rekke priser for sitt artistiske virke. Hennes pianistiske ferdigheter kommer utvilsomt godt til syne i hennes fremf\u00f8ringer av Brahms utfordrende verker p\u00e5 dette albumet.<\/p>\n<p><!--more--><\/p>\n<h4><\/h4>\n<\/p>\n<h4><\/h4>\n<p><h4><\/h4>\n<\/p>\n<p><\/p>","protected":false},"excerpt":{"rendered":"<p>Brahms h\u00f8ye pianistiske krav mestres til det fulle av Knardahl og hennes eksepsjonelle tekniske ferdigheter.<\/p>\n","protected":false},"featured_media":31376,"comment_status":"closed","ping_status":"open","template":"","meta":[],"product_brand":[],"product_cat":[180],"product_tag":[],"class_list":{"0":"post-31375","1":"product","2":"type-product","3":"status-publish","4":"has-post-thumbnail","6":"product_cat-simax-classics","7":"product_shipping_class-cddvd-shipping","8":"uni_artist_tag-arne-akselberg","9":"uni_artist_tag-eva-knardahl","10":"uni_artist_tag-johannes-brahms","11":"uni_main_artist_tag-eva-knardahl","12":"uni_artist_genre-classical","13":"uni_artist_genre-solo","15":"first","16":"instock","17":"sale","18":"taxable","19":"shipping-taxable","20":"purchasable","21":"product-type-simple"},"_links":{"self":[{"href":"https:\/\/grappa.no\/no\/wp-json\/wp\/v2\/product\/31375","targetHints":{"allow":["GET"]}}],"collection":[{"href":"https:\/\/grappa.no\/no\/wp-json\/wp\/v2\/product"}],"about":[{"href":"https:\/\/grappa.no\/no\/wp-json\/wp\/v2\/types\/product"}],"replies":[{"embeddable":true,"href":"https:\/\/grappa.no\/no\/wp-json\/wp\/v2\/comments?post=31375"}],"wp:featuredmedia":[{"embeddable":true,"href":"https:\/\/grappa.no\/no\/wp-json\/wp\/v2\/media\/31376"}],"wp:attachment":[{"href":"https:\/\/grappa.no\/no\/wp-json\/wp\/v2\/media?parent=31375"}],"wp:term":[{"taxonomy":"product_brand","embeddable":true,"href":"https:\/\/grappa.no\/no\/wp-json\/wp\/v2\/product_brand?post=31375"},{"taxonomy":"product_cat","embeddable":true,"href":"https:\/\/grappa.no\/no\/wp-json\/wp\/v2\/product_cat?post=31375"},{"taxonomy":"product_tag","embeddable":true,"href":"https:\/\/grappa.no\/no\/wp-json\/wp\/v2\/product_tag?post=31375"}],"curies":[{"name":"wp","href":"https:\/\/api.w.org\/{rel}","templated":true}]}}