{"id":31357,"date":"2016-10-07T00:00:00","date_gmt":"2016-10-06T23:00:00","guid":{"rendered":"http:\/\/www.grappa.no\/no\/albums\/ukategorisert\/david-monrad-johansen-chamber-music\/"},"modified":"2019-02-22T16:05:23","modified_gmt":"2019-02-22T15:05:23","slug":"david-monrad-johansen-chamber-music","status":"publish","type":"product","link":"https:\/\/grappa.no\/no\/albums\/simax-classics\/david-monrad-johansen-chamber-music\/","title":{"rendered":"David Monrad Johansen: Chamber Music"},"content":{"rendered":"<p><\/p>\n<p>David Monrad Johansens kammermusikk innspilt for f\u00f8rste gang.<\/p>\n<p>David Monrad Johansen (1888\u20131974) er sentral i utviklingen av den nasjonalt orienterte musikken i mellomkrigstidens Norge. Hans klaverkvartett op. 26 og scenemusikken til \u00abDen store freden\u00bb ble komponert i denne perioden. De har frem til i dag kun eksistert i manuskripter, og denne utgivelsen er den f\u00f8rste innspillingen av disse verkene. Fiolinisten Tor Johan B\u00f8en har laget nye utgaver basert p\u00e5 komponistens manuskripter. I spissen for Fragaria Vesca s\u00f8rger B\u00f8en for \u00e5 bringe disse ukjente norske kammerverkene frem i lyset: musikk som virkelig fortjener \u00e5 bli h\u00f8rt.<\/p>\n<p><!--more--><\/p>\n<p>David Monrad Johansen (1888\u20131974) er sentral i utviklingen av den nasjonalt orienterte musikken i mellomkrigstidens Norge. Hans klaverkvartett op. 26 og scenemusikken til \u00abDen store freden\u00bb ble komponert i denne perioden. De har frem til i dag kun eksistert i manuskripter, og denne utgivelsen er den f\u00f8rste innspillingen av disse verkene.<\/p>\n<h4>Lengselen til Nordland<\/h4>\n<p>I november 1913 hadde Monrad Johansen sin f\u00f8rste og eneste fiolinsonate klar. Sonaten fikk en lunken mottagelse i samtiden, noe som er vanskelig \u00e5 forst\u00e5 med v\u00e5re \u00f8rer i dag. Den elegiske andresatsen beskrev komponisten som et eksempel p\u00e5 hvordan lengselen han f\u00f8lte tilbake til barndommens Nordland, kunne komme til utrykk i musikken, en lengsel som for han ble en kilde til inspirasjon og skapende kraft gjennom hele livet.<\/p>\n<h4>Hulda Garborg og Hiawatha<\/h4>\n<p>Forfatteren Hulda Garborg gjorde i 1913 en reise til USA i forbindelse med feiringen av 100-\u00e5rsjubileet for Ivar Aasens f\u00f8dsel. Her ble hun opptatt av skjebnen til den indianske kulturen, og arbeidet i 3 \u00e5r med et stort lyrisk drama om den fredselskende Sioux-h\u00f8vdingen Hiawatha som hun h\u00e5pet skulle bli satt opp p\u00e5 det norske teatret i 1925. P\u00e5 bestilling fra det norske teatret p\u00e5tok Monrad Johansen seg \u00e5 skrive musikk til stykket \u2019Den Store Freden\u2019, men verket har hittil aldri blitt realisert p\u00e5 en scene. Satsen \u2019Indiansk kj\u00e6rlighetssang\u2019 ble ogs\u00e5 utgitt i en versjon for blandet kor, men foruten dette har musikken hvilt i Nasjonalbibliotekets arkiver frem til n\u00e5.<\/p>\n<h4>Skjult skatt<\/h4>\n<p>1940-\u00e5rene var en vanskelig tid for komponisten, preget av hans medlemskap i NS og p\u00e5f\u00f8lgende landssvik-dom. Klaverkvartetten op. 26 ble skrevet i soningstiden bak murene p\u00e5 Ilebu. Inspirasjonen til verket kom fra inng\u00e5ende studier av fuger av Bach, H\u00e4ndel og Reger, og Beethovens strykekvartetter. Klaverkvartetten er en skjult skatt i det norske kammermusikkrepertoaret fra det 20-\u00e5rhundre. I 1967 ble Monrad Johansen bedt om \u00e5 bidra med et verk til Norsk Komponistforenings 50-\u00e5rs jubileum, og komponisten vartet opp med en storslagen fl\u00f8ytekvintett. Det ble hans nest siste verk og det viser med all tydelighet en komponist som stadig s\u00f8kte og til det siste var i utvikling.<\/p>\n<p><\/p>","protected":false},"excerpt":{"rendered":"<p>\u2013 blant den fineste norske kammermusikken jeg har h\u00f8rt p\u00e5 \u00e5revis. Fragaria Vesca spiller blendende i alle fire verk. En tvers igjennom utmerket utgivelse. [6 Klassisk Musikkmagasin]<\/p>\n","protected":false},"featured_media":31358,"comment_status":"closed","ping_status":"open","template":"","meta":[],"product_brand":[],"product_cat":[180],"product_tag":[],"class_list":{"0":"post-31357","1":"product","2":"type-product","3":"status-publish","4":"has-post-thumbnail","6":"product_cat-simax-classics","7":"product_shipping_class-cddvd-shipping","8":"uni_artist_tag-alison-rayner","9":"uni_artist_tag-aurelienne-brauner","10":"uni_artist_tag-benedicte-royer","11":"uni_artist_tag-cecilie-loken-hesselberg","12":"uni_artist_tag-david-monrad-johansen","13":"uni_artist_tag-fragaria-vesca","14":"uni_artist_tag-sanae-yoshida","15":"uni_artist_tag-stephen-frost","16":"uni_artist_tag-tor-johan-boen","17":"uni_main_artist_tag-fragaria-vesca","18":"uni_artist_genre-chamber-music","19":"uni_artist_genre-world-premiere-recording","21":"first","22":"instock","23":"taxable","24":"shipping-taxable","25":"purchasable","26":"product-type-simple"},"_links":{"self":[{"href":"https:\/\/grappa.no\/no\/wp-json\/wp\/v2\/product\/31357","targetHints":{"allow":["GET"]}}],"collection":[{"href":"https:\/\/grappa.no\/no\/wp-json\/wp\/v2\/product"}],"about":[{"href":"https:\/\/grappa.no\/no\/wp-json\/wp\/v2\/types\/product"}],"replies":[{"embeddable":true,"href":"https:\/\/grappa.no\/no\/wp-json\/wp\/v2\/comments?post=31357"}],"wp:featuredmedia":[{"embeddable":true,"href":"https:\/\/grappa.no\/no\/wp-json\/wp\/v2\/media\/31358"}],"wp:attachment":[{"href":"https:\/\/grappa.no\/no\/wp-json\/wp\/v2\/media?parent=31357"}],"wp:term":[{"taxonomy":"product_brand","embeddable":true,"href":"https:\/\/grappa.no\/no\/wp-json\/wp\/v2\/product_brand?post=31357"},{"taxonomy":"product_cat","embeddable":true,"href":"https:\/\/grappa.no\/no\/wp-json\/wp\/v2\/product_cat?post=31357"},{"taxonomy":"product_tag","embeddable":true,"href":"https:\/\/grappa.no\/no\/wp-json\/wp\/v2\/product_tag?post=31357"}],"curies":[{"name":"wp","href":"https:\/\/api.w.org\/{rel}","templated":true}]}}