{"id":31341,"date":"2016-10-14T00:00:00","date_gmt":"2016-10-13T23:00:00","guid":{"rendered":"http:\/\/www.grappa.no\/no\/albums\/ukategorisert\/timeglas\/"},"modified":"2016-11-03T15:48:08","modified_gmt":"2016-11-03T14:48:08","slug":"timeglas","status":"publish","type":"product","link":"https:\/\/grappa.no\/no\/albums\/heilo\/timeglas\/","title":{"rendered":"Timeglas"},"content":{"rendered":"<p><\/p>\n<p>Ny plate fra Kim Rysstad.<\/p>\n<p>Etter suksessen med spellemannsnominerte \u201dVegen\u201d, ble Kim Rysstad inspirert til \u00e5 skrive mer musikk og tekst selv. Da han skulle i studio og spille inn sin tredje soloplate, var alt \u00e5pent, ingenting var planlagt eller bestemt &#8211; annet enn l\u00e5tskisser og ideer. Med Hallgrim Brattberg p\u00e5 gitarer og ulike strengeinstrument, Helge Lien p\u00e5 flygel og H\u00e5kon Iversen som produsent, hadde de rom til \u00e5 leke med uttrykket og sangene. Resultatet ble albumet \u201dTimeglas\u201d.<\/p>\n<p><!--more--><\/p>\n<p>Ny plate fra Kim Rysstad.<\/p>\n<h4>L\u00e5tene<\/h4>\n<p>Da Kim valgte l\u00e5ter til andrealbumet sitt, valgte han \u00e5 blande folkemusikk med nyskrevne sanger. Han dristet seg til \u00e5 ta med sin egen l\u00e5t \u201dAldri aleine\u201d, og flere anmeldere roste l\u00e5ten, noe som inspirerte han til \u00e5 skrive mer eget materiale. P\u00e5 \u201dTimeglas\u201d har han laget enten tekst eller melodi til fem av elleve l\u00e5ter. Andre bidragsytere er Elin Nyg\u00e5rd, Trym Bj\u00f8nnes, Anne Takle, Ingebj\u00f8rg Bratland, Sinikka Langeland og Hans Olav Settem.<\/p>\n<h4>I studio<\/h4>\n<p>\u201dTredje dagen vi var samlet i studio hadde jeg f\u00e5tt en forferdelig forkj\u00f8lelse. Host, har og snufs er lik vokalkrise! Men vi satte i gang allikevel, og tenkte at jeg kunne jo legge en ny vokal senere\u201d forteller Kim.<\/p>\n<p>En av l\u00e5tene de spilte inn var \u201dSo e det no\u201d, Kims gjendiktning av Billy Joels \u201dAnd so it goes\u201d. Det var kun vokal og piano.<\/p>\n<p>\u201dHelge Lien gjorde en intro, jeg kom heldigvis inn der jeg skulle og vi spilte gjennom. Da det var gjort kom produsent H\u00e5kon sin stemme i talkbacken og han sa; \u2019Jeg tror dere skal komme inn \u00e5 lytte litt jeg&#8230;\u2019 Det var en innspilling som bare skulle v\u00e6re slik. Vi f\u00f8lte alle at \u00e5 legge p\u00e5 ny vokal ville v\u00e6rt feil.&quot;<br \/>\nI studio var alt \u00e5pent, ingenting var planlagt eller bestemt, annet enn l\u00e5tskisser og ideer. Med Hallgrim Brattberg p\u00e5 gitarer og ulike strengeinstrument, Helge Lien p\u00e5 flygel og H\u00e5kon Iversen som produsent, hadde de rom til \u00e5 leke med uttrykket og sangene.<br \/>\n\u00a0<br \/>\nDet var vanskelig for Kim \u00e5 finne platetittel denne gangen.<br \/>\n\u201dVed tidligere innspillinger har tittelen kommet p\u00e5 plass ganske fort. Denne gangen syns jeg det var vanskelig. Men fotograf Jens Haugen p\u00e5pekte en dag at mange av l\u00e5tene handler om tid. Tiden som g\u00e5r, tiden som er og har v\u00e6rt, og tiden som kommer. En av tekstene jeg har laget melodi til er \u201dSekund, minutt\u201d, der s\u00e5 jeg ordet \u2019Timeglas\u2019. Jeg kjente med en gang at det var rett tittel.&quot;<\/p>\n<h4>En stemme for alle tider<\/h4>\n<p>Kim er vokst opp med folkemusikken rundt seg, men n\u00f8ler ikke med \u00e5 tr\u00e5 over sjangergrenser. Med sin vakre, klangfulle r\u00f8st, formidler han folkeviser s\u00e5 vel som pop-ballader med like stor troverdighet. For mange er han kjent for sin deltagelse i MGP med sangen &quot;S\u00e5 vidunderleg&quot; som ogs\u00e5 ble A-listet i m\u00e5nedsvis p\u00e5 NRK P1. Debutalbumet hans ble k\u00e5ret til \u00c5rets Solo Album under Folkelarmprisen, og andreplaten &quot;Vegen&quot; ble nominert til Spellemann.<\/p>\n<p><\/p>","protected":false},"excerpt":{"rendered":"<p>Etter suksessen med sin forrige plate \u201dVegen\u201d, ble Kim Rysstad inspirert til \u00e5 skrive mer musikk og tekst. N\u00e5 er han klar med sitt tredje soloalbum; Timeglas<\/p>\n","protected":false},"featured_media":31344,"comment_status":"closed","ping_status":"open","template":"","meta":[],"product_brand":[],"product_cat":[35],"product_tag":[],"class_list":{"0":"post-31341","1":"product","2":"type-product","3":"status-publish","4":"has-post-thumbnail","6":"product_cat-heilo","7":"product_shipping_class-cddvd-shipping","8":"uni_artist_tag-anne-takle","9":"uni_artist_tag-billy-joel","10":"uni_artist_tag-elin-nygaard","11":"uni_artist_tag-hakon-iversen","12":"uni_artist_tag-hallgrim-bratberg","13":"uni_artist_tag-hans-olav-settem","14":"uni_artist_tag-helge-lien","15":"uni_artist_tag-ingebjorg-bratland","16":"uni_artist_tag-kim-andre-rysstad","17":"uni_artist_tag-trym-bjonnes","18":"uni_main_artist_tag-kim-andre-rysstad","19":"uni_artist_genre-folk-music","20":"uni_artist_genre-norwegian-lyrics","21":"uni_artist_genre-pop","22":"uni_artist_genre-singersongwriter","24":"first","25":"instock","26":"taxable","27":"shipping-taxable","28":"purchasable","29":"product-type-simple"},"_links":{"self":[{"href":"https:\/\/grappa.no\/no\/wp-json\/wp\/v2\/product\/31341","targetHints":{"allow":["GET"]}}],"collection":[{"href":"https:\/\/grappa.no\/no\/wp-json\/wp\/v2\/product"}],"about":[{"href":"https:\/\/grappa.no\/no\/wp-json\/wp\/v2\/types\/product"}],"replies":[{"embeddable":true,"href":"https:\/\/grappa.no\/no\/wp-json\/wp\/v2\/comments?post=31341"}],"wp:featuredmedia":[{"embeddable":true,"href":"https:\/\/grappa.no\/no\/wp-json\/wp\/v2\/media\/31344"}],"wp:attachment":[{"href":"https:\/\/grappa.no\/no\/wp-json\/wp\/v2\/media?parent=31341"}],"wp:term":[{"taxonomy":"product_brand","embeddable":true,"href":"https:\/\/grappa.no\/no\/wp-json\/wp\/v2\/product_brand?post=31341"},{"taxonomy":"product_cat","embeddable":true,"href":"https:\/\/grappa.no\/no\/wp-json\/wp\/v2\/product_cat?post=31341"},{"taxonomy":"product_tag","embeddable":true,"href":"https:\/\/grappa.no\/no\/wp-json\/wp\/v2\/product_tag?post=31341"}],"curies":[{"name":"wp","href":"https:\/\/api.w.org\/{rel}","templated":true}]}}