{"id":31222,"date":"2016-09-30T00:00:00","date_gmt":"2016-09-29T23:00:00","guid":{"rendered":"http:\/\/www.grappa.no\/no\/albums\/ukategorisert\/rost\/"},"modified":"2016-10-13T11:02:07","modified_gmt":"2016-10-13T10:02:07","slug":"rost","status":"publish","type":"product","link":"https:\/\/grappa.no\/no\/albums\/grappa\/rost\/","title":{"rendered":"R\u00f8st"},"content":{"rendered":"<p><\/p>\n<p>Sigvart Dagsland gir ut sitt f\u00f8rste studioalbum p\u00e5 fire \u00e5r.<\/p>\n<p>En &#8217;tilbake-til-r\u00f8ttene&#8217; plate, et tydelig fingeravtrykk fra Sigvart Dagsland \u2013 som p\u00e5 mange m\u00e5ter inneholder kjernen i hans musikalske DNA. Med tekster om det absolutt n\u00e6reste, denne gangen skrevet av Sigvart og Mike McGurk i felleskap.<\/p>\n<p>Inspirasjonskildene til dette albumet er mange, og for hver sang bandet spilte inn, h\u00f8rte de p\u00e5 en spesiell referansel\u00e5t fra 70-tallet \u2013 funnet frem i fellesskap. Albumet &quot;R\u00f8st&quot; gis ut p\u00e5 b\u00e5de CD og vinyl.Samtidig gir forlaget Cantando ut en noteboks med disse og samtlige andre sanger skrevet av Sigvart; \u201dAdle sangene\u201d.<\/p>\n<p><!--more--><\/p>\n<p>Sigvart Dagsland gir ut sitt f\u00f8rste studioalbum p\u00e5 fire \u00e5r.<\/p>\n<h4>Musikkgleden og inspirasjonskildene<\/h4>\n<p>\u201dDet er rart; flere ganger n\u00e5r \u00a0jeg har v\u00e6rt i et vakuum, litt uten retning, \u00a0har musikerne kommet til meg og \u00f8nsket \u00e5 starte for musikkens skyld og uten flere garantier. Og det er noe utrolig med det; uten ytre deadliner vender vi musikanter tilbake til det som er \u00e5rsaken til at vi startet med dette: musikkgleden&quot;\u00a0\u2013 forteller Sigvart, som har brukt mye tid med sine medmusikere p\u00e5 \u00e5 lytte til inspirasjonskildene for dette albumet.<\/p>\n<p>\u00a0\u201dDet er den altomfattende musikkgleden. Den som fikk oss til \u00e5 lytte andaktsfullt til Paul McCartney &amp; Wings, spare til det siste Pink Floyd eller Billy Joel-albumet, eller \u00e5 studere vokalteknikken til Stevie Wonder og Llowell George. Legger du til litt Joni Mitchell, gitaren til George Harrison, en dasj Paul Simon og muligens litt Clapton, kommer du til inspirasjonskildene vi har brukt til dette albumet\u201d.<\/p>\n<p>For hver sang bandet spilte inn, h\u00f8rte de p\u00e5 en spesiell referansel\u00e5t fra 70-tallet funnet frem i fellesskap.<br \/>\n\u201dJeg var jo der da 70-tallet faktisk skjedde, mens musikerne alle som en, fremdeles gikk i bleier. Men vi deler alts\u00e5 en fascinasjon for dette ti\u00e5ret, likevel.\u201d<\/p>\n<h4>R\u00f8st<\/h4>\n<p>Han hadde g\u00e5tt med en platetittel i tankene noen ti\u00e5r. Den hadde ligget \u00e5 godgjort seg og ventet p\u00e5 det rette prosjektet, og n\u00e5 var tiden inne;\u00a0 \u201dR\u00f8st\u201d skulle den hete &#8211; etter Sigvarts mors etternavn. P\u00e5 denne platen har Mike McGurk og Sigvart skrevet alle tekstene, og de p\u00e5st\u00e5r hardnakket at de f\u00f8lte seg ekstra forpliktet til \u00e5 skrive om noe skikkelig.<\/p>\n<p>\u201dEn kan jo ikke bare skrive hva som helst n\u00e5r selveste mor er involvert\u201d<\/p>\n<p>&quot;R\u00f8st&quot; gis ut p\u00e5 b\u00e5de CD og vinyl.Samtidig gir forlaget Cantando ut en noteboks med disse og samtlige andre sanger skrevet av Sigvart; \u201dAdle sangene\u201d.<\/p>\n<h4>H\u00f8stturn\u00e9<\/h4>\n<p>Sigvart har en egen evne til \u00e5 m\u00f8te sitt publikum med total tilstedev\u00e6relse, og med sin uovertrufne stemme tar han menneskene med seg; fra det s\u00e5rbare til de kraftfulle stemningene og vokale prestasjonene. Alltid med et skr\u00e5tt og humoristisk blikk p\u00e5 tilv\u00e6relsens mange fasetter, alltid med en dyp respekt for de b\u00e5nd som binder artist og lytter, forteller og lytter, sammen.<\/p>\n<p>Turn\u00e9 h\u00f8sten 2016:<br \/>\n14.10 Horten<br \/>\n16.10 Asker<br \/>\n20.10. Lillestr\u00f8m.<br \/>\n21.10. Porsgrunn.<br \/>\n22.10. Oslo.<br \/>\n23.10. Askim.<br \/>\n26.10. Drammen.<br \/>\n27.10. Larvik.<br \/>\n29.10. Fosnav\u00e5g.<br \/>\n30.10. Trondheim.\u00a0<br \/>\n03.11. Haugesund.<br \/>\n04.11. Kristiansand.<br \/>\n05.11. Notodden.<br \/>\n06.11. Mandal.\u00a0<br \/>\n09.11. Arendal.<br \/>\n10.11. N\u00f8tter\u00f8y.<br \/>\n11.11. Sandnes.<br \/>\n12.11. Bergen.<br \/>\n13.11. Stavanger.<\/p>\n<p><\/p>","protected":false},"excerpt":{"rendered":"<p>R\u00f8st er en &#8217;tilbake-til-r\u00f8ttene&#8217; plate, et tydelig fingeravtrykk fra Sigvart  \u2013 og p\u00e5 mange m\u00e5ter inneholder den kjernen i hans musikalske DNA.<\/p>\n","protected":false},"featured_media":31242,"comment_status":"closed","ping_status":"open","template":"","meta":[],"product_brand":[],"product_cat":[6],"product_tag":[],"class_list":{"0":"post-31222","1":"product","2":"type-product","3":"status-publish","4":"has-post-thumbnail","6":"product_cat-grappa","7":"product_shipping_class-cddvd-shipping","8":"uni_artist_tag-anne-k-johannesen","9":"uni_artist_tag-audun-sandvik","10":"uni_artist_tag-harald-aadland","11":"uni_artist_tag-hildegunn-garnes-reigstad","12":"uni_artist_tag-jango-nilsen","13":"uni_artist_tag-jarle-storlokken","14":"uni_artist_tag-jon-wien-sonstebo","15":"uni_artist_tag-karoline-kruger","16":"uni_artist_tag-kjetil-steensnaes","17":"uni_artist_tag-knut-reiersrud","18":"uni_artist_tag-kristian-kvalvaag","19":"uni_artist_tag-sigvart-dagsland","20":"uni_artist_tag-tor-egil-kreken","21":"uni_artist_tag-torjus-vierli","22":"uni_main_artist_tag-sigvart-dagsland","23":"uni_artist_genre-norwegian-lyrics","24":"uni_artist_genre-pop","26":"first","27":"instock","28":"taxable","29":"shipping-taxable","30":"purchasable","31":"product-type-simple"},"_links":{"self":[{"href":"https:\/\/grappa.no\/no\/wp-json\/wp\/v2\/product\/31222","targetHints":{"allow":["GET"]}}],"collection":[{"href":"https:\/\/grappa.no\/no\/wp-json\/wp\/v2\/product"}],"about":[{"href":"https:\/\/grappa.no\/no\/wp-json\/wp\/v2\/types\/product"}],"replies":[{"embeddable":true,"href":"https:\/\/grappa.no\/no\/wp-json\/wp\/v2\/comments?post=31222"}],"wp:featuredmedia":[{"embeddable":true,"href":"https:\/\/grappa.no\/no\/wp-json\/wp\/v2\/media\/31242"}],"wp:attachment":[{"href":"https:\/\/grappa.no\/no\/wp-json\/wp\/v2\/media?parent=31222"}],"wp:term":[{"taxonomy":"product_brand","embeddable":true,"href":"https:\/\/grappa.no\/no\/wp-json\/wp\/v2\/product_brand?post=31222"},{"taxonomy":"product_cat","embeddable":true,"href":"https:\/\/grappa.no\/no\/wp-json\/wp\/v2\/product_cat?post=31222"},{"taxonomy":"product_tag","embeddable":true,"href":"https:\/\/grappa.no\/no\/wp-json\/wp\/v2\/product_tag?post=31222"}],"curies":[{"name":"wp","href":"https:\/\/api.w.org\/{rel}","templated":true}]}}