{"id":312,"date":"2007-06-25T00:00:00","date_gmt":"2007-06-24T23:00:00","guid":{"rendered":"http:\/\/www.grappa.no\/albums\/uncategorized\/w-a-mozart-concerto-for-viola-and-orchestra\/"},"modified":"2019-02-22T15:58:01","modified_gmt":"2019-02-22T14:58:01","slug":"w-a-mozart-concerto-for-viola-and-orchestra","status":"publish","type":"product","link":"https:\/\/grappa.no\/no\/albums\/simax-classics\/w-a-mozart-concerto-for-viola-and-orchestra\/","title":{"rendered":"W.A. Mozart: Concerto for Viola and Orchestra"},"content":{"rendered":"<p><\/p>\n<p>Mozart verdenspremiere p\u00e5 norsk platemerke!<\/p>\n<p>Mozarts vidunderlige verker for klarinett er stadige kilder til glede og kontemplasjon for musikkelskere verden over. Konserten har n\u00e6rmest ikon-status, fullf\u00f8rt som den ble kun to m\u00e5neder f\u00f8r Mozart d\u00f8r.  Blant den vakreste musikken som er skrevet \u2013 men egentlig ikke for klarinett&#8230; Her er Mozart slik du aldri har h\u00f8rt det.<\/p>\n<p>Disse to verkene h\u00f8rer med blant de kj\u00e6reste og mest fremf\u00f8rte verkene til Mozart, og vi kjenner dem i dag med klarinetten som soloinstrument. De ble skrevet for et helt annet instrument; den s\u00e5kalte \u2018bassettklarinetten\u2019 som virtuosen Anton Stadler (1753\u20131812) oppfant og fors\u00f8kte \u00e5 introdusere i Wien. Instrumentet til Mozarts frimurervenn slo ikke an, mens Mozarts musikk selvf\u00f8lgelig levde videre \u2013 dog i arrangementer gjort lenge etter komponistens d\u00f8d. Mozarts egne manuskripter er forsvunnet, og klarinettarrangementene vi kjenner er ikke fra hans h\u00e5nd. Det som er spesielt interessant med bratsj-versjonen, som n\u00e5 kommer p\u00e5 plate for f\u00f8rste gang, er at en bratsj har n\u00f8yaktig samme omfang som bassetthornet, noe klarinetten ikke har!<\/p>\n<p><!--more--><\/p>\n<p>Mozarts vidunderlige verker for klarinett er stadige kilder til glede og kontemplasjon for musikkelskere verden over. Konserten har n\u00e6rmest ikon-status, fullf\u00f8rt som den ble kun to m\u00e5neder f\u00f8r Mozart d\u00f8r.  Blant den vakreste musikken som er skrevet \u2013 men egentlig ikke for klarinett&#8230; Her er Mozart slik du aldri har h\u00f8rt det.<\/p>\n<h4>N\u00e6rmere kilden til konserten<\/h4>\n<p>Det l\u00e5 i tiden \u00e5 arrangere konserter for flere instrumenter, f\u00f8rst og fremst som en kilde til inntekter. Arrangement p\u00e5 denne utgivelsen ble publisert av Johann Andr\u00e9 i Offenbach-am-Main, og bygger p\u00e5 Mozarts originale bassettklarinettstemme. I og med at bratsjen g\u00e5r like dypt som bassettklarinetten, kunne arrang\u00f8ren av bratsjversjonen beholde mye av den originale melodif\u00f8ringen, som m\u00e5tte skrives om i klarinettversjonen. Arrang\u00f8ren av bratsjversjonen er ukjent, men musikkforskere spekulerer i navn som Beethoven og Hummel.<\/p>\n<h4>Strykekvintett<\/h4>\n<p>Dette er en briljant adapsjon av Mozarts klarinettkvintett, der solostemmen er fordelt mellom solobratsj og f\u00f8rstefiolin. Resultatet er en fullblods strykekvintett med en intrikat stemmef\u00f8ring som b\u00e6rer vitne om at Mozart akkurat hadde gjort studier i Bachs partiturer, noe som p\u00e5virket alle hans senere verker.<\/p>\n<h4>Stjernelag<\/h4>\n<p>Lars Anders Tomter h\u00f8rer med til den internasjonale eliten av bratsjsolister. Fra sin base som professor ved Norges musikkh\u00f8gskole turnerer han over hele verden, blant annet i Wien hvor han kom over materialet som er med p\u00e5 denne utgivelsen. Arvid Engeg\u00e5rd dirigerer Det Norske Kammerorkester i konsertopptak fra Aulaen, og Henning Kraggerud leder en kvartett med h\u00e5ndplukkede strykere, bl.a. med det unge stjerneskuddet Christian Polt\u00e9ra p\u00e5 cello.<\/p>\n<p><\/p>","protected":false},"excerpt":{"rendered":"<p>Mozart verdenspremiere p\u00e5 norsk platemerke!<\/p>\n","protected":false},"featured_media":27694,"comment_status":"closed","ping_status":"open","template":"","meta":[],"product_brand":[],"product_cat":[180],"product_tag":[],"class_list":{"0":"post-312","1":"product","2":"type-product","3":"status-publish","4":"has-post-thumbnail","6":"product_cat-simax-classics","7":"product_shipping_class-cddvd-shipping","8":"uni_artist_tag-arvid-engegard","9":"uni_artist_tag-atle-sponberg","10":"uni_artist_tag-catherine-bullock","11":"uni_artist_tag-christian-poltera","12":"uni_artist_tag-henning-kraggerud","13":"uni_artist_tag-jan-bjoranger","14":"uni_artist_tag-lars-anders-tomter","15":"uni_artist_tag-norwegian-chamber-orchestra","16":"uni_artist_tag-tony-harrison","17":"uni_artist_tag-wolfgang-amadeus-mozart","18":"uni_main_artist_tag-lars-anders-tomter","19":"uni_artist_genre-chamber-music","20":"uni_artist_genre-concerto","21":"uni_artist_genre-world-premiere-recording","23":"first","24":"instock","25":"taxable","26":"shipping-taxable","27":"purchasable","28":"product-type-simple"},"_links":{"self":[{"href":"https:\/\/grappa.no\/no\/wp-json\/wp\/v2\/product\/312","targetHints":{"allow":["GET"]}}],"collection":[{"href":"https:\/\/grappa.no\/no\/wp-json\/wp\/v2\/product"}],"about":[{"href":"https:\/\/grappa.no\/no\/wp-json\/wp\/v2\/types\/product"}],"replies":[{"embeddable":true,"href":"https:\/\/grappa.no\/no\/wp-json\/wp\/v2\/comments?post=312"}],"wp:featuredmedia":[{"embeddable":true,"href":"https:\/\/grappa.no\/no\/wp-json\/wp\/v2\/media\/27694"}],"wp:attachment":[{"href":"https:\/\/grappa.no\/no\/wp-json\/wp\/v2\/media?parent=312"}],"wp:term":[{"taxonomy":"product_brand","embeddable":true,"href":"https:\/\/grappa.no\/no\/wp-json\/wp\/v2\/product_brand?post=312"},{"taxonomy":"product_cat","embeddable":true,"href":"https:\/\/grappa.no\/no\/wp-json\/wp\/v2\/product_cat?post=312"},{"taxonomy":"product_tag","embeddable":true,"href":"https:\/\/grappa.no\/no\/wp-json\/wp\/v2\/product_tag?post=312"}],"curies":[{"name":"wp","href":"https:\/\/api.w.org\/{rel}","templated":true}]}}