{"id":31171,"date":"1997-05-29T00:00:00","date_gmt":"1997-05-28T23:00:00","guid":{"rendered":"http:\/\/www.grappa.no\/no\/albums\/ukategorisert\/harald-saeverud-orchestral-music-vol-2\/"},"modified":"2023-11-21T10:03:48","modified_gmt":"2023-11-21T09:03:48","slug":"harald-saeverud-orchestral-music-vol-2","status":"publish","type":"product","link":"https:\/\/grappa.no\/no\/albums\/simax-classics\/harald-saeverud-orchestral-music-vol-2\/","title":{"rendered":"Harald S\u00e6verud Orchestral Music vol. 2"},"content":{"rendered":"<p><\/p>\n<p>Volum to av Harald S\u00e6veruds orkesterverker<\/p>\n<p>Harald S\u00e6verud regnes av mange som den mest s\u00e6rpregede komponist i Norge i dette \u00e5rhundret, som Sir John Barbirolli har uttalt: \u201dEnten du liker eller misliker S\u00e6veruds musikk, s\u00e5 er det ingen tvil om hvem som har skrevet den, og det er ikke ofte tilfelle med mange av dagens tonekunstnere.\u201d P\u00e5 dette 2-CD-albumet, som er det andre i en serie av to, f\u00e5r vi presentert en rekke av S\u00e6veruds orkesterverker, fremf\u00f8rt av Bergen Filharmoniske Orkester under ledelse av dirigent Karsten Andersen, samt fiolinist Trond S\u00e6verud og pianist Einar R\u00f8ttingen. Her f\u00e5r vi h\u00f8re alt fra den fantastiske \u201dKjempevisesl\u00e5tten\u201d, \u201dPeer Gynt Suite\u201d til \u201dSyljetone\u201d, \u201dRomanza for Violin and Orchestra\u201d og \u201dConcerto for Piano and Orchestra\u201d.<\/p>\n<p><!--more--><\/p>\n<h4><\/h4>\n<\/p>\n<h4><\/h4>\n<p><h4><\/h4>\n<\/p>\n<p><\/p>","protected":false},"excerpt":{"rendered":"<p>Det siste volumet i en serie av to med Harald S\u00e6veruds orkesterverker.<\/p>\n","protected":false},"featured_media":31201,"comment_status":"closed","ping_status":"closed","template":"","meta":[],"product_brand":[],"product_cat":[180],"product_tag":[],"class_list":{"0":"post-31171","1":"product","2":"type-product","3":"status-publish","4":"has-post-thumbnail","6":"product_cat-simax-classics","7":"product_shipping_class-cddvd-shipping","8":"uni_artist_tag-bergen-philharmonic-orchestra","9":"uni_artist_tag-einar-rottingen","10":"uni_artist_tag-harald-saeverud","11":"uni_artist_tag-james-mallinson","12":"uni_artist_tag-karsten-andersen","13":"uni_artist_tag-trond-saeverud","14":"uni_artist_genre-concerto","15":"uni_artist_genre-norwegian","16":"uni_artist_genre-orchestral","18":"first","19":"outofstock","20":"taxable","21":"shipping-taxable","22":"purchasable","23":"product-type-simple"},"_links":{"self":[{"href":"https:\/\/grappa.no\/no\/wp-json\/wp\/v2\/product\/31171","targetHints":{"allow":["GET"]}}],"collection":[{"href":"https:\/\/grappa.no\/no\/wp-json\/wp\/v2\/product"}],"about":[{"href":"https:\/\/grappa.no\/no\/wp-json\/wp\/v2\/types\/product"}],"replies":[{"embeddable":true,"href":"https:\/\/grappa.no\/no\/wp-json\/wp\/v2\/comments?post=31171"}],"wp:featuredmedia":[{"embeddable":true,"href":"https:\/\/grappa.no\/no\/wp-json\/wp\/v2\/media\/31201"}],"wp:attachment":[{"href":"https:\/\/grappa.no\/no\/wp-json\/wp\/v2\/media?parent=31171"}],"wp:term":[{"taxonomy":"product_brand","embeddable":true,"href":"https:\/\/grappa.no\/no\/wp-json\/wp\/v2\/product_brand?post=31171"},{"taxonomy":"product_cat","embeddable":true,"href":"https:\/\/grappa.no\/no\/wp-json\/wp\/v2\/product_cat?post=31171"},{"taxonomy":"product_tag","embeddable":true,"href":"https:\/\/grappa.no\/no\/wp-json\/wp\/v2\/product_tag?post=31171"}],"curies":[{"name":"wp","href":"https:\/\/api.w.org\/{rel}","templated":true}]}}