{"id":31170,"date":"1998-11-16T00:00:00","date_gmt":"1998-11-15T23:00:00","guid":{"rendered":"http:\/\/www.grappa.no\/no\/albums\/ukategorisert\/carl-nielsen-violin-concerto-and-symphony-no-4\/"},"modified":"2019-02-22T15:43:13","modified_gmt":"2019-02-22T14:43:13","slug":"carl-nielsen-violin-concerto-and-symphony-no-4","status":"publish","type":"product","link":"https:\/\/grappa.no\/no\/albums\/simax-classics\/carl-nielsen-violin-concerto-and-symphony-no-4\/","title":{"rendered":"Carl Nielsen: Violin concerto and Symphony no. 4"},"content":{"rendered":"<p><\/p>\n<p>Arve Tellefsen og Yehudi Menuhin<\/p>\n<p>Arve Tellefsens evne til \u00e5 fengsle og kommunisere med publikum plasserer ham blant de st\u00f8rste fiolinistene i v\u00e5r tid. Hans karriere har bragt ham til alle de st\u00f8rste europeiske konsertscenene og han har lagt omfattende turn\u00e9virksomhet bak seg i Asia. Han har ogs\u00e5 samarbeidet med flere av verdens ledende orkestre og dirigenter. P\u00e5 dette albumet fremf\u00f8rer han, sammen med Royal Philharmonic Orchestra og dirigent Sir Yehudi Menuhin, to verker av den eksepsjonelle danske komponisten Carl Nielsen. <\/p>\n<p>Nielsens Fiolinkonsert stammer fra mellomperioden i hans kreative karriere, et skinnende, uvanlig formell, og godt mottatt verk, med klar progressiv tonalitet. Komponistens fjerde symfoni utviser mindre rike harmonier, tettere teksturer og m\u00f8rkere farger enn tidligere, og med en st\u00f8rre kompleksitet danner det seg et mer angul\u00e6rt melodisk spr\u00e5k og en h\u00f8yere grad av dissonans. Fra den eksplosive begynnelsen til den oppsiktsvekkende kraften og energien i finalen, er denne symfonien en ren triumf for symfonisk musikk.<\/p>\n<p><!--more--><\/p>\n<h4><\/h4>\n<\/p>\n<h4><\/h4>\n<p><h4><\/h4>\n<\/p>\n<p><\/p>","protected":false},"excerpt":{"rendered":"<p>Arve Tellefsen fremf\u00f8rer sammen med Royal Philharmonic Orchestra og dirigent Sir Yehudi Menuhin, to verker av den eksepsjonelle danske komponisten Carl Nielsen.<\/p>\n","protected":false},"featured_media":31200,"comment_status":"closed","ping_status":"open","template":"","meta":[],"product_brand":[],"product_cat":[180],"product_tag":[],"class_list":{"0":"post-31170","1":"product","2":"type-product","3":"status-publish","4":"has-post-thumbnail","6":"product_cat-simax-classics","7":"product_shipping_class-cddvd-shipping","8":"uni_artist_tag-andrew-keener","9":"uni_artist_tag-arve-tellefsen","10":"uni_artist_tag-carl-nielsen","11":"uni_artist_tag-john-west","12":"uni_artist_tag-royal-philharmonic-orchestra","13":"uni_artist_tag-yehudi-menuhin","14":"uni_main_artist_tag-arve-tellefsen","15":"uni_artist_genre-orchestral","16":"uni_artist_genre-scandinavian","17":"uni_artist_genre-strings","19":"first","20":"instock","21":"taxable","22":"shipping-taxable","23":"purchasable","24":"product-type-simple"},"_links":{"self":[{"href":"https:\/\/grappa.no\/no\/wp-json\/wp\/v2\/product\/31170","targetHints":{"allow":["GET"]}}],"collection":[{"href":"https:\/\/grappa.no\/no\/wp-json\/wp\/v2\/product"}],"about":[{"href":"https:\/\/grappa.no\/no\/wp-json\/wp\/v2\/types\/product"}],"replies":[{"embeddable":true,"href":"https:\/\/grappa.no\/no\/wp-json\/wp\/v2\/comments?post=31170"}],"wp:featuredmedia":[{"embeddable":true,"href":"https:\/\/grappa.no\/no\/wp-json\/wp\/v2\/media\/31200"}],"wp:attachment":[{"href":"https:\/\/grappa.no\/no\/wp-json\/wp\/v2\/media?parent=31170"}],"wp:term":[{"taxonomy":"product_brand","embeddable":true,"href":"https:\/\/grappa.no\/no\/wp-json\/wp\/v2\/product_brand?post=31170"},{"taxonomy":"product_cat","embeddable":true,"href":"https:\/\/grappa.no\/no\/wp-json\/wp\/v2\/product_cat?post=31170"},{"taxonomy":"product_tag","embeddable":true,"href":"https:\/\/grappa.no\/no\/wp-json\/wp\/v2\/product_tag?post=31170"}],"curies":[{"name":"wp","href":"https:\/\/api.w.org\/{rel}","templated":true}]}}