{"id":31150,"date":"1998-11-16T00:00:00","date_gmt":"1998-11-15T23:00:00","guid":{"rendered":"http:\/\/www.grappa.no\/no\/albums\/ukategorisert\/violin-concertos-by-beethoven-and-bruch\/"},"modified":"2019-02-22T15:46:29","modified_gmt":"2019-02-22T14:46:29","slug":"violin-concertos-by-beethoven-and-bruch","status":"publish","type":"product","link":"https:\/\/grappa.no\/no\/albums\/simax-classics\/violin-concertos-by-beethoven-and-bruch\/","title":{"rendered":"Violin Concertos by Beethoven and Bruch"},"content":{"rendered":"<p><\/p>\n<p>Tellefsen spiller Beethoven og Bruch<\/p>\n<p>Konserten vil alltid forbli blant de mest popul\u00e6re genrene, og p\u00e5 dette albumet fremf\u00f8rer kanskje Norges fremste fiolinist Arve Tellefsen det som i stor grad anses som den st\u00f8rste av alle fiolinkonserter: Beethovens \u201dFiolinkonsert i D-dur, Op. 61\u201d. Uansett hvilken form Beethoven la sin h\u00e5nd p\u00e5, enten det var symfoni, konsert, kvartett, sonate eller messen, ble resultatet av uovertruffen kvalitet. Helt i fra konsertens begynnelse er verkets originalitet like sl\u00e5ende som det er diskr\u00e9, med fem paukeslag som introduserer et tema av edel ro og selvsikkerhet. Arve Tellefsens eksepsjonelle tekniske niv\u00e5 og h\u00f8ye grad av musikalsk finesse gj\u00f8r denne innspillingen helt unik! <\/p>\n<p>Ikke mindre imponerende er Tellefsens fremf\u00f8ring av Max Bruchs \u201dFiolinkonsert i G-moll, Op. 26\u201d som ogs\u00e5 er inkludert p\u00e5 dette albumet. I likhet med Beethovens konsert er verket h\u00f8yst originalt i sin avslappede, men disiplinerte, tiln\u00e6rming til form. Den har en uforgjengelig friskhet og varme ved seg som med rette har gjort den til en favoritt b\u00e5de blant ut\u00f8vere og publikummere.<\/p>\n<p><!--more--><\/p>\n<h4><\/h4>\n<\/p>\n<h4><\/h4>\n<p><h4><\/h4>\n<\/p>\n<p><\/p>","protected":false},"excerpt":{"rendered":"<p>Konserten vil alltid forbli blant de mest popul\u00e6re genrene, og p\u00e5 dette albumet fremf\u00f8rer Arve Tellefsen noen av musikkhistoriens st\u00f8rste!<\/p>\n","protected":false},"featured_media":31152,"comment_status":"closed","ping_status":"open","template":"","meta":[],"product_brand":[],"product_cat":[180],"product_tag":[],"class_list":{"0":"post-31150","1":"product","2":"type-product","3":"status-publish","4":"has-post-thumbnail","6":"product_cat-simax-classics","7":"product_shipping_class-cddvd-shipping","8":"uni_artist_tag-andrew-keener","9":"uni_artist_tag-arve-tellefsen","10":"uni_artist_tag-london-philharmonic-orchestra","11":"uni_artist_tag-ludwig-van-beethoven","12":"uni_artist_tag-max-bruch","13":"uni_artist_tag-vernon-handley","14":"uni_main_artist_tag-arve-tellefsen","15":"uni_artist_genre-concerto","16":"uni_artist_genre-orchestral","17":"uni_artist_genre-strings","19":"first","20":"instock","21":"taxable","22":"shipping-taxable","23":"purchasable","24":"product-type-simple"},"_links":{"self":[{"href":"https:\/\/grappa.no\/no\/wp-json\/wp\/v2\/product\/31150","targetHints":{"allow":["GET"]}}],"collection":[{"href":"https:\/\/grappa.no\/no\/wp-json\/wp\/v2\/product"}],"about":[{"href":"https:\/\/grappa.no\/no\/wp-json\/wp\/v2\/types\/product"}],"replies":[{"embeddable":true,"href":"https:\/\/grappa.no\/no\/wp-json\/wp\/v2\/comments?post=31150"}],"wp:featuredmedia":[{"embeddable":true,"href":"https:\/\/grappa.no\/no\/wp-json\/wp\/v2\/media\/31152"}],"wp:attachment":[{"href":"https:\/\/grappa.no\/no\/wp-json\/wp\/v2\/media?parent=31150"}],"wp:term":[{"taxonomy":"product_brand","embeddable":true,"href":"https:\/\/grappa.no\/no\/wp-json\/wp\/v2\/product_brand?post=31150"},{"taxonomy":"product_cat","embeddable":true,"href":"https:\/\/grappa.no\/no\/wp-json\/wp\/v2\/product_cat?post=31150"},{"taxonomy":"product_tag","embeddable":true,"href":"https:\/\/grappa.no\/no\/wp-json\/wp\/v2\/product_tag?post=31150"}],"curies":[{"name":"wp","href":"https:\/\/api.w.org\/{rel}","templated":true}]}}