{"id":31149,"date":"1998-11-16T00:00:00","date_gmt":"1998-11-15T23:00:00","guid":{"rendered":"http:\/\/www.grappa.no\/no\/albums\/ukategorisert\/arco\/"},"modified":"2019-02-22T15:44:00","modified_gmt":"2019-02-22T14:44:00","slug":"arco","status":"publish","type":"product","link":"https:\/\/grappa.no\/no\/albums\/simax-classics\/arco\/","title":{"rendered":"Arco"},"content":{"rendered":"<p><\/p>\n<p>De vakreste stykkene skrevet for fiolin og orkester<\/p>\n<p>Arve Tellefsen, Trondheim Symfoniorkester og dirigent G\u00f6ran W. Nilson fremf\u00f8rer noen av de vakreste stykkene skrevet for fiolin og orkester. Her f\u00e5r vi h\u00f8re klassiske stykker som Saint-Sa\u00ebns \u201dSvanen\u201d, Faur\u00e9s \u201dSicilienne\u201d og \u201dLargo\u201d fra Vivaldis \u201dVinteren\u201d, tradisjonelle norske folketoner som \u201dGjendines b\u00e5dnl\u00e5t\u201d og \u201dJeg lagde meg saa silde\u201d, og film- og musikalmusikk som John Williams \u201dTema fra Schindlers Liste\u201d og Stephen Sondheims \u201dSend in the Clowns\u201d. Alt naturligvis mesterlig fremf\u00f8rt av Norges fremste fiolinist, Arve Tellefsen.<\/p>\n<p><!--more--><\/p>\n<h4><\/h4>\n<\/p>\n<h4><\/h4>\n<p><h4><\/h4>\n<\/p>\n<p><\/p>","protected":false},"excerpt":{"rendered":"<p>Arve Tellefsen, Trondheim Symfoniorkester og dirigent G\u00f6ran W. Nilson fremf\u00f8rer noen av de vakreste stykkene skrevet for fiolin og orkester.<\/p>\n","protected":false},"featured_media":31151,"comment_status":"closed","ping_status":"open","template":"","meta":[],"product_brand":[],"product_cat":[180],"product_tag":[],"class_list":{"0":"post-31149","1":"product","2":"type-product","3":"status-publish","4":"has-post-thumbnail","6":"product_cat-simax-classics","7":"product_shipping_class-cddvd-shipping","8":"uni_artist_tag-antonio-vivaldi","9":"uni_artist_tag-arve-tellefsen","10":"uni_artist_tag-camille-saint-saens","11":"uni_artist_tag-enrico-toselli","12":"uni_artist_tag-gabriel-faure","13":"uni_artist_tag-goran-w-nilson","14":"uni_artist_tag-heinz-provost","15":"uni_artist_tag-james-mallinson","16":"uni_artist_tag-johan-halvorsen","17":"uni_artist_tag-john-williams","18":"uni_artist_tag-joseph-joachim-raff","19":"uni_artist_tag-jules-massenet","20":"uni_artist_tag-ole-bull","21":"uni_artist_tag-pablo-de-sarasate","22":"uni_artist_tag-stephen-sondheim","23":"uni_artist_tag-trad","24":"uni_artist_tag-trondheim-symphony-orchestra","25":"uni_artist_tag-zdenek-fibich","26":"uni_main_artist_tag-arve-tellefsen","27":"uni_artist_genre-collection","28":"uni_artist_genre-concerto","29":"uni_artist_genre-easy-listening","30":"uni_artist_genre-film-music","31":"uni_artist_genre-orchestral","32":"uni_artist_genre-strings","34":"first","35":"instock","36":"taxable","37":"shipping-taxable","38":"purchasable","39":"product-type-simple"},"_links":{"self":[{"href":"https:\/\/grappa.no\/no\/wp-json\/wp\/v2\/product\/31149","targetHints":{"allow":["GET"]}}],"collection":[{"href":"https:\/\/grappa.no\/no\/wp-json\/wp\/v2\/product"}],"about":[{"href":"https:\/\/grappa.no\/no\/wp-json\/wp\/v2\/types\/product"}],"replies":[{"embeddable":true,"href":"https:\/\/grappa.no\/no\/wp-json\/wp\/v2\/comments?post=31149"}],"wp:featuredmedia":[{"embeddable":true,"href":"https:\/\/grappa.no\/no\/wp-json\/wp\/v2\/media\/31151"}],"wp:attachment":[{"href":"https:\/\/grappa.no\/no\/wp-json\/wp\/v2\/media?parent=31149"}],"wp:term":[{"taxonomy":"product_brand","embeddable":true,"href":"https:\/\/grappa.no\/no\/wp-json\/wp\/v2\/product_brand?post=31149"},{"taxonomy":"product_cat","embeddable":true,"href":"https:\/\/grappa.no\/no\/wp-json\/wp\/v2\/product_cat?post=31149"},{"taxonomy":"product_tag","embeddable":true,"href":"https:\/\/grappa.no\/no\/wp-json\/wp\/v2\/product_tag?post=31149"}],"curies":[{"name":"wp","href":"https:\/\/api.w.org\/{rel}","templated":true}]}}