{"id":31147,"date":"1999-04-15T00:00:00","date_gmt":"1999-04-14T23:00:00","guid":{"rendered":"http:\/\/www.grappa.no\/no\/albums\/ukategorisert\/piano-trios-by-shostakovich-martin-bloch\/"},"modified":"2019-02-22T15:43:24","modified_gmt":"2019-02-22T14:43:24","slug":"piano-trios-by-shostakovich-martin-bloch","status":"publish","type":"product","link":"https:\/\/grappa.no\/no\/albums\/simax-classics\/piano-trios-by-shostakovich-martin-bloch\/","title":{"rendered":"Piano trios by Shostakovich \/ Martin \/ Bloch"},"content":{"rendered":"<p><\/p>\n<p>Pianotrioer fra 1920<\/p>\n<p>Med 10-\u00e5rs mellomrom ble de to portalfigurene i Sveitsisk musikkliv, Ernest Bloch og Frank Martin f\u00f8dt i samme by: Gen\u00e8ve. I forskjellige milj\u00f8er riktignok, men byens spesielle aura av etisk alvor og dyp konsentrasjon om \u00e5ndelige sp\u00f8rsm\u00e5l sl\u00e5r inn i begges hverdag fra barndommen av. Det virker som mer enn en tilfeldighet, men er det neppe, at begge omtrent p\u00e5 samme tid arbeider med det samme klangkorpus \u2013 den gamle veletablerte klavertrioen. Ja, innenfor det samme tidsrommet p\u00e5 dr\u00f8yt et \u00e5r har ogs\u00e5 tredjemann i laget p\u00e5 n\u00e6rv\u00e6rende CD \u2013 en komponistpersonlighet med en helt annen bakgrunn og enn\u00e5 bare en ukjent yngling \u2013 satt sin f\u00f8rste klavertrio p\u00e5 notepapiret: Dmitrij Sjostakovitsj. Han var ogs\u00e5 den eneste av disse tre som senere skulle vende tilbake til mediet. For Bloch og Martin ble det med denne ene gangen p\u00e5 tyvetallet. <\/p>\n<p>Her fremf\u00f8rer den veletablerte og internasjonalt anerkjente gruppen Grieg Trio verker av disse komponistene. Etter en rekke suksessfulle album utviser den eksepsjonelt dyktige trioen nok en gang stor musikalsk styrke, enten det er i Blochs \u201d3 nokturner\u201d, med sine umiskjennelige j\u00f8diskinspirerte tonespr\u00e5k, eller Martins flagrende lette og transparente \u201dTrio on Irish Folktunes\u201d. For ikke \u00e5 snakke om deres tolkninger av Sjostakovitsj\u2019 to pianotrioer \u2013 i c-moll og e-moll \u2013 som for alle med den minste affinitet til komponistens verk umulig kan f\u00f8le likegyldighet til.<\/p>\n<p><!--more--><\/p>\n<h4><\/h4>\n<\/p>\n<h4><\/h4>\n<p><h4><\/h4>\n<\/p>\n<p><\/p>","protected":false},"excerpt":{"rendered":"<p>Etter en rekke suksessfulle album utviser den eksepsjonelt dyktige Grieg Trio nok en gang stor musikalsk styrke i sine fremf\u00f8ringer av Ernest Bloch, Frank Martin og Dmitri Sjostakovitsj.<\/p>\n","protected":false},"featured_media":31148,"comment_status":"closed","ping_status":"open","template":"","meta":[],"product_brand":[],"product_cat":[180],"product_tag":[],"class_list":{"0":"post-31147","1":"product","2":"type-product","3":"status-publish","4":"has-post-thumbnail","6":"product_cat-simax-classics","7":"product_shipping_class-cddvd-shipping","8":"uni_artist_tag-dimitri-shostakovich","9":"uni_artist_tag-ernest-bloch","10":"uni_artist_tag-frank-martin","11":"uni_artist_tag-grieg-trio","12":"uni_artist_tag-krzysztof-drab","13":"uni_main_artist_tag-grieg-trio","14":"uni_artist_genre-chamber-music","15":"uni_artist_genre-hi-fi","16":"uni_artist_genre-strings","18":"first","19":"instock","20":"taxable","21":"shipping-taxable","22":"purchasable","23":"product-type-simple"},"_links":{"self":[{"href":"https:\/\/grappa.no\/no\/wp-json\/wp\/v2\/product\/31147","targetHints":{"allow":["GET"]}}],"collection":[{"href":"https:\/\/grappa.no\/no\/wp-json\/wp\/v2\/product"}],"about":[{"href":"https:\/\/grappa.no\/no\/wp-json\/wp\/v2\/types\/product"}],"replies":[{"embeddable":true,"href":"https:\/\/grappa.no\/no\/wp-json\/wp\/v2\/comments?post=31147"}],"wp:featuredmedia":[{"embeddable":true,"href":"https:\/\/grappa.no\/no\/wp-json\/wp\/v2\/media\/31148"}],"wp:attachment":[{"href":"https:\/\/grappa.no\/no\/wp-json\/wp\/v2\/media?parent=31147"}],"wp:term":[{"taxonomy":"product_brand","embeddable":true,"href":"https:\/\/grappa.no\/no\/wp-json\/wp\/v2\/product_brand?post=31147"},{"taxonomy":"product_cat","embeddable":true,"href":"https:\/\/grappa.no\/no\/wp-json\/wp\/v2\/product_cat?post=31147"},{"taxonomy":"product_tag","embeddable":true,"href":"https:\/\/grappa.no\/no\/wp-json\/wp\/v2\/product_tag?post=31147"}],"curies":[{"name":"wp","href":"https:\/\/api.w.org\/{rel}","templated":true}]}}