{"id":31133,"date":"2016-09-16T00:00:00","date_gmt":"2016-09-15T23:00:00","guid":{"rendered":"http:\/\/www.grappa.no\/no\/albums\/ukategorisert\/sumarmorgon\/"},"modified":"2017-02-07T10:48:05","modified_gmt":"2017-02-07T09:48:05","slug":"sumarmorgon","status":"publish","type":"product","link":"https:\/\/grappa.no\/no\/albums\/heilo\/sumarmorgon\/","title":{"rendered":"Sumarmorgon"},"content":{"rendered":"<p><\/p>\n<p>Odde &amp; Holmen &#8211; Sumarmorgon<\/p>\n<p>Odde &amp; Holmen har kjent hverandre siden ten\u00e5rene, og begynte \u00e5 spille sammen da de begge studerte p\u00e5 Norges Musikkh\u00f8gskole. Etter noe pr\u00f8ving og feiling med spillestil og den litt uvanlige kombinasjonen av vanlig fele og hardingfele, fant de sitt eget uttrykk og lydbilde som de utviklet videre. Albumet inneholder et variert utvalg av repertoar de har hatt siden de begynte \u00e5 spille sammen. Gode solosl\u00e5tter fra Valdres og Ottadalen tar sin naturlige plass i en ny innpakning. \u201dIntermezzo: Daggry\u201d, en improvisasjon, kommer som et brudd og en overgang til et annet musikalsk landskap p\u00e5 platen, nemlig komposisjoner av Eivind Groven (1901-1977).<br \/>\nDet er ikke lange veien over Valdresfl\u00f8ya, den mektige og v\u00e6rutsatte fjellovergangen som skiller Ottadalen og Valdres. Den korte avstanden vitner lite om at man snakker om to veldig forskjellige tradisjonsuttrykk \u2013 Ottadalen med det vemodige og varme felespillet, og Valdres med de djerve og saftige hardingfelesl\u00e5ttene. Det var derfor ikke selvsagt at Bj\u00f8rn K\u00e5re Odde fra Garmo og Sivert Holmen fra Aurdal skulle bli duoen Odde &amp; Holmen \u2013 men her er deres f\u00f8rste plate: \u201dSumarmorgon\u201d<\/p>\n<p><!--more--><\/p>\n<p>Gudbrandsdalen m\u00f8ter Valdres. Vanleg fele og hardingfele inng\u00e5r partnarskap i duoen Odde &amp; Holmen.<\/p>\n<h4>Debutalbum<\/h4>\n<p>Repertoaret deira p\u00e5 &quot;Sumarmorgon&quot; er i hovudsak basert p\u00e5 ein smakfull kombinasjon av dei ulike tradisjonsuttrykka dei representerer. Gode solosl\u00e5ttar fr\u00e5 Valdres og Ottadalen tek sin naturlege plass i ein ny innpakning.<br \/>\n&#8211; Denne plata inneheld eit variert utval av repertoar me har nytta sidan me byrja \u00e5 spela saman, og me h\u00e5par at samspelet v\u00e5rt tilf\u00f8rer dei noko nytt og interessant. &#8211; Odde &amp; Holmen<\/p>\n<p>Det duoen kanskje har f\u00e5tt mest merksemd for det siste \u00e5ret er at dei har tatt i bruk musikk av komponist og spelemann Eivind Groven (1901 &#8211; 1977). Verdt \u00e5 nemne er &quot;Regnbogen&quot; og &quot;Springar fr\u00e5 Symfoniske Sl\u00e5ttar&quot; for to hardingfeler &#8211; frykta for sin kompleksitet og elska for dei spesielle klangane og harmoniane som Groven er s\u00e5 kjent for.<\/p>\n<h4>\u00c5rets unge folkemusikarar<\/h4>\n<p>Bj\u00f8rn K\u00e5re og Sivert har kvar for seg utmerka seg som sterke soliastar i folkemusikkmilj\u00f8et, b\u00e5de p\u00e5 kappleikar og p\u00e5 konsertscener p\u00e5 forskjellige arenaer. Sivert har mellom anna ved fleire h\u00f8ve vore solist med koret Ad Cantus, b\u00e5de p\u00e5 vanleg fele og hardinfele. Men spesielt har han utmerka seg som ein sterk ut\u00f8var av hardingfeletradisjonen fr\u00e5 Valdres. Bj\u00f8rn K\u00e5re har markert seg som ein sv\u00e6rt allsidig musikar. I 2013 vann han Toneprisen, og \u00e5ret etter spelte han &quot;spelemannen&quot; i musikalen &quot;Spelemann p\u00e5 taket&quot; p\u00e5 Det Norske Teatret. Sidan den gong har han livn\u00e6rt seg som musikar, ofte som solist ved forskjellige h\u00f8ve, men og som musikar i kjente grupper som Majorstuen og Lendmenn.<br \/>\nUnder Folkelarm 2015 vart Odde &amp; Holmen k\u00e5ra til \u00e5rets unge folkemusikarar.<\/p>\n<h4><\/h4>\n<\/p>\n<p><\/p>","protected":false},"excerpt":{"rendered":"<p>Gudbrandsdalen m\u00f8ter Valdres. Vanleg fele og hardingfele inng\u00e5r partnarskap i duoen Odde &amp; Holmen.<\/p>\n","protected":false},"featured_media":31192,"comment_status":"closed","ping_status":"open","template":"","meta":[],"product_brand":[],"product_cat":[35],"product_tag":[],"class_list":{"0":"post-31133","1":"product","2":"type-product","3":"status-publish","4":"has-post-thumbnail","6":"product_cat-heilo","7":"product_shipping_class-cddvd-shipping","8":"uni_artist_tag-anne-hytta","9":"uni_artist_tag-bjorn-kare-odde","10":"uni_artist_tag-eivind-groven","11":"uni_artist_tag-jorn-hilme","12":"uni_artist_tag-odde-holmen","13":"uni_artist_tag-trad","14":"uni_main_artist_tag-odde-holmen","15":"uni_artist_genre-folk-music","16":"uni_artist_genre-traditional","18":"first","19":"instock","20":"taxable","21":"shipping-taxable","22":"purchasable","23":"product-type-simple"},"_links":{"self":[{"href":"https:\/\/grappa.no\/no\/wp-json\/wp\/v2\/product\/31133","targetHints":{"allow":["GET"]}}],"collection":[{"href":"https:\/\/grappa.no\/no\/wp-json\/wp\/v2\/product"}],"about":[{"href":"https:\/\/grappa.no\/no\/wp-json\/wp\/v2\/types\/product"}],"replies":[{"embeddable":true,"href":"https:\/\/grappa.no\/no\/wp-json\/wp\/v2\/comments?post=31133"}],"wp:featuredmedia":[{"embeddable":true,"href":"https:\/\/grappa.no\/no\/wp-json\/wp\/v2\/media\/31192"}],"wp:attachment":[{"href":"https:\/\/grappa.no\/no\/wp-json\/wp\/v2\/media?parent=31133"}],"wp:term":[{"taxonomy":"product_brand","embeddable":true,"href":"https:\/\/grappa.no\/no\/wp-json\/wp\/v2\/product_brand?post=31133"},{"taxonomy":"product_cat","embeddable":true,"href":"https:\/\/grappa.no\/no\/wp-json\/wp\/v2\/product_cat?post=31133"},{"taxonomy":"product_tag","embeddable":true,"href":"https:\/\/grappa.no\/no\/wp-json\/wp\/v2\/product_tag?post=31133"}],"curies":[{"name":"wp","href":"https:\/\/api.w.org\/{rel}","templated":true}]}}