{"id":31103,"date":"2006-09-11T00:00:00","date_gmt":"2006-09-10T23:00:00","guid":{"rendered":"http:\/\/www.grappa.no\/no\/albums\/ukategorisert\/telling-what-is-told-%c2%b7-shakespeare-songs\/"},"modified":"2019-02-22T16:02:48","modified_gmt":"2019-02-22T15:02:48","slug":"telling-what-is-told-%c2%b7-shakespeare-songs","status":"publish","type":"product","link":"https:\/\/grappa.no\/no\/albums\/simax-classics\/telling-what-is-told-%c2%b7-shakespeare-songs\/","title":{"rendered":"Telling what is Told \u00b7 Shakespeare Songs"},"content":{"rendered":"<p><\/p>\n<p>Sangeren William Shakespeare<\/p>\n<p>Hvis det er slik at William Shakespeares tekster klinger som musikk, lytt da til denne nye utgivelsen, og f\u00e5 dobbelt opp! Her er kritikerroste Det Norske Solistkor og Grete Pedersen klar med en ny solo-CD med musikk til mesterens tekster.<\/p>\n<p>Musikken er komponert av 6 nyere nordiske komponister, mens hovedverket p\u00e5 platen \u2013 Songs of Ariel \u2013\u00a0st\u00e5r sveitseren Frank Martin (1890-1974) for. Alfred Jansons verk er skrevet til Solistkoret i 2000, og g\u00e5r n\u00e5 sin seiersgang verden over hos kor som Rilkeensemblet, World Youth Choir, Robert Schumann choir m.fl. Det er spennende \u00e5 lytte til hvordan komponistene tiln\u00e6rmer seg stoffet, hver p\u00e5 sin unike m\u00e5te. Med ulik bakgrunn og musikalske st\u00e5sted lar de seg alle inspirere og fascinere av Shakespeares poesi.<\/p>\n<p><!--more--><\/p>\n<p>Hvis det er slik at William Shakespeares tekster klinger som musikk, lytt da til denne nye utgivelsen, og f\u00e5 dobbelt opp! Her er kritikerroste Det Norske Solistkor og Grete Pedersen klar med en ny solo-CD med musikk til mesterens tekster.<\/p>\n<h4>Sangeren William Shakespeare<\/h4>\n<p>Telling what is Told er et finslipt og gjennompr\u00f8vd konsept fra solistkoret. I 2005 var de blant annet p\u00e5 en 2 uker lang turn\u00e9 over hele landet med dette programmet. Til utgivelsen har Edvard Hoem skrevet artikkelen \u00abSongaren William Shakespeare\u00bb som st\u00e5r trykket i bookleten. Den g\u00e5r n\u00e6rmere inn p\u00e5 nettopp sangene i Shakespeares verker.<\/p>\n<h4>Tidl\u00f8s inspirasjon<\/h4>\n<p>Musikken er komponert av 6 nyere nordiske komponister, mens hovedverket p\u00e5 platen \u2013 Songs of Ariel \u2013\u00a0st\u00e5r sveitseren Frank Martin (1890-1974) for. Alfred Jansons verk er skrevet til Solistkoret i 2000, og g\u00e5r n\u00e5 sin seiersgang verden over hos kor som Rilkeensemblet, World Youth Choir, Robert Schumann choir m.fl. Det er spennende \u00e5 lytte til hvordan komponistene tiln\u00e6rmer seg stoffet, hver p\u00e5 sin unike m\u00e5te. Med ulik bakgrunn og musikalske st\u00e5sted lar de seg alle inspirere og fascinere av Shakespeares poesi.<\/p>\n<h4><\/h4>\n<\/p>\n<p><\/p>","protected":false},"excerpt":{"rendered":"<p>&#8211; Grete Pedersen shapes the sound of the choir with attention to even the most subtle nuance [\u2026] on this exquisite release. [Dagbladet]<\/p>\n","protected":false},"featured_media":31114,"comment_status":"closed","ping_status":"open","template":"","meta":[],"product_brand":[],"product_cat":[180],"product_tag":[],"class_list":{"0":"post-31103","1":"product","2":"type-product","3":"status-publish","4":"has-post-thumbnail","6":"product_cat-simax-classics","7":"product_shipping_class-cddvd-shipping","8":"uni_artist_tag-alfred-janson","9":"uni_artist_tag-frank-martin","10":"uni_artist_tag-grete-pedersen","11":"uni_artist_tag-hakon-berge","12":"uni_artist_tag-hans-kristian-kjos-sorensen","13":"uni_artist_tag-jaakko-mantyjarvi","14":"uni_artist_tag-jorn-pedersen","15":"uni_artist_tag-nils-lindberg","16":"uni_artist_tag-norwegian-soloists-choir","17":"uni_artist_tag-soren-barfoed","18":"uni_artist_tag-sven-eric-johanson","19":"uni_main_artist_tag-norwegian-soloists-choir","20":"uni_artist_genre-a-cappella","21":"uni_artist_genre-contemporary-music","23":"first","24":"instock","25":"taxable","26":"shipping-taxable","27":"product-type-simple"},"_links":{"self":[{"href":"https:\/\/grappa.no\/no\/wp-json\/wp\/v2\/product\/31103","targetHints":{"allow":["GET"]}}],"collection":[{"href":"https:\/\/grappa.no\/no\/wp-json\/wp\/v2\/product"}],"about":[{"href":"https:\/\/grappa.no\/no\/wp-json\/wp\/v2\/types\/product"}],"replies":[{"embeddable":true,"href":"https:\/\/grappa.no\/no\/wp-json\/wp\/v2\/comments?post=31103"}],"wp:featuredmedia":[{"embeddable":true,"href":"https:\/\/grappa.no\/no\/wp-json\/wp\/v2\/media\/31114"}],"wp:attachment":[{"href":"https:\/\/grappa.no\/no\/wp-json\/wp\/v2\/media?parent=31103"}],"wp:term":[{"taxonomy":"product_brand","embeddable":true,"href":"https:\/\/grappa.no\/no\/wp-json\/wp\/v2\/product_brand?post=31103"},{"taxonomy":"product_cat","embeddable":true,"href":"https:\/\/grappa.no\/no\/wp-json\/wp\/v2\/product_cat?post=31103"},{"taxonomy":"product_tag","embeddable":true,"href":"https:\/\/grappa.no\/no\/wp-json\/wp\/v2\/product_tag?post=31103"}],"curies":[{"name":"wp","href":"https:\/\/api.w.org\/{rel}","templated":true}]}}