{"id":31102,"date":"2005-03-14T00:00:00","date_gmt":"2005-03-13T23:00:00","guid":{"rendered":"http:\/\/www.grappa.no\/no\/albums\/ukategorisert\/we-know-not-where-the-dragons-fly\/"},"modified":"2019-02-22T16:02:09","modified_gmt":"2019-02-22T15:02:09","slug":"we-know-not-where-the-dragons-fly","status":"publish","type":"product","link":"https:\/\/grappa.no\/no\/albums\/simax-classics\/we-know-not-where-the-dragons-fly\/","title":{"rendered":"We Know Not Where the Dragons Fly"},"content":{"rendered":"<p><\/p>\n<p>Ungt og dristig kor<\/p>\n<p>We Know Not Where The Dragons Fly. Den kinesiske poeten Liu Ji (1311 \u2013 1375) beskriver i dette diktet hvordan drager som flyr over skyene f\u00f8rer til torden og regn \u2013 og sp\u00f8r hvor dragene flyr etter tordenet. Tittelen p\u00e5 den nye platen fra Ginnungagap b\u00e6rer bud om eventyrlyst og spenning fra landets friskeste og mest spennende kor.<\/p>\n<p>Helt siden starten i 1998 har Ginnungagap etterstrebet \u00e5 finne frem til ny og spennende musikk for kor. At arbeidet har v\u00e6rt vellykket beviste de allerede i 2001 med sin kritikerroste debutplate Cor og beviser det igjen p\u00e5 denne nye utgivelsen p\u00e5 Simax Classics. De satser p\u00e5 unge og ukjente nordiske komponister, og beveger seg motstr\u00f8ms i et tradisjonsforankret norsk kor-milj\u00f8.<\/p>\n<p>P\u00e5 denne cden fremf\u00f8rer Ginnungagap verker av korets tidligere musikalske leder Torbj\u00f8rn Dyrud (Norge), Martin Palsmar (Danmark) og Mattias Sk\u00f6ld (Sverige). Alle tre er komponister i begynnelsen av karrieren, og har en felles interesse for kormusikk, og en tydelig forankring i europeisk kortradisjon. We Know Not Where The Dragons Fly presenterer 3 unge komponister med h\u00f8yst individuelle stemmer.<\/p>\n<p><!--more--><\/p>\n<h4><\/h4>\n<\/p>\n<h4><\/h4>\n<p><h4><\/h4>\n<\/p>\n<p><\/p>","protected":false},"excerpt":{"rendered":"<p>We Know Not Where The Dragons Fly presenterer 3 unge komponister med h\u00f8yst individuelle stemmer, fremf\u00f8rt av Ginnungagap kor.<\/p>\n","protected":false},"featured_media":31180,"comment_status":"closed","ping_status":"open","template":"","meta":[],"product_brand":[],"product_cat":[180],"product_tag":[],"class_list":{"0":"post-31102","1":"product","2":"type-product","3":"status-publish","4":"has-post-thumbnail","6":"product_cat-simax-classics","7":"product_shipping_class-cddvd-shipping","8":"uni_artist_tag-ginnungagap-choir","9":"uni_artist_tag-torbjorn-dyrud","10":"uni_artist_tag-tore-simonsen","11":"uni_main_artist_tag-ginnungagap-choir","12":"uni_artist_genre-a-cappella","13":"uni_artist_genre-choir","14":"uni_artist_genre-world-premiere-recording","15":"uni_artist_genre-young-norwegian","17":"first","18":"instock","19":"taxable","20":"shipping-taxable","21":"purchasable","22":"product-type-simple"},"_links":{"self":[{"href":"https:\/\/grappa.no\/no\/wp-json\/wp\/v2\/product\/31102","targetHints":{"allow":["GET"]}}],"collection":[{"href":"https:\/\/grappa.no\/no\/wp-json\/wp\/v2\/product"}],"about":[{"href":"https:\/\/grappa.no\/no\/wp-json\/wp\/v2\/types\/product"}],"replies":[{"embeddable":true,"href":"https:\/\/grappa.no\/no\/wp-json\/wp\/v2\/comments?post=31102"}],"wp:featuredmedia":[{"embeddable":true,"href":"https:\/\/grappa.no\/no\/wp-json\/wp\/v2\/media\/31180"}],"wp:attachment":[{"href":"https:\/\/grappa.no\/no\/wp-json\/wp\/v2\/media?parent=31102"}],"wp:term":[{"taxonomy":"product_brand","embeddable":true,"href":"https:\/\/grappa.no\/no\/wp-json\/wp\/v2\/product_brand?post=31102"},{"taxonomy":"product_cat","embeddable":true,"href":"https:\/\/grappa.no\/no\/wp-json\/wp\/v2\/product_cat?post=31102"},{"taxonomy":"product_tag","embeddable":true,"href":"https:\/\/grappa.no\/no\/wp-json\/wp\/v2\/product_tag?post=31102"}],"curies":[{"name":"wp","href":"https:\/\/api.w.org\/{rel}","templated":true}]}}