{"id":31101,"date":"2003-09-08T00:00:00","date_gmt":"2003-09-07T23:00:00","guid":{"rendered":"http:\/\/www.grappa.no\/no\/albums\/ukategorisert\/3-way-project\/"},"modified":"2019-02-22T15:57:48","modified_gmt":"2019-02-22T14:57:48","slug":"3-way-project","status":"publish","type":"product","link":"https:\/\/grappa.no\/no\/albums\/simax-classics\/3-way-project\/","title":{"rendered":"3-Way Project"},"content":{"rendered":"<p><\/p>\n<p>Internasjonalt toppsjikt<\/p>\n<p>Et unikt kompositorisk prosjekt: De tre mest anerkjente komponistene av gitarmusikk i dag har komponert variasjonsverker over temaer de har skrevet til hverandre! Resultatet er et fantastisk sett med 6 nye stykker urfremf\u00f8rt av Stein-Erik Olsen, norsk gitarist i ypperste verdensklasse. Her er de p\u00e5 CD.<\/p>\n<p>At tre komponister g\u00e5r i gang med et prosjekt der den uttalte hensikten er at hver komponist skriver to temaer til sine kollegaer og selv lager variasjonsverker over de to temaer han har f\u00e5tt tildelt av de samme kollegaer, er s\u00e5 vidt vites f\u00f8rste gang i musikkhistorien. 3-Way Project blir ekstra spennende fordi det er de tre mest innovative komponister med hensyn til utvikling av nye spilleteknikker som er involvert. Og i s\u00e6rklasse h\u00f8rverdig er det n\u00e5r musikken klinger s\u00e5 i\u00f8refallende og lekent som tilfellet er her.<\/p>\n<p>Stein-Erik Olsen er uten sammenligning Norges mest meritterte og aktede klassiske gitarist. Siden det internasjonale gjennombruddet i 1974 har Olsens konsertkarriere brakt ham verden rundt med str\u00e5lende mottagelser. 6 plateutgivelser har han ogs\u00e5 rukket \u00e5 gj\u00f8re (alle for Simax Classics), ogs\u00e5 disse med helt spesielt gode kritikker. Vi v\u00e5ger for egen regning p\u00e5standen om at utgivelsen 3-Way Project setter en ny standard for hva som er mulig b\u00e5de musikalsk og lydteknisk (helt spesielt godt opptak, signert Arne Akselberg\/Abbey Road) p\u00e5 en plate med akustisk gitar.<\/p>\n<p><!--more--><\/p>\n<h4><\/h4>\n<\/p>\n<h4><\/h4>\n<p><h4><\/h4>\n<\/p>\n<p><\/p>","protected":false},"excerpt":{"rendered":"<p>\u2013 He is a master of his craft and a genuine artist. [Music and Musician, London]<\/p>\n","protected":false},"featured_media":31179,"comment_status":"closed","ping_status":"open","template":"","meta":[],"product_brand":[],"product_cat":[180],"product_tag":[],"class_list":{"0":"post-31101","1":"product","2":"type-product","3":"status-publish","4":"has-post-thumbnail","6":"product_cat-simax-classics","7":"product_shipping_class-cddvd-shipping","8":"uni_artist_tag-arne-akselberg","9":"uni_artist_tag-john-duarte","10":"uni_artist_tag-nikita-koshkin","11":"uni_artist_tag-stein-erik-olsen","12":"uni_artist_tag-stephan-rak","13":"uni_main_artist_tag-stein-erik-olsen","14":"uni_artist_genre-contemporary-music","15":"uni_artist_genre-solo","17":"first","18":"instock","19":"taxable","20":"shipping-taxable","21":"purchasable","22":"product-type-simple"},"_links":{"self":[{"href":"https:\/\/grappa.no\/no\/wp-json\/wp\/v2\/product\/31101","targetHints":{"allow":["GET"]}}],"collection":[{"href":"https:\/\/grappa.no\/no\/wp-json\/wp\/v2\/product"}],"about":[{"href":"https:\/\/grappa.no\/no\/wp-json\/wp\/v2\/types\/product"}],"replies":[{"embeddable":true,"href":"https:\/\/grappa.no\/no\/wp-json\/wp\/v2\/comments?post=31101"}],"wp:featuredmedia":[{"embeddable":true,"href":"https:\/\/grappa.no\/no\/wp-json\/wp\/v2\/media\/31179"}],"wp:attachment":[{"href":"https:\/\/grappa.no\/no\/wp-json\/wp\/v2\/media?parent=31101"}],"wp:term":[{"taxonomy":"product_brand","embeddable":true,"href":"https:\/\/grappa.no\/no\/wp-json\/wp\/v2\/product_brand?post=31101"},{"taxonomy":"product_cat","embeddable":true,"href":"https:\/\/grappa.no\/no\/wp-json\/wp\/v2\/product_cat?post=31101"},{"taxonomy":"product_tag","embeddable":true,"href":"https:\/\/grappa.no\/no\/wp-json\/wp\/v2\/product_tag?post=31101"}],"curies":[{"name":"wp","href":"https:\/\/api.w.org\/{rel}","templated":true}]}}