{"id":31100,"date":"2008-11-17T00:00:00","date_gmt":"2008-11-16T23:00:00","guid":{"rendered":"http:\/\/www.grappa.no\/no\/albums\/ukategorisert\/dupre-vierne\/"},"modified":"2019-02-22T15:57:12","modified_gmt":"2019-02-22T14:57:12","slug":"dupre-vierne","status":"publish","type":"product","link":"https:\/\/grappa.no\/no\/albums\/simax-classics\/dupre-vierne\/","title":{"rendered":"Dupr\u00e9 \u2013 Vierne"},"content":{"rendered":"<p><\/p>\n<p>To store skikkelser fra den franske orgelkunstens gullalder<\/p>\n<p>Tidsrommet fra 1870 til 1940 var en gullalder for orgelkunsten i Frankrike. Et stort antall organister satte gjennom sin ut\u00f8vende og skapende virksomhet sitt stempel p\u00e5 orgelkulturen for all ettertid. Louis Vierne (1870-1937) og Marcel Dupr\u00e9 (1886-1971) var fremtredende navn i denne utviklingen, og p\u00e5 denne utgivelsen h\u00f8rer vi musikken klinge fra det praktfulle orgelet i Skien kirke. <\/p>\n<p>Organum Norvegica er en serie plateutgivelser som presenterer utvalgte orgler i Norge. Instrumentene stammer fra flere \u00e5rhundrer og har p\u00e5 forskjellig vis stiltrekk fra spesielle orgelkulturer og epoker. De representerer sjelden den type orgel som i dag har betegnelsen \u00aboriginalinstrument\u00bb. Oftest er det tale om instrumenter med viktige elementer fra den orgelstil som er forbildet. P\u00e5 denne utgivelsen presenteres orgelet i Skien kirke. De eldste delene av orglet er fra 1894, \u00e5ret da kirken ble innviet. Kirkens f\u00f8rste instrument ble bygget av orgelfirmaet Olsen &amp; J\u00f8rgensen, som holdt til i Kristiania. I 1954 foretok J\u00f8rgensens orgelfabrikk en betydelig utvidelse slik at orglet fikk til sammen 70 stemmer. Det er fortsatt et av de st\u00f8rste orglene i Norge. Fremf\u00f8rt av Terje Winge.<\/p>\n<p><!--more--><\/p>\n<p>To store skikkelser fra den franske orgelkunstens gullalder<\/p>\n<p>Tidsrommet fra 1870 til 1940 var en gullalder for orgelkunsten i Frankrike. Et stort antall organister satte gjennom sin ut\u00f8vende og skapende virksomhet sitt stempel p\u00e5 orgelkulturen for all ettertid. Louis Vierne (1870-1937) og Marcel Dupr\u00e9 (1886-1971) var fremtredende navn i denne utviklingen, og p\u00e5 denne utgivelsen h\u00f8rer vi musikken klinge fra det praktfulle orgelet i Skien kirke.<\/p>\n<h4>Rivalene i Notre-Dame<\/h4>\n<p>Vierne var blant annet Dupr\u00e9s l\u00e6rer i improvisasjon, og de to n\u00e6ret lenge en gjensidig beundring og respekt for hverandre. Men i de siste 15 \u00e5rene Vierne levde var de derimot \u00e5 betrakte som rivaler, p\u00e5 grunn av en uoverensstemmelsene om hvem av de to som kunne bruke den prestisjetunge tittelen \u201dNotre-Dame-organist\u201d. <\/p>\n<p>Vierne skrev Premi\u00e8re Suite mot slutten av 1926 og urframf\u00f8rte den selv p\u00e5 en omfattende Amerika-turn\u00e9 \u00e5ret etter. Han hadde en sterk forkj\u00e6rlighet til kromatikk og dissonansbruk, og suiten inneholder flere typiske satstyper fra den symfoniske orgelstilen. Dupr\u00e9 skrev Tre preludier og fuger i 1912, og de b\u00e6rer preg av at han allerede p\u00e5 dette tidspunkt var en s\u00e6rdeles briljant og virtuos orgelspiller. Preludium og fuge i g-moll er et av de mest popul\u00e6re av Dupr\u00e9s orgelverker. I Deuxi\u00e8me symphonie (1929) har tonespr\u00e5ket endret seg betraktelig. Tonaliteten finnes fortsatt, men er svekket av harmonienes alterasjoner og dissonanser.<\/p>\n<h4>Organum Norvegica \u2013 J\u00f8rgensen-orgelet i Skien kirke<\/h4>\n<p>Organum Norvegica er en serie plateutgivelser som presenterer utvalgte orgler i Norge. Instrumentene stammer fra flere \u00e5rhundrer og har p\u00e5 forskjellig vis stiltrekk fra spesielle orgelkulturer og epoker. De representerer sjelden den type orgel som i dag har betegnelsen \u00aboriginalinstrument\u00bb. Oftest er det tale om instrumenter med viktige elementer fra den orgelstil som er forbildet. <\/p>\n<p>P\u00e5 denne utgivelsen presenteres orgelet i Skien kirke. De eldste delene av orglet er fra 1894, \u00e5ret da kirken ble innviet. Kirkens f\u00f8rste instrument ble bygget av orgelfirmaet Olsen &amp; J\u00f8rgensen, som holdt til i Kristiania. I 1954 foretok J\u00f8rgensens orgelfabrikk en betydelig utvidelse slik at orglet fikk til sammen 70 stemmer. Det er fortsatt et av de st\u00f8rste orglene i Norge.<\/p>\n<h4>Terje Winge<\/h4>\n<p>Terje Winge er f\u00f8dt i 1950 og har studert med domorganist Ludvig Nielsen, Trondheim, domkantor Arild Sandvold, Oslo, prof. dr. Jiri Reinberger, Praha og Gaston Litaize, Paris. Siden debuten i Oslo i 1970 har han bygget opp en internasjonal konsertvirksomhet med repertoar som spenner fra barokkmusikk til samtidsmusikk. I tillegg til sin konserterende virksomhet er Winge en h\u00f8yt aktet og etterspurt pedagog ved Norges musikkh\u00f8gskole.<\/p>\n<p><\/p>","protected":false},"excerpt":{"rendered":"<p>Tredje utgivelse i serien Organum Norvegica, som dokumenterer spesielt interessante orgler i Norge.<\/p>\n","protected":false},"featured_media":31113,"comment_status":"closed","ping_status":"open","template":"","meta":[],"product_brand":[],"product_cat":[180],"product_tag":[],"class_list":{"0":"post-31100","1":"product","2":"type-product","3":"status-publish","4":"has-post-thumbnail","6":"product_cat-simax-classics","7":"product_shipping_class-cddvd-shipping","8":"uni_artist_tag-geoff-miles","9":"uni_artist_tag-louis-vierne","10":"uni_artist_tag-marcel-dupre","11":"uni_artist_tag-terje-winge","12":"uni_main_artist_tag-terje-winge","13":"uni_artist_genre-classical","14":"uni_artist_genre-diapason-dor","15":"uni_artist_genre-organ","16":"uni_artist_genre-religious","18":"first","19":"instock","20":"taxable","21":"shipping-taxable","22":"purchasable","23":"product-type-simple"},"_links":{"self":[{"href":"https:\/\/grappa.no\/no\/wp-json\/wp\/v2\/product\/31100","targetHints":{"allow":["GET"]}}],"collection":[{"href":"https:\/\/grappa.no\/no\/wp-json\/wp\/v2\/product"}],"about":[{"href":"https:\/\/grappa.no\/no\/wp-json\/wp\/v2\/types\/product"}],"replies":[{"embeddable":true,"href":"https:\/\/grappa.no\/no\/wp-json\/wp\/v2\/comments?post=31100"}],"wp:featuredmedia":[{"embeddable":true,"href":"https:\/\/grappa.no\/no\/wp-json\/wp\/v2\/media\/31113"}],"wp:attachment":[{"href":"https:\/\/grappa.no\/no\/wp-json\/wp\/v2\/media?parent=31100"}],"wp:term":[{"taxonomy":"product_brand","embeddable":true,"href":"https:\/\/grappa.no\/no\/wp-json\/wp\/v2\/product_brand?post=31100"},{"taxonomy":"product_cat","embeddable":true,"href":"https:\/\/grappa.no\/no\/wp-json\/wp\/v2\/product_cat?post=31100"},{"taxonomy":"product_tag","embeddable":true,"href":"https:\/\/grappa.no\/no\/wp-json\/wp\/v2\/product_tag?post=31100"}],"curies":[{"name":"wp","href":"https:\/\/api.w.org\/{rel}","templated":true}]}}