{"id":31099,"date":"2001-10-31T00:00:00","date_gmt":"2001-10-30T23:00:00","guid":{"rendered":"http:\/\/www.grappa.no\/no\/albums\/ukategorisert\/hika\/"},"modified":"2019-02-22T15:57:03","modified_gmt":"2019-02-22T14:57:03","slug":"hika","status":"publish","type":"product","link":"https:\/\/grappa.no\/no\/albums\/simax-classics\/hika\/","title":{"rendered":"Hika"},"content":{"rendered":"<p><\/p>\n<p>Rett og slett en konseptplate!<\/p>\n<p>Trond S\u00e6verud (1962, Bergen) er en fiolinist med et enormt utrykksregister, med den spesielle kvaliteten at han makter \u00e5 b\u00e6re en frase over taktstrekene. I Einar R\u00f8ttingen (1963, Bergen) har han en medspiller som til fulle evner \u00e5 bygge opp under de lange spenn, og til sammen utfyller de hverandre perfekt. Denne duoen har i flere \u00e5r samarbeidet og er meget aktive med konsertturneer utenfor landets grenser. Ikke minst ble Harald S\u00e6verud-jubil\u00e9et i 1997 en suksessfull markering av norsk musikkliv b\u00e5de i Japan og USA.<\/p>\n<p>P\u00e5 Hika (japansk for: \u00abunder huden\u00bb og \u00abelegi\u00bb) viser S\u00e6verud og R\u00f8ttingen en felles kunstnerisk linje som binder 100 \u00e5r, fem komponister og tre kontinenter sammen. Fem veldig forskjellige verk med ett klart fellestrekk: musikken s\u00f8ker sin stemme heller i tonekvalitet enn i toneh\u00f8yder. Det betyr ikke at toneh\u00f8yder, og deres innbyrdes forhold, er uviktige i denne musikken. Det betyr at andre aspekter, for eksempel tonekvalitet og den resulterende helhetlige stemning i musikken, har h\u00f8yere rang. Det finnes jo ogs\u00e5 dem som hevder at Edvard Griegs musikk ble viktig for mange etterf\u00f8lgende komponister kanskje mer p\u00e5 tross av enn p\u00e5 grunn av bruken av norske folkemusikk. Til dette kan man kanskje tilf\u00f8ye at det veldig ofte er nettopp den stemningen folkemusikken bringer som har inspirert Grieg. Og hans mesterskap i musikalsk realisering av denne stemningen har \u00e5penbart inspirert andre komponister.<\/p>\n<p><!--more--><\/p>\n<h4><\/h4>\n<\/p>\n<h4><\/h4>\n<p><h4><\/h4>\n<\/p>\n<p><\/p>","protected":false},"excerpt":{"rendered":"<p>Her knyttes v\u00e5r egen Edvard Grieg opp til fransk, moderne japansk og amerikansk musikk, fremf\u00f8rt av Trond S\u00e6verud og Einar R\u00f8ttingen.<\/p>\n","protected":false},"featured_media":31178,"comment_status":"closed","ping_status":"open","template":"","meta":[],"product_brand":[],"product_cat":[180],"product_tag":[],"class_list":{"0":"post-31099","1":"product","2":"type-product","3":"status-publish","4":"has-post-thumbnail","6":"product_cat-simax-classics","7":"product_shipping_class-cddvd-shipping","8":"uni_artist_tag-claude-debussy","9":"uni_artist_tag-edvard-grieg","10":"uni_artist_tag-einar-rottingen","11":"uni_artist_tag-george-crumb","12":"uni_artist_tag-morten-lindberg","13":"uni_artist_tag-olivier-messiaen","14":"uni_artist_tag-toru-takemitsu","15":"uni_artist_tag-trond-saeverud","16":"uni_main_artist_tag-trond-saeverud","17":"uni_artist_genre-chamber-music","18":"uni_artist_genre-strings","20":"first","21":"instock","22":"taxable","23":"shipping-taxable","24":"purchasable","25":"product-type-simple"},"_links":{"self":[{"href":"https:\/\/grappa.no\/no\/wp-json\/wp\/v2\/product\/31099","targetHints":{"allow":["GET"]}}],"collection":[{"href":"https:\/\/grappa.no\/no\/wp-json\/wp\/v2\/product"}],"about":[{"href":"https:\/\/grappa.no\/no\/wp-json\/wp\/v2\/types\/product"}],"replies":[{"embeddable":true,"href":"https:\/\/grappa.no\/no\/wp-json\/wp\/v2\/comments?post=31099"}],"wp:featuredmedia":[{"embeddable":true,"href":"https:\/\/grappa.no\/no\/wp-json\/wp\/v2\/media\/31178"}],"wp:attachment":[{"href":"https:\/\/grappa.no\/no\/wp-json\/wp\/v2\/media?parent=31099"}],"wp:term":[{"taxonomy":"product_brand","embeddable":true,"href":"https:\/\/grappa.no\/no\/wp-json\/wp\/v2\/product_brand?post=31099"},{"taxonomy":"product_cat","embeddable":true,"href":"https:\/\/grappa.no\/no\/wp-json\/wp\/v2\/product_cat?post=31099"},{"taxonomy":"product_tag","embeddable":true,"href":"https:\/\/grappa.no\/no\/wp-json\/wp\/v2\/product_tag?post=31099"}],"curies":[{"name":"wp","href":"https:\/\/api.w.org\/{rel}","templated":true}]}}