{"id":31098,"date":"2003-10-13T00:00:00","date_gmt":"2003-10-12T23:00:00","guid":{"rendered":"http:\/\/www.grappa.no\/no\/albums\/ukategorisert\/scratch-sisu\/"},"modified":"2019-02-22T15:56:59","modified_gmt":"2019-02-22T14:56:59","slug":"scratch-sisu","status":"publish","type":"product","link":"https:\/\/grappa.no\/no\/albums\/simax-classics\/scratch-sisu\/","title":{"rendered":"Scratch SISU"},"content":{"rendered":"<p><\/p>\n<p>Scratch!<\/p>\n<p>Begrepet sisu var noe alle som gikk p\u00e5 ski i Norge p\u00e5 1960-tallet vokste opp med. Sisu var innbegrepet p\u00e5 det \u00e5 holde ut, det \u00e5 yte noe ekstra. Sisu var seigt som trer\u00f8tter, det var utholdende som fjellet, det var amorft som frosne fossefall, og det var alts\u00e5 finsk \u2026 trodde vi, helt til SISU oppsto som slagverksensemble p\u00e5 1990-tallet. SISU var fortsatt krafttfullt og utholdende, men ble ogs\u00e5 estetisk, ekstatisk og ekstraordin\u00e6rt.<\/p>\n<p>SISU slagverkstrio oppsto i milj\u00f8et rundt Norges musikkh\u00f8gskole. I l\u00f8pet av ensemblets ti \u00e5r har i alt seks musikere v\u00e6rt med i SISU, musikere som i dag er spredd rundt i landet, og som videref\u00f8rer \u2018The SISU Experience\u2019 til dalstr\u00f8k b\u00e5de innenfor og utenfor folkeskikken. SISU spiller p\u00e5 b\u00e5ter og i gymsaler, og det blir rapportert om deres opptredener i andre land fra begeistrede tilh\u00f8rere. Og her debuterer SISU p\u00e5 Simax Classics med en plate som heller ikke er direkte mainstream&#8230;<\/p>\n<p><!--more--><\/p>\n<h4><\/h4>\n<\/p>\n<h4><\/h4>\n<p><h4><\/h4>\n<\/p>\n<p><\/p>","protected":false},"excerpt":{"rendered":"<p>SISU spiller p\u00e5 b\u00e5ter og i gymsaler, og det blir rapportert om deres opptredener i andre land fra begeistrede tilh\u00f8rere. Her debuterer SISU p\u00e5 Simax Classics med en plate som heller ikke er direkte mainstream&#8230;<\/p>\n","protected":false},"featured_media":31177,"comment_status":"closed","ping_status":"open","template":"","meta":[],"product_brand":[],"product_cat":[180],"product_tag":[],"class_list":{"0":"post-31098","1":"product","2":"type-product","3":"status-publish","4":"has-post-thumbnail","6":"product_cat-simax-classics","7":"product_shipping_class-cddvd-shipping","8":"uni_artist_tag-henrik-hellstenius","9":"uni_artist_tag-kjell-samkopf","10":"uni_artist_tag-rob-waring","11":"uni_artist_tag-rolf-wallin","12":"uni_artist_tag-sisu","13":"uni_artist_tag-tomas-nilsson","14":"uni_main_artist_tag-sisu","15":"uni_artist_genre-chamber-music","16":"uni_artist_genre-contemporary-music","17":"uni_artist_genre-percussion","19":"first","20":"instock","21":"taxable","22":"shipping-taxable","23":"purchasable","24":"product-type-simple"},"_links":{"self":[{"href":"https:\/\/grappa.no\/no\/wp-json\/wp\/v2\/product\/31098","targetHints":{"allow":["GET"]}}],"collection":[{"href":"https:\/\/grappa.no\/no\/wp-json\/wp\/v2\/product"}],"about":[{"href":"https:\/\/grappa.no\/no\/wp-json\/wp\/v2\/types\/product"}],"replies":[{"embeddable":true,"href":"https:\/\/grappa.no\/no\/wp-json\/wp\/v2\/comments?post=31098"}],"wp:featuredmedia":[{"embeddable":true,"href":"https:\/\/grappa.no\/no\/wp-json\/wp\/v2\/media\/31177"}],"wp:attachment":[{"href":"https:\/\/grappa.no\/no\/wp-json\/wp\/v2\/media?parent=31098"}],"wp:term":[{"taxonomy":"product_brand","embeddable":true,"href":"https:\/\/grappa.no\/no\/wp-json\/wp\/v2\/product_brand?post=31098"},{"taxonomy":"product_cat","embeddable":true,"href":"https:\/\/grappa.no\/no\/wp-json\/wp\/v2\/product_cat?post=31098"},{"taxonomy":"product_tag","embeddable":true,"href":"https:\/\/grappa.no\/no\/wp-json\/wp\/v2\/product_tag?post=31098"}],"curies":[{"name":"wp","href":"https:\/\/api.w.org\/{rel}","templated":true}]}}