{"id":31097,"date":"2000-03-23T00:00:00","date_gmt":"2000-03-22T23:00:00","guid":{"rendered":"http:\/\/www.grappa.no\/no\/albums\/ukategorisert\/navigations\/"},"modified":"2019-02-22T15:53:19","modified_gmt":"2019-02-22T14:53:19","slug":"navigations","status":"publish","type":"product","link":"https:\/\/grappa.no\/no\/albums\/simax-classics\/navigations\/","title":{"rendered":"Navigations"},"content":{"rendered":"<p><\/p>\n<p>To kvinner og et univers av musikk<\/p>\n<p>Kyberia navigerer oss inn i det nye millenniet og deres kompass er ikke styrt av magnetisme, men heller kreative linker og et heterogent ut\u00f8vende felt. De er musikere og designere og arkitekter i en artistisk cross-over. De navigerer i et uutforsket omr\u00e5de av ny musikk i det kontempor\u00e6re norske landskapet. <\/p>\n<p>Kyberia er et musikkmedia-konsept fremf\u00f8rt, regissert og produsert av Tanja Orning (cello), Victoria Johnson (fiolin) og Randy Nayler (digital koreografi). De har bestilt korte verker av 17 unge norske komponister i krysningen mellom improvisasjon, rock, jazz og moderne klassisk musikk. Kyberia inviterer deg til \u00e5 navigere med dem, gjennom deres konserter og deres musikk.<\/p>\n<p><!--more--><\/p>\n<h4><\/h4>\n<\/p>\n<h4><\/h4>\n<p><h4><\/h4>\n<\/p>\n<p><\/p>","protected":false},"excerpt":{"rendered":"<p>Kyberia fremf\u00f8rer 17 korte verker av unge norske komponister i krysningen mellom improvisasjon, rock, jazz og moderne klassisk musikk.<\/p>\n","protected":false},"featured_media":31175,"comment_status":"closed","ping_status":"open","template":"","meta":[],"product_brand":[],"product_cat":[180],"product_tag":[],"class_list":{"0":"post-31097","1":"product","2":"type-product","3":"status-publish","4":"has-post-thumbnail","6":"product_cat-simax-classics","7":"product_shipping_class-cddvd-shipping","8":"uni_artist_tag-eivind-buene","9":"uni_artist_tag-gisle-kverndokk","10":"uni_artist_tag-henrik-hellstenius","11":"uni_artist_tag-jon-oivind-ness","12":"uni_artist_tag-jorn-pedersen","13":"uni_artist_tag-kaare-dyvik-husby","14":"uni_artist_tag-kyberia","15":"uni_artist_tag-lene-grenager","16":"uni_artist_tag-maja-s-k-ratkje","17":"uni_artist_tag-nils-henrik-asheim","18":"uni_artist_tag-olav-anton-thommessen","19":"uni_artist_tag-pal-jackman","20":"uni_artist_tag-ragnhild-berstad","21":"uni_artist_tag-staffan-william-olsson","22":"uni_artist_tag-tanja-orning","23":"uni_artist_tag-terje-rypdal","24":"uni_artist_tag-victoria-johnson","25":"uni_main_artist_tag-kyberia","26":"uni_artist_genre-avantgarde","28":"first","29":"instock","30":"taxable","31":"shipping-taxable","32":"purchasable","33":"product-type-simple"},"_links":{"self":[{"href":"https:\/\/grappa.no\/no\/wp-json\/wp\/v2\/product\/31097","targetHints":{"allow":["GET"]}}],"collection":[{"href":"https:\/\/grappa.no\/no\/wp-json\/wp\/v2\/product"}],"about":[{"href":"https:\/\/grappa.no\/no\/wp-json\/wp\/v2\/types\/product"}],"replies":[{"embeddable":true,"href":"https:\/\/grappa.no\/no\/wp-json\/wp\/v2\/comments?post=31097"}],"wp:featuredmedia":[{"embeddable":true,"href":"https:\/\/grappa.no\/no\/wp-json\/wp\/v2\/media\/31175"}],"wp:attachment":[{"href":"https:\/\/grappa.no\/no\/wp-json\/wp\/v2\/media?parent=31097"}],"wp:term":[{"taxonomy":"product_brand","embeddable":true,"href":"https:\/\/grappa.no\/no\/wp-json\/wp\/v2\/product_brand?post=31097"},{"taxonomy":"product_cat","embeddable":true,"href":"https:\/\/grappa.no\/no\/wp-json\/wp\/v2\/product_cat?post=31097"},{"taxonomy":"product_tag","embeddable":true,"href":"https:\/\/grappa.no\/no\/wp-json\/wp\/v2\/product_tag?post=31097"}],"curies":[{"name":"wp","href":"https:\/\/api.w.org\/{rel}","templated":true}]}}